{"id":74,"date":"2014-02-21T17:12:31","date_gmt":"2014-02-21T17:12:31","guid":{"rendered":"http:\/\/jumalpa.com\/?page_id=74"},"modified":"2022-05-25T14:48:10","modified_gmt":"2022-05-25T14:48:10","slug":"educando","status":"publish","type":"page","link":"https:\/\/jumalpa.com\/?page_id=74","title":{"rendered":"Funny Dogs"},"content":{"rendered":"<p>&nbsp;<\/p>\n<p><strong>Desde hace ya casi 13 a\u00f1os, me dedico tambi\u00e9n a la Formaci\u00f3n y a la Educaci\u00f3n Canina, dando clases en mi Escuela FUNNY DOGS, teniendo un Club Deportivo y\u00a0 y realizando Charlas, Exhibiciones y Competiciones.<\/strong><\/p>\n<p><strong>Practico diferentes Especialidades Deportivas como es la Obediencia Deportiva, Habilidades Caninas y el Dog Dance.<br \/>\n<\/strong><\/p>\n<p>Esta es la Web de mi Escuela <a href=\"https:\/\/funnydogs.es\/\" target=\"_blank\" rel=\"noopener\"><strong><em>FUNNY DOGS<\/em><\/strong><\/a><\/p>\n<p>Y tambi\u00e9n tengo una Escuela de formaci\u00f3n Online con Clases y Cursos. Esta es la Web <a href=\"http:\/\/www.funnydogstraining.com\" target=\"_blank\" rel=\"noopener\"><strong><em>FUNNY DOGS TRAINING<\/em><\/strong><\/a><\/p>\n<p>Y tambi\u00e9n tengo un Canal de <strong><em><a href=\"https:\/\/www.youtube.com\/channel\/UC8pFw1JPzjp9l090VB-ln6Q\" target=\"_blank\" rel=\"noopener\">YOUTUBE<\/a> <\/em><\/strong>donde muestro lo que voy haciendo tanto en mis clases y entrenamientos, como dando consejos de educaci\u00f3n y entrenamiento canino.<\/p>\n<p><strong>Puededes ver algunos videos aqu\u00ed<\/strong><\/p>\n<p><iframe src=\"https:\/\/www.youtube.com\/embed\/LxuR3hH0yDQ\" width=\"830\" height=\"480\" frameborder=\"0\" allowfullscreen=\"allowfullscreen\"><\/iframe><\/p>\n","protected":false},"excerpt":{"rendered":"<p>Nos dedicamos a Formaci\u00f3n y a la Educaci\u00f3n Canina y al Adiestramiento, practicando diferentes especialidades como es la Obediencia Deportiva, Habilidades Caninas, Dog Dance y Disc Dog, sobre todo con nuestra Border Collie MAGIA, nuestra Dalmata SENDA, y ahora tambien con nuestra futura promesa de Malinois, KEYWA.<\/p>\n","protected":false},"author":1,"featured_media":2394,"parent":0,"menu_order":0,"comment_status":"open","ping_status":"closed","template":"","meta":{"footnotes":""},"class_list":["post-74","page","type-page","status-publish","has-post-thumbnail","hentry"],"featured_media_urls":{"thumbnail":["https:\/\/jumalpa.com\/wp-content\/uploads\/2022\/05\/FUNNY-DOGS_-PARA-FONDO-BLANCO-1-150x150.png",150,150,true],"medium":["https:\/\/jumalpa.com\/wp-content\/uploads\/2022\/05\/FUNNY-DOGS_-PARA-FONDO-BLANCO-1-300x91.png",300,91,true],"medium_large":["https:\/\/jumalpa.com\/wp-content\/uploads\/2022\/05\/FUNNY-DOGS_-PARA-FONDO-BLANCO-1-768x232.png",768,232,true],"large":["https:\/\/jumalpa.com\/wp-content\/uploads\/2022\/05\/FUNNY-DOGS_-PARA-FONDO-BLANCO-1-1024x309.png",950,287,true],"1536x1536":["https:\/\/jumalpa.com\/wp-content\/uploads\/2022\/05\/FUNNY-DOGS_-PARA-FONDO-BLANCO-1-1536x463.png",1536,463,true],"2048x2048":["https:\/\/jumalpa.com\/wp-content\/uploads\/2022\/05\/FUNNY-DOGS_-PARA-FONDO-BLANCO-1-2048x618.png",2048,618,true],"inspiro-featured-image":["https:\/\/jumalpa.com\/wp-content\/uploads\/2022\/05\/FUNNY-DOGS_-PARA-FONDO-BLANCO-1-2000x603.png",2000,603,true],"inspiro-loop":["https:\/\/jumalpa.com\/wp-content\/uploads\/2022\/05\/FUNNY-DOGS_-PARA-FONDO-BLANCO-1-950x320.png",950,320,true],"inspiro-loop@2x":["https:\/\/jumalpa.com\/wp-content\/uploads\/2022\/05\/FUNNY-DOGS_-PARA-FONDO-BLANCO-1-1900x640.png",1900,640,true],"portfolio_item-thumbnail":["https:\/\/jumalpa.com\/wp-content\/uploads\/2022\/05\/FUNNY-DOGS_-PARA-FONDO-BLANCO-1-600x400.png",600,400,true],"portfolio_item-thumbnail@2x":["https:\/\/jumalpa.com\/wp-content\/uploads\/2022\/05\/FUNNY-DOGS_-PARA-FONDO-BLANCO-1-1200x800.png",1200,800,true],"portfolio_item-masonry":["https:\/\/jumalpa.com\/wp-content\/uploads\/2022\/05\/FUNNY-DOGS_-PARA-FONDO-BLANCO-1-600x181.png",600,181,true],"portfolio_item-masonry@2x":["https:\/\/jumalpa.com\/wp-content\/uploads\/2022\/05\/FUNNY-DOGS_-PARA-FONDO-BLANCO-1-1200x362.png",1200,362,true],"portfolio_item-thumbnail_cinema":["https:\/\/jumalpa.com\/wp-content\/uploads\/2022\/05\/FUNNY-DOGS_-PARA-FONDO-BLANCO-1-800x335.png",800,335,true],"portfolio_item-thumbnail_portrait":["https:\/\/jumalpa.com\/wp-content\/uploads\/2022\/05\/FUNNY-DOGS_-PARA-FONDO-BLANCO-1-600x900.png",600,900,true],"portfolio_item-thumbnail_portrait@2x":["https:\/\/jumalpa.com\/wp-content\/uploads\/2022\/05\/FUNNY-DOGS_-PARA-FONDO-BLANCO-1-1200x1341.png",1200,1341,true],"portfolio_item-thumbnail_square":["https:\/\/jumalpa.com\/wp-content\/uploads\/2022\/05\/FUNNY-DOGS_-PARA-FONDO-BLANCO-1-800x800.png",800,800,true]},"_links":{"self":[{"href":"https:\/\/jumalpa.com\/index.php?rest_route=\/wp\/v2\/pages\/74","targetHints":{"allow":["GET"]}}],"collection":[{"href":"https:\/\/jumalpa.com\/index.php?rest_route=\/wp\/v2\/pages"}],"about":[{"href":"https:\/\/jumalpa.com\/index.php?rest_route=\/wp\/v2\/types\/page"}],"author":[{"embeddable":true,"href":"https:\/\/jumalpa.com\/index.php?rest_route=\/wp\/v2\/users\/1"}],"replies":[{"embeddable":true,"href":"https:\/\/jumalpa.com\/index.php?rest_route=%2Fwp%2Fv2%2Fcomments&post=74"}],"version-history":[{"count":25,"href":"https:\/\/jumalpa.com\/index.php?rest_route=\/wp\/v2\/pages\/74\/revisions"}],"predecessor-version":[{"id":2396,"href":"https:\/\/jumalpa.com\/index.php?rest_route=\/wp\/v2\/pages\/74\/revisions\/2396"}],"wp:featuredmedia":[{"embeddable":true,"href":"https:\/\/jumalpa.com\/index.php?rest_route=\/wp\/v2\/media\/2394"}],"wp:attachment":[{"href":"https:\/\/jumalpa.com\/index.php?rest_route=%2Fwp%2Fv2%2Fmedia&parent=74"}],"curies":[{"name":"wp","href":"https:\/\/api.w.org\/{rel}","templated":true}]}}