{"id":38,"date":"2014-02-12T22:22:53","date_gmt":"2014-02-12T22:22:53","guid":{"rendered":"http:\/\/jumalpa.com\/?page_id=38"},"modified":"2024-08-16T15:27:51","modified_gmt":"2024-08-16T15:27:51","slug":"camadas","status":"publish","type":"page","link":"https:\/\/jumalpa.com\/?page_id=38","title":{"rendered":"Camadas"},"content":{"rendered":"<p><strong>Pr\u00f3xima Camada de BORDER COLLIE para principios del 2025<\/p>\n<p>JUMALPA NA&#8217;VI x ???? (en breve)<br \/>\n<\/strong>Lista de reservas abierta<\/p>\n<p>&nbsp;<\/p>\n<p>&nbsp;<\/p>\n<h2><em><strong>Condiciones de entrega de nuestros cachorros<\/strong><\/em><\/h2>\n<p><strong>1. Con m\u00ednimo 8 semanas de vida.<\/strong><br \/>\n<strong> 2. Con sus dos primeras vacunas y desparasitado.<\/strong><br \/>\n<strong> 3. Microchip de Identificaci\u00f3n, s\u00f3lo para darlo de alta a nombre del nuevo propietario.<\/strong><br \/>\n<strong> 4. Pasaporte Europeo.<\/strong><br \/>\n<strong> 5. Con un programa de Estimulaci\u00f3n Neurol\u00f3gica Temprana, realizado desde el 2\u00ba d\u00eda de vida del cachorro.<\/strong><br \/>\n<strong> 6. Con el adecuado Trabajo de Socializaci\u00f3n desde la 3\u00aa Semana de vida, hasta que se vaya a su nuevo hogar.<\/strong><br \/>\n<strong> 7. Selecci\u00f3n adecuada para cada caso particular, Exposiciones, Deporte o Compa\u00f1\u00eda.<\/strong><br \/>\n<strong> 8. Justificante de inscripci\u00f3n en el LOE, (Libro de Or\u00edgenes Espa\u00f1ol de la Real Sociedad Canina de Espa\u00f1a).<\/strong><br \/>\n<strong> 9. Pruebas:<\/strong><br \/>\n<strong> &#8211; Border Collie: Copia de los resultados de las Pruebas\u00a0 Gen\u00e9ticas propias de la Raza e informe de las Radiograf\u00edas de Caderas y Codos de los padres.<br \/>\n<\/strong><strong>&#8211; Malinois: Informe de las Radiograf\u00edas de Caderas y Codos de los padres.<br \/>\n10. Copia del Pedigree de los padres y de sus T\u00edtulos.<\/strong><br \/>\n<strong> 11. Contrato de cesi\u00f3n en el que se detallan la responsabilidad que asumimos ante enfermedades infecciosas y hereditarias.<\/strong><br \/>\n<strong> 12. Un manual de consejos para los Cuidados y Educaci\u00f3n del Cachorro.<\/strong><br \/>\n<strong> 13. \u00a1 Pack de Regalitos sorpresa !<\/strong><br \/>\n<strong> 14. Asesoramiento de por vida del perro.<\/strong><\/p>\n<p>&nbsp;<\/p>\n<h2><strong>CAMADAS ANTERIORES<\/strong><\/h2>\n<p><strong><a href=\"https:\/\/jumalpa.com\/?page_id=2518\">CAMADAS BORDER COLLIES<\/a><\/strong><\/p>\n<p><strong><a href=\"https:\/\/jumalpa.com\/?page_id=2520\">CAMADA MALINOIS<\/a>\u00a0<\/strong><\/p>\n<p><strong><a href=\"https:\/\/jumalpa.com\/?page_id=2514\">CAMADAS DALMATAS<\/a><\/strong><\/p>\n<p><strong><a href=\"https:\/\/jumalpa.com\/?page_id=2516\">CAMADAS DOGOS ALEMANES<\/a><\/strong><\/p>\n<p>&nbsp;<\/p>\n","protected":false},"excerpt":{"rendered":"<p>Entra y ver\u00e1s toda la informaci\u00f3n de nuestra pr\u00f3xima Camada F de D\u00e1lmatas.<br \/>\nCachorros final de a\u00f1o !!!<br \/>\nSe esperan de manchas negras.<br \/>\nLista de Reservas abierta !!!<\/p>\n","protected":false},"author":1,"featured_media":2295,"parent":0,"menu_order":0,"comment_status":"open","ping_status":"open","template":"","meta":{"footnotes":""},"class_list":["post-38","page","type-page","status-publish","has-post-thumbnail","hentry"],"featured_media_urls":{"thumbnail":["https:\/\/jumalpa.com\/wp-content\/uploads\/2020\/03\/Cachorros-1s-2-150x150.jpg",150,150,true],"medium":["https:\/\/jumalpa.com\/wp-content\/uploads\/2020\/03\/Cachorros-1s-2-300x155.jpg",300,155,true],"medium_large":["https:\/\/jumalpa.com\/wp-content\/uploads\/2020\/03\/Cachorros-1s-2-768x398.jpg",768,398,true],"large":["https:\/\/jumalpa.com\/wp-content\/uploads\/2020\/03\/Cachorros-1s-2-1024x530.jpg",950,492,true],"1536x1536":["https:\/\/jumalpa.com\/wp-content\/uploads\/2020\/03\/Cachorros-1s-2-1536x796.jpg",1536,796,true],"2048x2048":["https:\/\/jumalpa.com\/wp-content\/uploads\/2020\/03\/Cachorros-1s-2-2048x1061.jpg",2048,1061,true],"inspiro-featured-image":["https:\/\/jumalpa.com\/wp-content\/uploads\/2020\/03\/Cachorros-1s-2-scaled-2000x1036.jpg",2000,1036,true],"inspiro-loop":["https:\/\/jumalpa.com\/wp-content\/uploads\/2020\/03\/Cachorros-1s-2-scaled-950x320.jpg",950,320,true],"inspiro-loop@2x":["https:\/\/jumalpa.com\/wp-content\/uploads\/2020\/03\/Cachorros-1s-2-scaled-1900x640.jpg",1900,640,true],"portfolio_item-thumbnail":["https:\/\/jumalpa.com\/wp-content\/uploads\/2020\/03\/Cachorros-1s-2-scaled-600x400.jpg",600,400,true],"portfolio_item-thumbnail@2x":["https:\/\/jumalpa.com\/wp-content\/uploads\/2020\/03\/Cachorros-1s-2-scaled-1200x800.jpg",1200,800,true],"portfolio_item-masonry":["https:\/\/jumalpa.com\/wp-content\/uploads\/2020\/03\/Cachorros-1s-2-scaled-600x311.jpg",600,311,true],"portfolio_item-masonry@2x":["https:\/\/jumalpa.com\/wp-content\/uploads\/2020\/03\/Cachorros-1s-2-scaled-1200x622.jpg",1200,622,true],"portfolio_item-thumbnail_cinema":["https:\/\/jumalpa.com\/wp-content\/uploads\/2020\/03\/Cachorros-1s-2-scaled-800x335.jpg",800,335,true],"portfolio_item-thumbnail_portrait":["https:\/\/jumalpa.com\/wp-content\/uploads\/2020\/03\/Cachorros-1s-2-scaled-600x900.jpg",600,900,true],"portfolio_item-thumbnail_portrait@2x":["https:\/\/jumalpa.com\/wp-content\/uploads\/2020\/03\/Cachorros-1s-2-scaled-1200x1326.jpg",1200,1326,true],"portfolio_item-thumbnail_square":["https:\/\/jumalpa.com\/wp-content\/uploads\/2020\/03\/Cachorros-1s-2-scaled-800x800.jpg",800,800,true]},"_links":{"self":[{"href":"https:\/\/jumalpa.com\/index.php?rest_route=\/wp\/v2\/pages\/38","targetHints":{"allow":["GET"]}}],"collection":[{"href":"https:\/\/jumalpa.com\/index.php?rest_route=\/wp\/v2\/pages"}],"about":[{"href":"https:\/\/jumalpa.com\/index.php?rest_route=\/wp\/v2\/types\/page"}],"author":[{"embeddable":true,"href":"https:\/\/jumalpa.com\/index.php?rest_route=\/wp\/v2\/users\/1"}],"replies":[{"embeddable":true,"href":"https:\/\/jumalpa.com\/index.php?rest_route=%2Fwp%2Fv2%2Fcomments&post=38"}],"version-history":[{"count":162,"href":"https:\/\/jumalpa.com\/index.php?rest_route=\/wp\/v2\/pages\/38\/revisions"}],"predecessor-version":[{"id":2818,"href":"https:\/\/jumalpa.com\/index.php?rest_route=\/wp\/v2\/pages\/38\/revisions\/2818"}],"wp:featuredmedia":[{"embeddable":true,"href":"https:\/\/jumalpa.com\/index.php?rest_route=\/wp\/v2\/media\/2295"}],"wp:attachment":[{"href":"https:\/\/jumalpa.com\/index.php?rest_route=%2Fwp%2Fv2%2Fmedia&parent=38"}],"curies":[{"name":"wp","href":"https:\/\/api.w.org\/{rel}","templated":true}]}}