{"id":2789,"date":"2024-08-16T15:01:59","date_gmt":"2024-08-16T15:01:59","guid":{"rendered":"https:\/\/jumalpa.com\/?page_id=2789"},"modified":"2024-08-16T15:25:28","modified_gmt":"2024-08-16T15:25:28","slug":"kiri","status":"publish","type":"page","link":"https:\/\/jumalpa.com\/?page_id=2789","title":{"rendered":"KIRI"},"content":{"rendered":"<h2>Jumalpa WHET\u00dc KIRI<\/h2>\n<p>Estrella de Esperanza<\/p>\n<p><strong>Nacida el 14 de Junio del 2023<\/strong><br \/>\n<strong>JUMALPA NA&#8217;VI x AIRLAND DANCES WITH WOLVES<br \/>\n<em>LOE: 2681924<br \/>\n<\/em>Tricolor<\/strong><\/p>\n<div class=\"cxmmr5t8 oygrvhab hcukyx3x c1et5uql o9v6fnle ii04i59q\">\n<div dir=\"auto\"><strong>Pendiente de resultados de MyDogDNA<\/strong><\/div>\n<\/div>\n<div class=\"cxmmr5t8 oygrvhab hcukyx3x c1et5uql o9v6fnle ii04i59q\">\n<div dir=\"auto\"><\/div>\n<\/div>\n<p><strong>DISPLAXIA DE CADERAS Y CODOS:<\/strong><br \/>\n\u2013 Displaxia de Caderas:<br \/>\n\u2013 Codos:<\/p>\n<p><strong>COLORES<\/strong><br \/>\n<strong>Pendiente de saber los colores que porta<\/strong><\/p>\n<p><em><strong>Genealog\u00eda madre <a href=\"http:\/\/db.bordercollie.ru\/details.php?id=110731\" target=\"_blank\" rel=\"noopener\">AQU\u00cd<\/a><br \/>\nGenealog\u00eda padre <a href=\"http:\/\/db.bordercollie.ru\/details.php?id=110731\" target=\"_blank\" rel=\"noopener\">AQU\u00cd<\/a><br \/>\n<\/strong><\/em><\/p>\n<p>Practica Obediencia Deportiva, habiendo competido en Clase Debutante con 10 meses y obteniendo Excelente.<br \/>\nTambi\u00e9n entrena Habilidades y Dog Dance.<\/p>\n<div id='gallery-1' class='gallery galleryid-2789 gallery-columns-4 gallery-size-thumbnail'><figure class='gallery-item'>\n\t\t\t<div class='gallery-icon portrait'>\n\t\t\t\t<a href='https:\/\/jumalpa.com\/wp-content\/uploads\/2024\/08\/20230703_202531-scaled-e1723820874680.jpg'><img decoding=\"async\" width=\"150\" height=\"150\" src=\"https:\/\/jumalpa.com\/wp-content\/uploads\/2024\/08\/20230703_202531-scaled-e1723820874680-150x150.jpg\" class=\"attachment-thumbnail size-thumbnail\" alt=\"\" srcset=\"https:\/\/jumalpa.com\/wp-content\/uploads\/2024\/08\/20230703_202531-scaled-e1723820874680-150x150.jpg 150w, https:\/\/jumalpa.com\/wp-content\/uploads\/2024\/08\/20230703_202531-scaled-e1723820874680-800x800.jpg 800w\" sizes=\"100vw\" \/><\/a>\n\t\t\t<\/div><\/figure><figure class='gallery-item'>\n\t\t\t<div class='gallery-icon portrait'>\n\t\t\t\t<a href='https:\/\/jumalpa.com\/wp-content\/uploads\/2024\/08\/20230810_102205-scaled-e1723820453307.jpg'><img decoding=\"async\" width=\"150\" height=\"150\" src=\"https:\/\/jumalpa.com\/wp-content\/uploads\/2024\/08\/20230810_102205-scaled-e1723820453307-150x150.jpg\" class=\"attachment-thumbnail size-thumbnail\" alt=\"\" srcset=\"https:\/\/jumalpa.com\/wp-content\/uploads\/2024\/08\/20230810_102205-scaled-e1723820453307-150x150.jpg 150w, https:\/\/jumalpa.com\/wp-content\/uploads\/2024\/08\/20230810_102205-scaled-e1723820453307-800x800.jpg 800w\" sizes=\"100vw\" \/><\/a>\n\t\t\t<\/div><\/figure><figure class='gallery-item'>\n\t\t\t<div class='gallery-icon portrait'>\n\t\t\t\t<a href='https:\/\/jumalpa.com\/wp-content\/uploads\/2024\/08\/20230827_124347-scaled-e1723820808524.jpg'><img decoding=\"async\" width=\"150\" height=\"150\" src=\"https:\/\/jumalpa.com\/wp-content\/uploads\/2024\/08\/20230827_124347-scaled-e1723820808524-150x150.jpg\" class=\"attachment-thumbnail size-thumbnail\" alt=\"\" srcset=\"https:\/\/jumalpa.com\/wp-content\/uploads\/2024\/08\/20230827_124347-scaled-e1723820808524-150x150.jpg 150w, https:\/\/jumalpa.com\/wp-content\/uploads\/2024\/08\/20230827_124347-scaled-e1723820808524-800x800.jpg 800w\" sizes=\"100vw\" \/><\/a>\n\t\t\t<\/div><\/figure><figure class='gallery-item'>\n\t\t\t<div class='gallery-icon portrait'>\n\t\t\t\t<a href='https:\/\/jumalpa.com\/wp-content\/uploads\/2024\/08\/ConKiri0923-1.jpg'><img loading=\"lazy\" decoding=\"async\" width=\"150\" height=\"150\" src=\"https:\/\/jumalpa.com\/wp-content\/uploads\/2024\/08\/ConKiri0923-1-150x150.jpg\" class=\"attachment-thumbnail size-thumbnail\" alt=\"\" sizes=\"100vw\" \/><\/a>\n\t\t\t<\/div><\/figure><figure class='gallery-item'>\n\t\t\t<div class='gallery-icon landscape'>\n\t\t\t\t<a href='https:\/\/jumalpa.com\/wp-content\/uploads\/2024\/08\/IMG_4793-scaled-e1723821174530.jpg'><img loading=\"lazy\" decoding=\"async\" width=\"150\" height=\"150\" src=\"https:\/\/jumalpa.com\/wp-content\/uploads\/2024\/08\/IMG_4793-150x150.jpg\" class=\"attachment-thumbnail size-thumbnail\" alt=\"\" sizes=\"100vw\" \/><\/a>\n\t\t\t<\/div><\/figure><figure class='gallery-item'>\n\t\t\t<div class='gallery-icon portrait'>\n\t\t\t\t<a href='https:\/\/jumalpa.com\/wp-content\/uploads\/2024\/08\/20230917_102827-scaled-e1723820771921.jpg'><img loading=\"lazy\" decoding=\"async\" width=\"150\" height=\"150\" src=\"https:\/\/jumalpa.com\/wp-content\/uploads\/2024\/08\/20230917_102827-scaled-e1723820771921-150x150.jpg\" class=\"attachment-thumbnail size-thumbnail\" alt=\"\" srcset=\"https:\/\/jumalpa.com\/wp-content\/uploads\/2024\/08\/20230917_102827-scaled-e1723820771921-150x150.jpg 150w, https:\/\/jumalpa.com\/wp-content\/uploads\/2024\/08\/20230917_102827-scaled-e1723820771921-800x800.jpg 800w\" sizes=\"100vw\" \/><\/a>\n\t\t\t<\/div><\/figure><figure class='gallery-item'>\n\t\t\t<div class='gallery-icon portrait'>\n\t\t\t\t<a href='https:\/\/jumalpa.com\/wp-content\/uploads\/2024\/08\/20230921_130016-scaled-e1723820734763.jpg'><img loading=\"lazy\" decoding=\"async\" width=\"150\" height=\"150\" src=\"https:\/\/jumalpa.com\/wp-content\/uploads\/2024\/08\/20230921_130016-scaled-e1723820734763-150x150.jpg\" class=\"attachment-thumbnail size-thumbnail\" alt=\"\" srcset=\"https:\/\/jumalpa.com\/wp-content\/uploads\/2024\/08\/20230921_130016-scaled-e1723820734763-150x150.jpg 150w, https:\/\/jumalpa.com\/wp-content\/uploads\/2024\/08\/20230921_130016-scaled-e1723820734763-800x800.jpg 800w\" sizes=\"100vw\" \/><\/a>\n\t\t\t<\/div><\/figure><figure class='gallery-item'>\n\t\t\t<div class='gallery-icon landscape'>\n\t\t\t\t<a href='https:\/\/jumalpa.com\/wp-content\/uploads\/2024\/08\/IMG_4907-scaled.jpg'><img loading=\"lazy\" decoding=\"async\" width=\"150\" height=\"150\" src=\"https:\/\/jumalpa.com\/wp-content\/uploads\/2024\/08\/IMG_4907-150x150.jpg\" class=\"attachment-thumbnail size-thumbnail\" alt=\"\" sizes=\"100vw\" \/><\/a>\n\t\t\t<\/div><\/figure><figure class='gallery-item'>\n\t\t\t<div class='gallery-icon portrait'>\n\t\t\t\t<a href='https:\/\/jumalpa.com\/wp-content\/uploads\/2024\/08\/IMG_4895-scaled-e1723821213915.jpg'><img loading=\"lazy\" decoding=\"async\" width=\"150\" height=\"150\" src=\"https:\/\/jumalpa.com\/wp-content\/uploads\/2024\/08\/IMG_4895-scaled-e1723821213915-150x150.jpg\" class=\"attachment-thumbnail size-thumbnail\" alt=\"\" srcset=\"https:\/\/jumalpa.com\/wp-content\/uploads\/2024\/08\/IMG_4895-scaled-e1723821213915-150x150.jpg 150w, https:\/\/jumalpa.com\/wp-content\/uploads\/2024\/08\/IMG_4895-scaled-e1723821213915-800x800.jpg 800w\" sizes=\"100vw\" \/><\/a>\n\t\t\t<\/div><\/figure><figure class='gallery-item'>\n\t\t\t<div class='gallery-icon portrait'>\n\t\t\t\t<a href='https:\/\/jumalpa.com\/wp-content\/uploads\/2024\/08\/20230923_115315-scaled-e1723820687941.jpg'><img loading=\"lazy\" decoding=\"async\" width=\"150\" height=\"150\" src=\"https:\/\/jumalpa.com\/wp-content\/uploads\/2024\/08\/20230923_115315-scaled-e1723820687941-150x150.jpg\" class=\"attachment-thumbnail size-thumbnail\" alt=\"\" srcset=\"https:\/\/jumalpa.com\/wp-content\/uploads\/2024\/08\/20230923_115315-scaled-e1723820687941-150x150.jpg 150w, https:\/\/jumalpa.com\/wp-content\/uploads\/2024\/08\/20230923_115315-scaled-e1723820687941-800x800.jpg 800w\" sizes=\"100vw\" \/><\/a>\n\t\t\t<\/div><\/figure><figure class='gallery-item'>\n\t\t\t<div class='gallery-icon portrait'>\n\t\t\t\t<a href='https:\/\/jumalpa.com\/wp-content\/uploads\/2024\/08\/20231011_162557-scaled-e1723820623194.jpg'><img loading=\"lazy\" decoding=\"async\" width=\"150\" height=\"150\" src=\"https:\/\/jumalpa.com\/wp-content\/uploads\/2024\/08\/20231011_162557-scaled-e1723820623194-150x150.jpg\" class=\"attachment-thumbnail size-thumbnail\" alt=\"\" srcset=\"https:\/\/jumalpa.com\/wp-content\/uploads\/2024\/08\/20231011_162557-scaled-e1723820623194-150x150.jpg 150w, https:\/\/jumalpa.com\/wp-content\/uploads\/2024\/08\/20231011_162557-scaled-e1723820623194-800x800.jpg 800w\" sizes=\"100vw\" \/><\/a>\n\t\t\t<\/div><\/figure><figure class='gallery-item'>\n\t\t\t<div class='gallery-icon landscape'>\n\t\t\t\t<a href='https:\/\/jumalpa.com\/wp-content\/uploads\/2024\/08\/Perrisnieve022417-scaled.jpg'><img loading=\"lazy\" decoding=\"async\" width=\"150\" height=\"150\" src=\"https:\/\/jumalpa.com\/wp-content\/uploads\/2024\/08\/Perrisnieve022417-150x150.jpg\" class=\"attachment-thumbnail size-thumbnail\" alt=\"\" sizes=\"100vw\" \/><\/a>\n\t\t\t<\/div><\/figure><figure class='gallery-item'>\n\t\t\t<div class='gallery-icon landscape'>\n\t\t\t\t<a href='https:\/\/jumalpa.com\/wp-content\/uploads\/2024\/08\/PerrisKiri10233-scaled-e1723820578456.jpg'><img loading=\"lazy\" decoding=\"async\" width=\"150\" height=\"150\" src=\"https:\/\/jumalpa.com\/wp-content\/uploads\/2024\/08\/PerrisKiri10233-scaled-e1723820578456-150x150.jpg\" class=\"attachment-thumbnail size-thumbnail\" alt=\"\" srcset=\"https:\/\/jumalpa.com\/wp-content\/uploads\/2024\/08\/PerrisKiri10233-scaled-e1723820578456-150x150.jpg 150w, https:\/\/jumalpa.com\/wp-content\/uploads\/2024\/08\/PerrisKiri10233-scaled-e1723820578456-800x800.jpg 800w\" sizes=\"100vw\" \/><\/a>\n\t\t\t<\/div><\/figure><figure class='gallery-item'>\n\t\t\t<div class='gallery-icon portrait'>\n\t\t\t\t<a href='https:\/\/jumalpa.com\/wp-content\/uploads\/2024\/08\/20240127_131819-scaled-e1723821599279.jpg'><img loading=\"lazy\" decoding=\"async\" width=\"150\" height=\"150\" src=\"https:\/\/jumalpa.com\/wp-content\/uploads\/2024\/08\/20240127_131819-scaled-e1723821599279-150x150.jpg\" class=\"attachment-thumbnail size-thumbnail\" alt=\"\" srcset=\"https:\/\/jumalpa.com\/wp-content\/uploads\/2024\/08\/20240127_131819-scaled-e1723821599279-150x150.jpg 150w, https:\/\/jumalpa.com\/wp-content\/uploads\/2024\/08\/20240127_131819-scaled-e1723821599279-800x800.jpg 800w\" sizes=\"100vw\" \/><\/a>\n\t\t\t<\/div><\/figure><figure class='gallery-item'>\n\t\t\t<div class='gallery-icon portrait'>\n\t\t\t\t<a href='https:\/\/jumalpa.com\/wp-content\/uploads\/2024\/08\/20240402_125715-scaled-e1723821654424.jpg'><img loading=\"lazy\" decoding=\"async\" width=\"150\" height=\"150\" src=\"https:\/\/jumalpa.com\/wp-content\/uploads\/2024\/08\/20240402_125715-scaled-e1723821654424-150x150.jpg\" class=\"attachment-thumbnail size-thumbnail\" alt=\"\" srcset=\"https:\/\/jumalpa.com\/wp-content\/uploads\/2024\/08\/20240402_125715-scaled-e1723821654424-150x150.jpg 150w, https:\/\/jumalpa.com\/wp-content\/uploads\/2024\/08\/20240402_125715-scaled-e1723821654424-800x800.jpg 800w\" sizes=\"100vw\" \/><\/a>\n\t\t\t<\/div><\/figure><figure class='gallery-item'>\n\t\t\t<div class='gallery-icon portrait'>\n\t\t\t\t<a href='https:\/\/jumalpa.com\/wp-content\/uploads\/2024\/08\/20240614_200914-scaled-e1723821693743.jpg'><img loading=\"lazy\" decoding=\"async\" width=\"150\" height=\"150\" src=\"https:\/\/jumalpa.com\/wp-content\/uploads\/2024\/08\/20240614_200914-scaled-e1723821693743-150x150.jpg\" class=\"attachment-thumbnail size-thumbnail\" alt=\"\" srcset=\"https:\/\/jumalpa.com\/wp-content\/uploads\/2024\/08\/20240614_200914-scaled-e1723821693743-150x150.jpg 150w, https:\/\/jumalpa.com\/wp-content\/uploads\/2024\/08\/20240614_200914-scaled-e1723821693743-800x800.jpg 800w\" sizes=\"100vw\" \/><\/a>\n\t\t\t<\/div><\/figure><figure class='gallery-item'>\n\t\t\t<div class='gallery-icon portrait'>\n\t\t\t\t<a href='https:\/\/jumalpa.com\/wp-content\/uploads\/2024\/08\/20240615_085936-scaled-e1723821728168.jpg'><img loading=\"lazy\" decoding=\"async\" width=\"150\" height=\"150\" src=\"https:\/\/jumalpa.com\/wp-content\/uploads\/2024\/08\/20240615_085936-scaled-e1723821728168-150x150.jpg\" class=\"attachment-thumbnail size-thumbnail\" alt=\"\" srcset=\"https:\/\/jumalpa.com\/wp-content\/uploads\/2024\/08\/20240615_085936-scaled-e1723821728168-150x150.jpg 150w, https:\/\/jumalpa.com\/wp-content\/uploads\/2024\/08\/20240615_085936-scaled-e1723821728168-300x300.jpg 300w, https:\/\/jumalpa.com\/wp-content\/uploads\/2024\/08\/20240615_085936-scaled-e1723821728168-1024x1024.jpg 1024w, https:\/\/jumalpa.com\/wp-content\/uploads\/2024\/08\/20240615_085936-scaled-e1723821728168-768x769.jpg 768w, https:\/\/jumalpa.com\/wp-content\/uploads\/2024\/08\/20240615_085936-scaled-e1723821728168-600x600.jpg 600w, https:\/\/jumalpa.com\/wp-content\/uploads\/2024\/08\/20240615_085936-scaled-e1723821728168-1200x1201.jpg 1200w, https:\/\/jumalpa.com\/wp-content\/uploads\/2024\/08\/20240615_085936-scaled-e1723821728168-800x800.jpg 800w, https:\/\/jumalpa.com\/wp-content\/uploads\/2024\/08\/20240615_085936-scaled-e1723821728168.jpg 1441w\" sizes=\"100vw\" \/><\/a>\n\t\t\t<\/div><\/figure><figure class='gallery-item'>\n\t\t\t<div class='gallery-icon portrait'>\n\t\t\t\t<a href='https:\/\/jumalpa.com\/wp-content\/uploads\/2024\/08\/Kiri-Clase-Debut-ADF-04241-scaled.jpg'><img loading=\"lazy\" decoding=\"async\" width=\"150\" height=\"150\" src=\"https:\/\/jumalpa.com\/wp-content\/uploads\/2024\/08\/Kiri-Clase-Debut-ADF-04241-150x150.jpg\" class=\"attachment-thumbnail size-thumbnail\" alt=\"\" sizes=\"100vw\" \/><\/a>\n\t\t\t<\/div><\/figure><figure class='gallery-item'>\n\t\t\t<div class='gallery-icon landscape'>\n\t\t\t\t<a href='https:\/\/jumalpa.com\/wp-content\/uploads\/2024\/08\/Kiri-Clase-Debut-ADF-04243-scaled-e1723821774838.jpg'><img loading=\"lazy\" decoding=\"async\" width=\"150\" height=\"150\" src=\"https:\/\/jumalpa.com\/wp-content\/uploads\/2024\/08\/Kiri-Clase-Debut-ADF-04243-scaled-e1723821774838-150x150.jpg\" class=\"attachment-thumbnail size-thumbnail\" alt=\"\" srcset=\"https:\/\/jumalpa.com\/wp-content\/uploads\/2024\/08\/Kiri-Clase-Debut-ADF-04243-scaled-e1723821774838-150x150.jpg 150w, https:\/\/jumalpa.com\/wp-content\/uploads\/2024\/08\/Kiri-Clase-Debut-ADF-04243-scaled-e1723821774838-800x800.jpg 800w\" sizes=\"100vw\" \/><\/a>\n\t\t\t<\/div><\/figure>\n\t\t<\/div>\n\n","protected":false},"excerpt":{"rendered":"<p>Jumalpa WHET\u00dc KIRI Estrella de Esperanza Nacida el 14 de Junio del 2023 JUMALPA NA&#8217;VI x AIRLAND DANCES WITH WOLVES LOE: 2681924 Tricolor Pendiente de resultados de MyDogDNA DISPLAXIA DE CADERAS Y CODOS: \u2013 Displaxia de Caderas: \u2013 Codos: COLORES Pendiente de saber los colores que porta Genealog\u00eda madre AQU\u00cd Genealog\u00eda padre AQU\u00cd Practica Obediencia &hellip; <\/p>\n<p class=\"link-more\"><a href=\"https:\/\/jumalpa.com\/?page_id=2789\" class=\"more-link\">Leer m\u00e1s<span class=\"screen-reader-text\"> \u00abKIRI\u00bb<\/span><\/a><\/p>\n","protected":false},"author":1,"featured_media":2792,"parent":33,"menu_order":0,"comment_status":"closed","ping_status":"closed","template":"","meta":{"footnotes":""},"class_list":["post-2789","page","type-page","status-publish","has-post-thumbnail","hentry"],"featured_media_urls":{"thumbnail":["https:\/\/jumalpa.com\/wp-content\/uploads\/2024\/08\/20230810_102207-scaled-e1723820835629-150x150.jpg",150,150,true],"medium":["https:\/\/jumalpa.com\/wp-content\/uploads\/2024\/08\/20230810_102207-scaled-e1723820835629-240x300.jpg",240,300,true],"medium_large":["https:\/\/jumalpa.com\/wp-content\/uploads\/2024\/08\/20230810_102207-scaled-e1723820835629-768x959.jpg",768,959,true],"large":["https:\/\/jumalpa.com\/wp-content\/uploads\/2024\/08\/20230810_102207-scaled-e1723820835629-820x1024.jpg",820,1024,true],"1536x1536":["https:\/\/jumalpa.com\/wp-content\/uploads\/2024\/08\/20230810_102207-scaled-e1723820835629-1230x1536.jpg",1230,1536,true],"2048x2048":["https:\/\/jumalpa.com\/wp-content\/uploads\/2024\/08\/20230810_102207-scaled-e1723820835629.jpg",1441,1800,false],"inspiro-featured-image":["https:\/\/jumalpa.com\/wp-content\/uploads\/2024\/08\/20230810_102207-2000x3552.jpg",2000,3552,true],"inspiro-loop":["https:\/\/jumalpa.com\/wp-content\/uploads\/2024\/08\/20230810_102207-scaled-e1723820835629-950x320.jpg",950,320,true],"inspiro-loop@2x":["https:\/\/jumalpa.com\/wp-content\/uploads\/2024\/08\/20230810_102207-scaled-e1723820835629-1441x640.jpg",1441,640,true],"portfolio_item-thumbnail":["https:\/\/jumalpa.com\/wp-content\/uploads\/2024\/08\/20230810_102207-scaled-e1723820835629-600x400.jpg",600,400,true],"portfolio_item-thumbnail@2x":["https:\/\/jumalpa.com\/wp-content\/uploads\/2024\/08\/20230810_102207-scaled-e1723820835629-1200x800.jpg",1200,800,true],"portfolio_item-masonry":["https:\/\/jumalpa.com\/wp-content\/uploads\/2024\/08\/20230810_102207-scaled-e1723820835629-600x749.jpg",600,749,true],"portfolio_item-masonry@2x":["https:\/\/jumalpa.com\/wp-content\/uploads\/2024\/08\/20230810_102207-scaled-e1723820835629-1200x1499.jpg",1200,1499,true],"portfolio_item-thumbnail_cinema":["https:\/\/jumalpa.com\/wp-content\/uploads\/2024\/08\/20230810_102207-scaled-e1723820835629-800x335.jpg",800,335,true],"portfolio_item-thumbnail_portrait":["https:\/\/jumalpa.com\/wp-content\/uploads\/2024\/08\/20230810_102207-scaled-e1723820835629-600x900.jpg",600,900,true],"portfolio_item-thumbnail_portrait@2x":["https:\/\/jumalpa.com\/wp-content\/uploads\/2024\/08\/20230810_102207-scaled-e1723820835629-1200x1800.jpg",1200,1800,true],"portfolio_item-thumbnail_square":["https:\/\/jumalpa.com\/wp-content\/uploads\/2024\/08\/20230810_102207-scaled-e1723820835629-800x800.jpg",800,800,true]},"_links":{"self":[{"href":"https:\/\/jumalpa.com\/index.php?rest_route=\/wp\/v2\/pages\/2789","targetHints":{"allow":["GET"]}}],"collection":[{"href":"https:\/\/jumalpa.com\/index.php?rest_route=\/wp\/v2\/pages"}],"about":[{"href":"https:\/\/jumalpa.com\/index.php?rest_route=\/wp\/v2\/types\/page"}],"author":[{"embeddable":true,"href":"https:\/\/jumalpa.com\/index.php?rest_route=\/wp\/v2\/users\/1"}],"replies":[{"embeddable":true,"href":"https:\/\/jumalpa.com\/index.php?rest_route=%2Fwp%2Fv2%2Fcomments&post=2789"}],"version-history":[{"count":3,"href":"https:\/\/jumalpa.com\/index.php?rest_route=\/wp\/v2\/pages\/2789\/revisions"}],"predecessor-version":[{"id":2817,"href":"https:\/\/jumalpa.com\/index.php?rest_route=\/wp\/v2\/pages\/2789\/revisions\/2817"}],"up":[{"embeddable":true,"href":"https:\/\/jumalpa.com\/index.php?rest_route=\/wp\/v2\/pages\/33"}],"wp:featuredmedia":[{"embeddable":true,"href":"https:\/\/jumalpa.com\/index.php?rest_route=\/wp\/v2\/media\/2792"}],"wp:attachment":[{"href":"https:\/\/jumalpa.com\/index.php?rest_route=%2Fwp%2Fv2%2Fmedia&parent=2789"}],"curies":[{"name":"wp","href":"https:\/\/api.w.org\/{rel}","templated":true}]}}