{"id":2696,"date":"2023-10-23T18:53:52","date_gmt":"2023-10-23T18:53:52","guid":{"rendered":"http:\/\/jumalpa.com\/?page_id=2696"},"modified":"2024-03-11T16:47:28","modified_gmt":"2024-03-11T16:47:28","slug":"camada-6-border-collie","status":"publish","type":"page","link":"https:\/\/jumalpa.com\/?page_id=2696","title":{"rendered":"Camada 6 Border Collie"},"content":{"rendered":"<h2 style=\"text-align: center;\"><strong>NOMBRES DE CULTURA MAOR\u00cd<br \/>\n<\/strong><\/h2>\n<h3 style=\"text-align: center;\"><strong><em>\u00a0NA&#8217;VI x\u00a0 MUSTANG<br \/>\nJumalpa Na&#8217;vi x Airland Dance With Wolves<\/em><br \/>\n<\/strong><\/h3>\n<p><a href=\"https:\/\/jumalpa.com\/wp-content\/uploads\/2023\/10\/20230625_204656-scaled.jpg\"><img fetchpriority=\"high\" decoding=\"async\" class=\"alignleft wp-image-2701 size-large\" src=\"https:\/\/jumalpa.com\/wp-content\/uploads\/2023\/10\/20230625_204656-1024x577.jpg\" alt=\"\" width=\"950\" height=\"535\" srcset=\"https:\/\/jumalpa.com\/wp-content\/uploads\/2023\/10\/20230625_204656-1024x577.jpg 1024w, https:\/\/jumalpa.com\/wp-content\/uploads\/2023\/10\/20230625_204656-300x169.jpg 300w, https:\/\/jumalpa.com\/wp-content\/uploads\/2023\/10\/20230625_204656-768x432.jpg 768w, https:\/\/jumalpa.com\/wp-content\/uploads\/2023\/10\/20230625_204656-1536x865.jpg 1536w, https:\/\/jumalpa.com\/wp-content\/uploads\/2023\/10\/20230625_204656-2048x1153.jpg 2048w, https:\/\/jumalpa.com\/wp-content\/uploads\/2023\/10\/20230625_204656-2000x1126.jpg 2000w, https:\/\/jumalpa.com\/wp-content\/uploads\/2023\/10\/20230625_204656-600x338.jpg 600w, https:\/\/jumalpa.com\/wp-content\/uploads\/2023\/10\/20230625_204656-1200x676.jpg 1200w\" sizes=\"(max-width: 950px) 100vw, 950px\" \/><\/a><\/p>\n<h4><\/h4>\n<p>&nbsp;<\/p>\n<h4><\/h4>\n<h4><\/h4>\n<h4><\/h4>\n<h4 style=\"text-align: center;\"><strong>Nacidos el 17 de Junio del 2023<br \/>\n<\/strong><\/h4>\n<p style=\"text-align: center;\"><span style=\"color: #333333;\">5 Hembras y 2 Machos<\/span><\/p>\n<p><strong>Estos son<\/strong><br \/>\n&#8211; JUMALPA MOANA MULAN &#8211; Hembra Blanca y Negra<br \/>\n&#8211; JUMALPA MERE WINGY &#8211; Hembra Blanca y Negra<br \/>\n&#8211; JUMALPA\u00a0 WHETU KIRI &#8211; Hembra Tricolor<br \/>\n&#8211; JUMALPA NGAIO MOANA &#8211; Hembra Blue<br \/>\n&#8211; JUMALPA MARAMA MAIA &#8211; Hembra Chocolate<br \/>\n&#8211; JUMALPA AKENEHI MOON &#8211; Macho Tricolor<br \/>\n&#8211; JUMALPA KORA &#8211; Macho Blanco y Negro<\/p>\n<p>&nbsp;<\/p>\n<p><span style=\"color: #333333;\">Puedes ver m\u00e1s fotos en los siguientes enlaces:<\/span><\/p>\n<p><strong><em><a href=\"https:\/\/www.facebook.com\/media\/set\/?set=a.711367411001132&amp;type=3\" target=\"_blank\" rel=\"noopener noreferrer\">1\u00aa SEMANA<\/a> &#8211; <a href=\"https:\/\/www.facebook.com\/media\/set\/?set=a.712997847504755&amp;type=3\" target=\"_blank\" rel=\"noopener noreferrer\">1\u00aa SEMANA INDIVIDUALES<\/a> &#8211; <a href=\"https:\/\/www.facebook.com\/media\/set\/?set=a.634000422071165&amp;type=3\" target=\"_blank\" rel=\"noopener noreferrer\">4\u00aa SEMANA<\/a> &#8211; <a href=\"https:\/\/www.facebook.com\/media\/set\/?set=a.641967897941084&amp;type=3\" target=\"_blank\" rel=\"noopener noreferrer\">6\u00aa SEMANA<\/a> &#8211; <a href=\"https:\/\/www.facebook.com\/media\/set\/?set=a.747333147404558&amp;type=3\" target=\"_blank\" rel=\"noopener\"> 8\u00aa SEMANA<\/a><\/em><\/strong><\/p>\n<p><b><i>\u00a0<\/i><\/b><\/p>\n<p><span style=\"color: #333333;\">Tambi\u00e9n puedes ver como fue su d\u00eda a d\u00eda en las Historias de<\/span>\u00a0<strong><a href=\"https:\/\/www.instagram.com\/mjfunnydogsjumalpa\/\" target=\"_blank\" rel=\"noopener\">INSTAGRAM<\/a><\/strong><\/p>\n<p><span style=\"color: #333333;\">Y aqu\u00ed puedes ver tambi\u00e9n el Programa de Manipulaciones que les realizo desde que nacen<br \/>\n<strong><a href=\"https:\/\/www.instagram.com\/p\/CoPuuliOHEb\/\" target=\"_blank\" rel=\"noopener\">1\u00aaMES<\/a> &#8211; <a href=\"https:\/\/www.instagram.com\/p\/CvXjP1loMEE\/\" target=\"_blank\" rel=\"noopener\">6\u00ba SEMANAS<\/a> &#8211; <a href=\"https:\/\/www.instagram.com\/p\/CwKIEZoIHj6\/\" target=\"_blank\" rel=\"noopener\">TEST APTITUD CACHORROS 8 SEM.<\/a><\/strong><\/span><\/p>\n<h2><\/h2>\n<h2><strong>PADRES DE LA CAMADA<\/strong><\/h2>\n<h3><em><strong>JUMALPA NA&#8217;VI<br \/>\n<\/strong><\/em><strong>(Borderpaps Cadbury Show x Jumalpa Suite)<\/strong><br \/>\n<em><strong>Nacida el 8-03-2020<br \/>\nNegro Tricolor<\/strong><\/em><\/h3>\n<h4><em>RRC <strong>0176591<\/strong><\/em><\/h4>\n<p><em>Libre de todas las enfermedades (210) por MyDogDNA<br \/>\nPortadora de EAOD<br \/>\nHD A\/A &#8211; Codos ED 0\/0<br \/>\nPortadora de Tricolor, Diluido y Chocolate<\/em><\/p>\n<p>&nbsp;<\/p>\n<p><strong><em>Realiza Habilidades Caninas y Dog Dance para competici\u00f3n.\u00a0<\/em><\/strong><\/p>\n<div id='gallery-1' class='gallery galleryid-2696 gallery-columns-4 gallery-size-thumbnail'><figure class='gallery-item'>\n\t\t\t<div class='gallery-icon landscape'>\n\t\t\t\t<a href='https:\/\/jumalpa.com\/wp-content\/uploads\/2022\/05\/Jumalpa-Navi-3s-2-scaled.jpg'><img decoding=\"async\" width=\"150\" height=\"150\" src=\"https:\/\/jumalpa.com\/wp-content\/uploads\/2022\/05\/Jumalpa-Navi-3s-2-150x150.jpg\" class=\"attachment-thumbnail size-thumbnail\" alt=\"\" sizes=\"100vw\" \/><\/a>\n\t\t\t<\/div><\/figure><figure class='gallery-item'>\n\t\t\t<div class='gallery-icon landscape'>\n\t\t\t\t<a href='https:\/\/jumalpa.com\/wp-content\/uploads\/2022\/05\/Cachorros-Navi-4s-1-scaled.jpg'><img decoding=\"async\" width=\"150\" height=\"150\" src=\"https:\/\/jumalpa.com\/wp-content\/uploads\/2022\/05\/Cachorros-Navi-4s-1-150x150.jpg\" class=\"attachment-thumbnail size-thumbnail\" alt=\"\" sizes=\"100vw\" \/><\/a>\n\t\t\t<\/div><\/figure><figure class='gallery-item'>\n\t\t\t<div class='gallery-icon landscape'>\n\t\t\t\t<a href='https:\/\/jumalpa.com\/wp-content\/uploads\/2022\/05\/Cachorros-Navi-8s3-scaled.jpg'><img loading=\"lazy\" decoding=\"async\" width=\"150\" height=\"150\" src=\"https:\/\/jumalpa.com\/wp-content\/uploads\/2022\/05\/Cachorros-Navi-8s3-150x150.jpg\" class=\"attachment-thumbnail size-thumbnail\" alt=\"\" sizes=\"100vw\" \/><\/a>\n\t\t\t<\/div><\/figure><figure class='gallery-item'>\n\t\t\t<div class='gallery-icon landscape'>\n\t\t\t\t<a href='https:\/\/jumalpa.com\/wp-content\/uploads\/2022\/05\/Cachorros-Navi-8s1-scaled.jpg'><img loading=\"lazy\" decoding=\"async\" width=\"150\" height=\"150\" src=\"https:\/\/jumalpa.com\/wp-content\/uploads\/2022\/05\/Cachorros-Navi-8s1-150x150.jpg\" class=\"attachment-thumbnail size-thumbnail\" alt=\"\" sizes=\"100vw\" \/><\/a>\n\t\t\t<\/div><\/figure><figure class='gallery-item'>\n\t\t\t<div class='gallery-icon landscape'>\n\t\t\t\t<a href='https:\/\/jumalpa.com\/wp-content\/uploads\/2022\/05\/IMG_1799-scaled.jpg'><img loading=\"lazy\" decoding=\"async\" width=\"150\" height=\"150\" src=\"https:\/\/jumalpa.com\/wp-content\/uploads\/2022\/05\/IMG_1799-150x150.jpg\" class=\"attachment-thumbnail size-thumbnail\" alt=\"\" sizes=\"100vw\" \/><\/a>\n\t\t\t<\/div><\/figure><figure class='gallery-item'>\n\t\t\t<div class='gallery-icon landscape'>\n\t\t\t\t<a href='https:\/\/jumalpa.com\/wp-content\/uploads\/2022\/05\/Naviplaya0820-1-scaled.jpg'><img loading=\"lazy\" decoding=\"async\" width=\"150\" height=\"150\" src=\"https:\/\/jumalpa.com\/wp-content\/uploads\/2022\/05\/Naviplaya0820-1-150x150.jpg\" class=\"attachment-thumbnail size-thumbnail\" alt=\"\" sizes=\"100vw\" \/><\/a>\n\t\t\t<\/div><\/figure><figure class='gallery-item'>\n\t\t\t<div class='gallery-icon portrait'>\n\t\t\t\t<a href='https:\/\/jumalpa.com\/wp-content\/uploads\/2022\/05\/Naviplaya0820-2-scaled.jpg'><img loading=\"lazy\" decoding=\"async\" width=\"150\" height=\"150\" src=\"https:\/\/jumalpa.com\/wp-content\/uploads\/2022\/05\/Naviplaya0820-2-150x150.jpg\" class=\"attachment-thumbnail size-thumbnail\" alt=\"\" sizes=\"100vw\" \/><\/a>\n\t\t\t<\/div><\/figure><figure class='gallery-item'>\n\t\t\t<div class='gallery-icon landscape'>\n\t\t\t\t<a href='https:\/\/jumalpa.com\/wp-content\/uploads\/2022\/05\/EntrenoNavi0920-1.jpg'><img loading=\"lazy\" decoding=\"async\" width=\"150\" height=\"150\" src=\"https:\/\/jumalpa.com\/wp-content\/uploads\/2022\/05\/EntrenoNavi0920-1-150x150.jpg\" class=\"attachment-thumbnail size-thumbnail\" alt=\"\" sizes=\"100vw\" \/><\/a>\n\t\t\t<\/div><\/figure><figure class='gallery-item'>\n\t\t\t<div class='gallery-icon landscape'>\n\t\t\t\t<a href='https:\/\/jumalpa.com\/wp-content\/uploads\/2022\/05\/Perris-Entrenando-0921-14-scaled.jpg'><img loading=\"lazy\" decoding=\"async\" width=\"150\" height=\"150\" src=\"https:\/\/jumalpa.com\/wp-content\/uploads\/2022\/05\/Perris-Entrenando-0921-14-150x150.jpg\" class=\"attachment-thumbnail size-thumbnail\" alt=\"\" sizes=\"100vw\" \/><\/a>\n\t\t\t<\/div><\/figure><figure class='gallery-item'>\n\t\t\t<div class='gallery-icon landscape'>\n\t\t\t\t<a href='https:\/\/jumalpa.com\/wp-content\/uploads\/2022\/05\/Perris-Entrenando-0921-15-scaled.jpg'><img loading=\"lazy\" decoding=\"async\" width=\"150\" height=\"150\" src=\"https:\/\/jumalpa.com\/wp-content\/uploads\/2022\/05\/Perris-Entrenando-0921-15-150x150.jpg\" class=\"attachment-thumbnail size-thumbnail\" alt=\"\" sizes=\"100vw\" \/><\/a>\n\t\t\t<\/div><\/figure><figure class='gallery-item'>\n\t\t\t<div class='gallery-icon portrait'>\n\t\t\t\t<a href='https:\/\/jumalpa.com\/wp-content\/uploads\/2022\/05\/EntrenoNavi0920-8b-scaled.jpg'><img loading=\"lazy\" decoding=\"async\" width=\"150\" height=\"150\" src=\"https:\/\/jumalpa.com\/wp-content\/uploads\/2022\/05\/EntrenoNavi0920-8b-150x150.jpg\" class=\"attachment-thumbnail size-thumbnail\" alt=\"\" sizes=\"100vw\" \/><\/a>\n\t\t\t<\/div><\/figure><figure class='gallery-item'>\n\t\t\t<div class='gallery-icon landscape'>\n\t\t\t\t<a href='https:\/\/jumalpa.com\/wp-content\/uploads\/2022\/05\/EntrenoNavi0920-10-scaled.jpg'><img loading=\"lazy\" decoding=\"async\" width=\"150\" height=\"150\" src=\"https:\/\/jumalpa.com\/wp-content\/uploads\/2022\/05\/EntrenoNavi0920-10-150x150.jpg\" class=\"attachment-thumbnail size-thumbnail\" alt=\"\" sizes=\"100vw\" \/><\/a>\n\t\t\t<\/div><\/figure><figure class='gallery-item'>\n\t\t\t<div class='gallery-icon landscape'>\n\t\t\t\t<a href='https:\/\/jumalpa.com\/wp-content\/uploads\/2022\/05\/Navi-paseo-Oct-1021-scaled.jpg'><img loading=\"lazy\" decoding=\"async\" width=\"150\" height=\"150\" src=\"https:\/\/jumalpa.com\/wp-content\/uploads\/2022\/05\/Navi-paseo-Oct-1021-150x150.jpg\" class=\"attachment-thumbnail size-thumbnail\" alt=\"\" sizes=\"100vw\" \/><\/a>\n\t\t\t<\/div><\/figure><figure class='gallery-item'>\n\t\t\t<div class='gallery-icon landscape'>\n\t\t\t\t<a href='https:\/\/jumalpa.com\/wp-content\/uploads\/2022\/05\/Perris-Otono-1121-12-scaled.jpg'><img loading=\"lazy\" decoding=\"async\" width=\"150\" height=\"150\" src=\"https:\/\/jumalpa.com\/wp-content\/uploads\/2022\/05\/Perris-Otono-1121-12-150x150.jpg\" class=\"attachment-thumbnail size-thumbnail\" alt=\"\" sizes=\"100vw\" \/><\/a>\n\t\t\t<\/div><\/figure><figure class='gallery-item'>\n\t\t\t<div class='gallery-icon landscape'>\n\t\t\t\t<a href='https:\/\/jumalpa.com\/wp-content\/uploads\/2022\/05\/Navi-paseo-Oct-1021-3-scaled.jpg'><img loading=\"lazy\" decoding=\"async\" width=\"150\" height=\"150\" src=\"https:\/\/jumalpa.com\/wp-content\/uploads\/2022\/05\/Navi-paseo-Oct-1021-3-150x150.jpg\" class=\"attachment-thumbnail size-thumbnail\" alt=\"\" sizes=\"100vw\" \/><\/a>\n\t\t\t<\/div><\/figure><figure class='gallery-item'>\n\t\t\t<div class='gallery-icon landscape'>\n\t\t\t\t<a href='https:\/\/jumalpa.com\/wp-content\/uploads\/2023\/10\/Navi09234.jpg'><img loading=\"lazy\" decoding=\"async\" width=\"150\" height=\"150\" src=\"https:\/\/jumalpa.com\/wp-content\/uploads\/2023\/10\/Navi09234-150x150.jpg\" class=\"attachment-thumbnail size-thumbnail\" alt=\"\" srcset=\"https:\/\/jumalpa.com\/wp-content\/uploads\/2023\/10\/Navi09234-150x150.jpg 150w, https:\/\/jumalpa.com\/wp-content\/uploads\/2023\/10\/Navi09234-800x800.jpg 800w\" sizes=\"100vw\" \/><\/a>\n\t\t\t<\/div><\/figure><figure class='gallery-item'>\n\t\t\t<div class='gallery-icon landscape'>\n\t\t\t\t<a href='https:\/\/jumalpa.com\/wp-content\/uploads\/2023\/10\/Navi09231.jpg'><img loading=\"lazy\" decoding=\"async\" width=\"150\" height=\"150\" src=\"https:\/\/jumalpa.com\/wp-content\/uploads\/2023\/10\/Navi09231-150x150.jpg\" class=\"attachment-thumbnail size-thumbnail\" alt=\"\" srcset=\"https:\/\/jumalpa.com\/wp-content\/uploads\/2023\/10\/Navi09231-150x150.jpg 150w, https:\/\/jumalpa.com\/wp-content\/uploads\/2023\/10\/Navi09231-800x800.jpg 800w\" sizes=\"100vw\" \/><\/a>\n\t\t\t<\/div><\/figure><figure class='gallery-item'>\n\t\t\t<div class='gallery-icon landscape'>\n\t\t\t\t<a href='https:\/\/jumalpa.com\/wp-content\/uploads\/2023\/10\/Navi09232.jpg'><img loading=\"lazy\" decoding=\"async\" width=\"150\" height=\"150\" src=\"https:\/\/jumalpa.com\/wp-content\/uploads\/2023\/10\/Navi09232-150x150.jpg\" class=\"attachment-thumbnail size-thumbnail\" alt=\"\" srcset=\"https:\/\/jumalpa.com\/wp-content\/uploads\/2023\/10\/Navi09232-150x150.jpg 150w, https:\/\/jumalpa.com\/wp-content\/uploads\/2023\/10\/Navi09232-800x800.jpg 800w\" sizes=\"100vw\" \/><\/a>\n\t\t\t<\/div><\/figure><figure class='gallery-item'>\n\t\t\t<div class='gallery-icon landscape'>\n\t\t\t\t<a href='https:\/\/jumalpa.com\/wp-content\/uploads\/2023\/10\/Navi09235.jpg'><img loading=\"lazy\" decoding=\"async\" width=\"150\" height=\"150\" src=\"https:\/\/jumalpa.com\/wp-content\/uploads\/2023\/10\/Navi09235-150x150.jpg\" class=\"attachment-thumbnail size-thumbnail\" alt=\"\" srcset=\"https:\/\/jumalpa.com\/wp-content\/uploads\/2023\/10\/Navi09235-150x150.jpg 150w, https:\/\/jumalpa.com\/wp-content\/uploads\/2023\/10\/Navi09235-800x800.jpg 800w\" sizes=\"100vw\" \/><\/a>\n\t\t\t<\/div><\/figure><figure class='gallery-item'>\n\t\t\t<div class='gallery-icon landscape'>\n\t\t\t\t<a href='https:\/\/jumalpa.com\/wp-content\/uploads\/2023\/10\/Navi09233.jpg'><img loading=\"lazy\" decoding=\"async\" width=\"150\" height=\"150\" src=\"https:\/\/jumalpa.com\/wp-content\/uploads\/2023\/10\/Navi09233-150x150.jpg\" class=\"attachment-thumbnail size-thumbnail\" alt=\"\" srcset=\"https:\/\/jumalpa.com\/wp-content\/uploads\/2023\/10\/Navi09233-150x150.jpg 150w, https:\/\/jumalpa.com\/wp-content\/uploads\/2023\/10\/Navi09233-800x800.jpg 800w\" sizes=\"100vw\" \/><\/a>\n\t\t\t<\/div><\/figure>\n\t\t<\/div>\n\n<p>&nbsp;<\/p>\n<div class=\"moz-forward-container\">\n<p>Na&#8217;vi es una perra muy especial para. Es una perra que le gusta hacer cualquier cosa conmigo. Es muy inteligente aprendiendo muy r\u00e1pido, es muy colaboradora, en\u00e9rgica, y tambi\u00e9n sabe esperar y estar calmada cuando toca. Adem\u00e1s tiene un muy buen lenguaje con los perros y aunque no es hiper sociable, siendo un poco m\u00e1s independiente que su madre, se relaciona muy bien tanto con perros como con personas, siendo bastante equilibrada y cari\u00f1osa<\/p>\n<p>He competido con ella en Obediencia Obediencia hasta Clase 1. Pero ahora me dedico con ella al Dog Dance y ya hemos hecho unas cuantas Exhibiciones.<\/p>\n<p>La \u00faltima en Portugal en Noviembre, en EXPOANIMAL22 Braga, que nos contrataron como artistas invitadas. Con su madre, Suite hicimos 5 pases, y con ella hice una Exhibici\u00f3n m\u00e1s b\u00e1sica, realizando bastante bien.<\/p>\n<div class=\"moz-forward-container\">\n<p><a href=\"http:\/\/db.bordercollie.ru\/details.php?id=110730\" target=\"_blank\" rel=\"noopener\"><strong>GENEALOG\u00cdA NA&#8217;VI<\/strong><\/a><\/p>\n<p>&nbsp;<\/p>\n<\/div>\n<h3><strong><em>MUSTANG &#8211; AIRLAND DANCE WITH WOLVES<br \/>\n(You Know You Best my Dream x Keengreens Kit)<br \/>\n<\/em><\/strong><em><strong>Nacido el 10-03-2020<br \/>\nNegro y Blanco<\/strong><\/em><\/h3>\n<p><strong>LOE 2510911<\/strong><\/p>\n<p>Libre de todas las enfermedades por COMBIGEN<br \/>\n<em>HD A\/A &#8211; Codos ED 0\/0<br \/>\nPortador de Tricolor, Diluido y Chocolate\u00a0<\/em><\/p>\n<p><strong><em>Practica Agility y est\u00e1 comenzando sus competiciones<\/em><\/strong><strong><em><br \/>\n<\/em><\/strong><\/p>\n<div id='gallery-2' class='gallery galleryid-2696 gallery-columns-4 gallery-size-thumbnail'><figure class='gallery-item'>\n\t\t\t<div class='gallery-icon landscape'>\n\t\t\t\t<a href='https:\/\/jumalpa.com\/wp-content\/uploads\/2023\/10\/Mustang-1.jpeg'><img loading=\"lazy\" decoding=\"async\" width=\"150\" height=\"150\" src=\"https:\/\/jumalpa.com\/wp-content\/uploads\/2023\/10\/Mustang-1-150x150.jpeg\" class=\"attachment-thumbnail size-thumbnail\" alt=\"\" srcset=\"https:\/\/jumalpa.com\/wp-content\/uploads\/2023\/10\/Mustang-1-150x150.jpeg 150w, https:\/\/jumalpa.com\/wp-content\/uploads\/2023\/10\/Mustang-1-800x800.jpeg 800w\" sizes=\"100vw\" \/><\/a>\n\t\t\t<\/div><\/figure><figure class='gallery-item'>\n\t\t\t<div class='gallery-icon portrait'>\n\t\t\t\t<a href='https:\/\/jumalpa.com\/wp-content\/uploads\/2023\/10\/Mustang-2.jpeg'><img loading=\"lazy\" decoding=\"async\" width=\"150\" height=\"150\" src=\"https:\/\/jumalpa.com\/wp-content\/uploads\/2023\/10\/Mustang-2-150x150.jpeg\" class=\"attachment-thumbnail size-thumbnail\" alt=\"\" srcset=\"https:\/\/jumalpa.com\/wp-content\/uploads\/2023\/10\/Mustang-2-150x150.jpeg 150w, https:\/\/jumalpa.com\/wp-content\/uploads\/2023\/10\/Mustang-2-800x800.jpeg 800w\" sizes=\"100vw\" \/><\/a>\n\t\t\t<\/div><\/figure><figure class='gallery-item'>\n\t\t\t<div class='gallery-icon landscape'>\n\t\t\t\t<a href='https:\/\/jumalpa.com\/wp-content\/uploads\/2023\/10\/Mustang-3.jpeg'><img loading=\"lazy\" decoding=\"async\" width=\"150\" height=\"150\" src=\"https:\/\/jumalpa.com\/wp-content\/uploads\/2023\/10\/Mustang-3-150x150.jpeg\" class=\"attachment-thumbnail size-thumbnail\" alt=\"\" srcset=\"https:\/\/jumalpa.com\/wp-content\/uploads\/2023\/10\/Mustang-3-150x150.jpeg 150w, https:\/\/jumalpa.com\/wp-content\/uploads\/2023\/10\/Mustang-3-800x800.jpeg 800w\" sizes=\"100vw\" \/><\/a>\n\t\t\t<\/div><\/figure><figure class='gallery-item'>\n\t\t\t<div class='gallery-icon landscape'>\n\t\t\t\t<a href='https:\/\/jumalpa.com\/wp-content\/uploads\/2023\/10\/Mustang-4.jpeg'><img loading=\"lazy\" decoding=\"async\" width=\"150\" height=\"150\" src=\"https:\/\/jumalpa.com\/wp-content\/uploads\/2023\/10\/Mustang-4-150x150.jpeg\" class=\"attachment-thumbnail size-thumbnail\" alt=\"\" srcset=\"https:\/\/jumalpa.com\/wp-content\/uploads\/2023\/10\/Mustang-4-150x150.jpeg 150w, https:\/\/jumalpa.com\/wp-content\/uploads\/2023\/10\/Mustang-4-800x800.jpeg 800w\" sizes=\"100vw\" \/><\/a>\n\t\t\t<\/div><\/figure><figure class='gallery-item'>\n\t\t\t<div class='gallery-icon landscape'>\n\t\t\t\t<a href='https:\/\/jumalpa.com\/wp-content\/uploads\/2023\/10\/Mustang-5.jpeg'><img loading=\"lazy\" decoding=\"async\" width=\"150\" height=\"150\" src=\"https:\/\/jumalpa.com\/wp-content\/uploads\/2023\/10\/Mustang-5-150x150.jpeg\" class=\"attachment-thumbnail size-thumbnail\" alt=\"\" srcset=\"https:\/\/jumalpa.com\/wp-content\/uploads\/2023\/10\/Mustang-5-150x150.jpeg 150w, https:\/\/jumalpa.com\/wp-content\/uploads\/2023\/10\/Mustang-5-300x300.jpeg 300w, https:\/\/jumalpa.com\/wp-content\/uploads\/2023\/10\/Mustang-5-1024x1024.jpeg 1024w, https:\/\/jumalpa.com\/wp-content\/uploads\/2023\/10\/Mustang-5-768x768.jpeg 768w, https:\/\/jumalpa.com\/wp-content\/uploads\/2023\/10\/Mustang-5-1536x1536.jpeg 1536w, https:\/\/jumalpa.com\/wp-content\/uploads\/2023\/10\/Mustang-5-2000x2000.jpeg 2000w, https:\/\/jumalpa.com\/wp-content\/uploads\/2023\/10\/Mustang-5-600x600.jpeg 600w, https:\/\/jumalpa.com\/wp-content\/uploads\/2023\/10\/Mustang-5-1200x1200.jpeg 1200w, https:\/\/jumalpa.com\/wp-content\/uploads\/2023\/10\/Mustang-5-800x800.jpeg 800w, https:\/\/jumalpa.com\/wp-content\/uploads\/2023\/10\/Mustang-5.jpeg 2048w\" sizes=\"100vw\" \/><\/a>\n\t\t\t<\/div><\/figure><figure class='gallery-item'>\n\t\t\t<div class='gallery-icon landscape'>\n\t\t\t\t<a href='https:\/\/jumalpa.com\/wp-content\/uploads\/2023\/05\/20230420_163741-scaled.jpg'><img loading=\"lazy\" decoding=\"async\" width=\"150\" height=\"150\" src=\"https:\/\/jumalpa.com\/wp-content\/uploads\/2023\/05\/20230420_163741-150x150.jpg\" class=\"attachment-thumbnail size-thumbnail\" alt=\"\" srcset=\"https:\/\/jumalpa.com\/wp-content\/uploads\/2023\/05\/20230420_163741-150x150.jpg 150w, https:\/\/jumalpa.com\/wp-content\/uploads\/2023\/05\/20230420_163741-800x800.jpg 800w\" sizes=\"100vw\" \/><\/a>\n\t\t\t<\/div><\/figure><figure class='gallery-item'>\n\t\t\t<div class='gallery-icon portrait'>\n\t\t\t\t<a href='https:\/\/jumalpa.com\/wp-content\/uploads\/2023\/05\/20230420_163707-scaled.jpg'><img loading=\"lazy\" decoding=\"async\" width=\"150\" height=\"150\" src=\"https:\/\/jumalpa.com\/wp-content\/uploads\/2023\/05\/20230420_163707-150x150.jpg\" class=\"attachment-thumbnail size-thumbnail\" alt=\"\" srcset=\"https:\/\/jumalpa.com\/wp-content\/uploads\/2023\/05\/20230420_163707-150x150.jpg 150w, https:\/\/jumalpa.com\/wp-content\/uploads\/2023\/05\/20230420_163707-800x800.jpg 800w\" sizes=\"100vw\" \/><\/a>\n\t\t\t<\/div><\/figure>\n\t\t<\/div>\n\n<p>&nbsp;<\/p>\n<p>MUSTANG practica Agility y es un perro muy equilibrado, sociable, cari\u00f1oso y payasete. Pero a la vez, muy fuerte mentalmente y estable, con una predisposici\u00f3n para el trabajo bestial y siempre dispuesto a colaborar con su gu\u00eda. Tiene 3 a\u00f1os ya ha sido padre, teniendo 5 cachorros, los cuales tienen un caracter increible y una predisposici\u00f3n al trabajo genial.<\/p>\n<p>Aqu\u00ed puedes ver su genealog\u00eda:<br \/>\n<a href=\"http:\/\/db.bordercollie.ru\/details.php?id=106792\" target=\"_blank\" rel=\"noopener\"><strong>GENEALOG\u00cdA MUSTANG<\/strong><\/a><\/p>\n<p><b>\u00a0<\/b><\/p>\n<\/div>\n<p><span style=\"border-radius: 2px; text-indent: 20px; width: auto; padding: 0px 4px 0px 0px; text-align: center; font: bold 11px\/20px 'Helvetica Neue',Helvetica,sans-serif; color: #ffffff; background: #bd081c no-repeat scroll 3px 50% \/ 14px 14px; position: absolute; opacity: 1; z-index: 8675309; display: none; cursor: pointer; top: 221px; left: 20px;\">Guardar<\/span><\/p>\n<p><span style=\"border-radius: 2px; text-indent: 20px; width: auto; padding: 0px 4px 0px 0px; text-align: center; font: bold 11px\/20px 'Helvetica Neue',Helvetica,sans-serif; color: #ffffff; background: #bd081c no-repeat scroll 3px 50% \/ 14px 14px; position: absolute; opacity: 1; z-index: 8675309; display: none; cursor: pointer; top: 221px; left: 20px;\">Guardar<\/span><\/p>\n<p><span style=\"border-radius: 2px; text-indent: 20px; width: auto; padding: 0px 4px 0px 0px; text-align: center; font: bold 11px\/20px 'Helvetica Neue',Helvetica,sans-serif; color: #ffffff; background: #bd081c no-repeat scroll 3px 50% \/ 14px 14px; position: absolute; opacity: 1; z-index: 8675309; display: none; cursor: pointer; top: 221px; left: 20px;\">Guardar<\/span><\/p>\n<p><span style=\"border-radius: 2px; text-indent: 20px; width: auto; padding: 0px 4px 0px 0px; text-align: center; font: bold 11px\/20px 'Helvetica Neue',Helvetica,sans-serif; color: #ffffff; background: #bd081c no-repeat scroll 3px 50% \/ 14px 14px; position: absolute; opacity: 1; z-index: 8675309; display: none; cursor: pointer; top: 221px; left: 20px;\">Guardar<\/span><\/p>\n","protected":false},"excerpt":{"rendered":"<p>NOMBRES DE CULTURA MAOR\u00cd \u00a0NA&#8217;VI x\u00a0 MUSTANG Jumalpa Na&#8217;vi x Airland Dance With Wolves &nbsp; Nacidos el 17 de Junio del 2023 5 Hembras y 2 Machos Estos son &#8211; JUMALPA MOANA MULAN &#8211; Hembra Blanca y Negra &#8211; JUMALPA MERE WINGY &#8211; Hembra Blanca y Negra &#8211; JUMALPA\u00a0 WHETU KIRI &#8211; Hembra Tricolor &#8211; &hellip; <\/p>\n<p class=\"link-more\"><a href=\"https:\/\/jumalpa.com\/?page_id=2696\" class=\"more-link\">Leer m\u00e1s<span class=\"screen-reader-text\"> \u00abCamada 6 Border Collie\u00bb<\/span><\/a><\/p>\n","protected":false},"author":1,"featured_media":0,"parent":2518,"menu_order":0,"comment_status":"closed","ping_status":"closed","template":"","meta":{"footnotes":""},"class_list":["post-2696","page","type-page","status-publish","hentry"],"featured_media_urls":[],"_links":{"self":[{"href":"https:\/\/jumalpa.com\/index.php?rest_route=\/wp\/v2\/pages\/2696","targetHints":{"allow":["GET"]}}],"collection":[{"href":"https:\/\/jumalpa.com\/index.php?rest_route=\/wp\/v2\/pages"}],"about":[{"href":"https:\/\/jumalpa.com\/index.php?rest_route=\/wp\/v2\/types\/page"}],"author":[{"embeddable":true,"href":"https:\/\/jumalpa.com\/index.php?rest_route=\/wp\/v2\/users\/1"}],"replies":[{"embeddable":true,"href":"https:\/\/jumalpa.com\/index.php?rest_route=%2Fwp%2Fv2%2Fcomments&post=2696"}],"version-history":[{"count":9,"href":"https:\/\/jumalpa.com\/index.php?rest_route=\/wp\/v2\/pages\/2696\/revisions"}],"predecessor-version":[{"id":2737,"href":"https:\/\/jumalpa.com\/index.php?rest_route=\/wp\/v2\/pages\/2696\/revisions\/2737"}],"up":[{"embeddable":true,"href":"https:\/\/jumalpa.com\/index.php?rest_route=\/wp\/v2\/pages\/2518"}],"wp:attachment":[{"href":"https:\/\/jumalpa.com\/index.php?rest_route=%2Fwp%2Fv2%2Fmedia&parent=2696"}],"curies":[{"name":"wp","href":"https:\/\/api.w.org\/{rel}","templated":true}]}}