{"id":2626,"date":"2023-03-24T13:42:14","date_gmt":"2023-03-24T13:42:14","guid":{"rendered":"http:\/\/jumalpa.com\/?page_id=2626"},"modified":"2023-03-24T13:49:19","modified_gmt":"2023-03-24T13:49:19","slug":"camada-5-border-collie","status":"publish","type":"page","link":"https:\/\/jumalpa.com\/?page_id=2626","title":{"rendered":"Camada 5 Border Collie"},"content":{"rendered":"<h2 style=\"text-align: center;\"><strong>DIOSES Y DIOSAS VIKINGAS<br \/>\n<\/strong><\/h2>\n<p>&nbsp;<\/p>\n<h3 style=\"text-align: center;\"><strong><em>SUITE\u00a0 x\u00a0 JET<br \/>\nJumalpa Suite x Airland Forever Wild<\/em><br \/>\n<\/strong><\/h3>\n<p><a href=\"https:\/\/jumalpa.com\/wp-content\/uploads\/2023\/03\/Cam-Suite-23d-1-scaled.jpg\"><img fetchpriority=\"high\" decoding=\"async\" class=\"alignleft wp-image-2643 size-large\" src=\"https:\/\/jumalpa.com\/wp-content\/uploads\/2023\/03\/Cam-Suite-23d-1-1024x683.jpg\" alt=\"\" width=\"950\" height=\"634\" srcset=\"https:\/\/jumalpa.com\/wp-content\/uploads\/2023\/03\/Cam-Suite-23d-1-1024x683.jpg 1024w, https:\/\/jumalpa.com\/wp-content\/uploads\/2023\/03\/Cam-Suite-23d-1-300x200.jpg 300w, https:\/\/jumalpa.com\/wp-content\/uploads\/2023\/03\/Cam-Suite-23d-1-768x512.jpg 768w, https:\/\/jumalpa.com\/wp-content\/uploads\/2023\/03\/Cam-Suite-23d-1-1536x1024.jpg 1536w, https:\/\/jumalpa.com\/wp-content\/uploads\/2023\/03\/Cam-Suite-23d-1-2048x1365.jpg 2048w, https:\/\/jumalpa.com\/wp-content\/uploads\/2023\/03\/Cam-Suite-23d-1-2000x1333.jpg 2000w, https:\/\/jumalpa.com\/wp-content\/uploads\/2023\/03\/Cam-Suite-23d-1-600x400.jpg 600w\" sizes=\"(max-width: 950px) 100vw, 950px\" \/><\/a><\/p>\n<h4><\/h4>\n<p>&nbsp;<\/p>\n<h4><\/h4>\n<h4><\/h4>\n<h4><\/h4>\n<h4 style=\"text-align: center;\"><strong>Nacidos el 30 de Enero<br \/>\n<\/strong><\/h4>\n<p style=\"text-align: center;\"><span style=\"color: #333333;\">3 Hembra y 1 Macho<span id=\"result_box\" class=\"\" lang=\"es\"><\/span><\/span><\/p>\n<p>&nbsp;<\/p>\n<p><strong>Estos son<\/strong><br \/>\n&#8211; JUMALPA WONDERFUL FREYJA &#8211; Hembra Blue Tricolor<br \/>\n&#8211; JUMALPA IDUNA TAIHSA &#8211; Hembra Blanca y Negra<br \/>\n&#8211; JUMALPA EIRA MAGIA &#8211; Hembra Tricolor<br \/>\n&#8211; JUMALPA BALDER SKY &#8211; Macho Tricolor<\/p>\n<p>&nbsp;<\/p>\n<p><span style=\"color: #333333;\">Puedes ver m\u00e1s fotos en los siguientes enlaces:<\/span><\/p>\n<p><strong><em><a href=\"https:\/\/www.facebook.com\/media\/set\/?set=a.618623440275530&amp;type=3\" target=\"_blank\" rel=\"noopener noreferrer\">1\u00aa SEMANA<\/a> &#8211; <a href=\"https:\/\/www.facebook.com\/media\/set\/?set=a.620262883444919&amp;type=3\" target=\"_blank\" rel=\"noopener noreferrer\">2\u00aa SEMANA<\/a> &#8211; <a href=\"https:\/\/www.facebook.com\/media\/set\/?set=a.634000422071165&amp;type=3\" target=\"_blank\" rel=\"noopener noreferrer\">3\u00aa SEMANA<\/a> &#8211; <a href=\"https:\/\/www.facebook.com\/media\/set\/?set=a.641967897941084&amp;type=3\" target=\"_blank\" rel=\"noopener noreferrer\">5\u00aa SEMANA<\/a> &#8211; 7 y 8\u00aa SEMANA\u00a0<\/em><\/strong><\/p>\n<p><span style=\"color: #333333;\">Tambi\u00e9n puedes ver m\u00e1s fotos a diario y videos del d\u00eda a d\u00eda y en Stories Destacadas en mi<\/span>\u00a0<strong><a href=\"https:\/\/www.instagram.com\/mjfunnydogsjumalpa\/\" target=\"_blank\" rel=\"noopener\">INSTAGRAM<\/a><\/strong><\/p>\n<p><span style=\"color: #333333;\">Y aqu\u00ed puedes ver tambi\u00e9n el Programa de Manipulaciones que les realizo desde que nacen<br \/>\n<strong><a href=\"https:\/\/www.instagram.com\/p\/CoPuuliOHEb\/\" target=\"_blank\" rel=\"noopener\">1\u00aa SEMANA<\/a> &#8211; <\/strong><\/span><strong><a href=\"https:\/\/www.instagram.com\/p\/Co5C0YZtYQQ\/\" target=\"_blank\" rel=\"noopener\">3\u00aa SEMANA<\/a> &#8211; <a href=\"https:\/\/www.instagram.com\/p\/CpS7XAEJ1WH\/\" target=\"_blank\" rel=\"noopener\">5\u00aa SEMANA <\/a>&#8211; <a href=\"https:\/\/www.instagram.com\/p\/CpxpTdtO5yY\/\" target=\"_blank\" rel=\"noopener\">6\u00aa SEMANA<\/a> &#8211; <a href=\"https:\/\/www.instagram.com\/p\/CqDqtK-oEJd\/\" target=\"_blank\" rel=\"noopener\">TEST APTITUD<\/a><\/strong><\/p>\n<h2><\/h2>\n<h2><strong>PADRES DE LA CAMADA<\/strong><\/h2>\n<h3><em><strong>JUMALPA SUITE<br \/>\n<\/strong><\/em><strong>(Welshriverdee That\u2019s My Boy x Magia)<\/strong><br \/>\n<em><strong>Nacida el 2-09-2017<br \/>\nNegro Tricolor<\/strong><\/em><\/h3>\n<h4><em>RRC 0163613<\/em><\/h4>\n<p><em>Libre de todas las enfermedades (211) por MyDogDNA<br \/>\nHD A\/A &#8211; Codos ED 0\/0\u00a0<\/em><\/p>\n<p><strong><em>Realiza Habilidades Caninas y Dog Dance para competici\u00f3n<br \/>\n<\/em><\/strong><\/p>\n<div id='gallery-1' class='gallery galleryid-2626 gallery-columns-4 gallery-size-thumbnail'><figure class='gallery-item'>\n\t\t\t<div class='gallery-icon landscape'>\n\t\t\t\t<a href='https:\/\/jumalpa.com\/wp-content\/uploads\/2019\/08\/IMG_7213.jpg'><img decoding=\"async\" width=\"150\" height=\"150\" src=\"https:\/\/jumalpa.com\/wp-content\/uploads\/2019\/08\/IMG_7213-150x150.jpg\" class=\"attachment-thumbnail size-thumbnail\" alt=\"\" srcset=\"https:\/\/jumalpa.com\/wp-content\/uploads\/2019\/08\/IMG_7213-150x150.jpg 150w, https:\/\/jumalpa.com\/wp-content\/uploads\/2019\/08\/IMG_7213-48x48.jpg 48w, https:\/\/jumalpa.com\/wp-content\/uploads\/2019\/08\/IMG_7213-186x186.jpg 186w, https:\/\/jumalpa.com\/wp-content\/uploads\/2019\/08\/IMG_7213-184x184.jpg 184w\" sizes=\"100vw\" \/><\/a>\n\t\t\t<\/div><\/figure><figure class='gallery-item'>\n\t\t\t<div class='gallery-icon landscape'>\n\t\t\t\t<a href='https:\/\/jumalpa.com\/wp-content\/uploads\/2019\/08\/IMG_7330.jpg'><img decoding=\"async\" width=\"150\" height=\"150\" src=\"https:\/\/jumalpa.com\/wp-content\/uploads\/2019\/08\/IMG_7330-150x150.jpg\" class=\"attachment-thumbnail size-thumbnail\" alt=\"\" srcset=\"https:\/\/jumalpa.com\/wp-content\/uploads\/2019\/08\/IMG_7330-150x150.jpg 150w, https:\/\/jumalpa.com\/wp-content\/uploads\/2019\/08\/IMG_7330-48x48.jpg 48w, https:\/\/jumalpa.com\/wp-content\/uploads\/2019\/08\/IMG_7330-186x186.jpg 186w, https:\/\/jumalpa.com\/wp-content\/uploads\/2019\/08\/IMG_7330-184x184.jpg 184w\" sizes=\"100vw\" \/><\/a>\n\t\t\t<\/div><\/figure><figure class='gallery-item'>\n\t\t\t<div class='gallery-icon landscape'>\n\t\t\t\t<a href='https:\/\/jumalpa.com\/wp-content\/uploads\/2019\/08\/PerrisSierraNevada0419-15.jpg'><img loading=\"lazy\" decoding=\"async\" width=\"150\" height=\"150\" src=\"https:\/\/jumalpa.com\/wp-content\/uploads\/2019\/08\/PerrisSierraNevada0419-15-150x150.jpg\" class=\"attachment-thumbnail size-thumbnail\" alt=\"\" srcset=\"https:\/\/jumalpa.com\/wp-content\/uploads\/2019\/08\/PerrisSierraNevada0419-15-150x150.jpg 150w, https:\/\/jumalpa.com\/wp-content\/uploads\/2019\/08\/PerrisSierraNevada0419-15-48x48.jpg 48w, https:\/\/jumalpa.com\/wp-content\/uploads\/2019\/08\/PerrisSierraNevada0419-15-186x186.jpg 186w, https:\/\/jumalpa.com\/wp-content\/uploads\/2019\/08\/PerrisSierraNevada0419-15-184x184.jpg 184w\" sizes=\"100vw\" \/><\/a>\n\t\t\t<\/div><\/figure><figure class='gallery-item'>\n\t\t\t<div class='gallery-icon landscape'>\n\t\t\t\t<a href='https:\/\/jumalpa.com\/wp-content\/uploads\/2019\/08\/Suite-1118-1.jpg'><img loading=\"lazy\" decoding=\"async\" width=\"150\" height=\"150\" src=\"https:\/\/jumalpa.com\/wp-content\/uploads\/2019\/08\/Suite-1118-1-150x150.jpg\" class=\"attachment-thumbnail size-thumbnail\" alt=\"\" srcset=\"https:\/\/jumalpa.com\/wp-content\/uploads\/2019\/08\/Suite-1118-1-150x150.jpg 150w, https:\/\/jumalpa.com\/wp-content\/uploads\/2019\/08\/Suite-1118-1-48x48.jpg 48w, https:\/\/jumalpa.com\/wp-content\/uploads\/2019\/08\/Suite-1118-1-186x186.jpg 186w, https:\/\/jumalpa.com\/wp-content\/uploads\/2019\/08\/Suite-1118-1-184x184.jpg 184w, https:\/\/jumalpa.com\/wp-content\/uploads\/2019\/08\/Suite-1118-1-800x800.jpg 800w\" sizes=\"100vw\" \/><\/a>\n\t\t\t<\/div><\/figure><figure class='gallery-item'>\n\t\t\t<div class='gallery-icon landscape'>\n\t\t\t\t<a href='https:\/\/jumalpa.com\/wp-content\/uploads\/2020\/03\/Suite-entreno-0819-1-scaled.jpg'><img loading=\"lazy\" decoding=\"async\" width=\"150\" height=\"150\" src=\"https:\/\/jumalpa.com\/wp-content\/uploads\/2020\/03\/Suite-entreno-0819-1-150x150.jpg\" class=\"attachment-thumbnail size-thumbnail\" alt=\"\" srcset=\"https:\/\/jumalpa.com\/wp-content\/uploads\/2020\/03\/Suite-entreno-0819-1-150x150.jpg 150w, https:\/\/jumalpa.com\/wp-content\/uploads\/2020\/03\/Suite-entreno-0819-1-48x48.jpg 48w, https:\/\/jumalpa.com\/wp-content\/uploads\/2020\/03\/Suite-entreno-0819-1-186x186.jpg 186w, https:\/\/jumalpa.com\/wp-content\/uploads\/2020\/03\/Suite-entreno-0819-1-184x184.jpg 184w\" sizes=\"100vw\" \/><\/a>\n\t\t\t<\/div><\/figure><figure class='gallery-item'>\n\t\t\t<div class='gallery-icon landscape'>\n\t\t\t\t<a href='https:\/\/jumalpa.com\/wp-content\/uploads\/2022\/05\/Perris-Entrenando-0921-4-scaled.jpg'><img loading=\"lazy\" decoding=\"async\" width=\"150\" height=\"150\" src=\"https:\/\/jumalpa.com\/wp-content\/uploads\/2022\/05\/Perris-Entrenando-0921-4-150x150.jpg\" class=\"attachment-thumbnail size-thumbnail\" alt=\"\" sizes=\"100vw\" \/><\/a>\n\t\t\t<\/div><\/figure><figure class='gallery-item'>\n\t\t\t<div class='gallery-icon landscape'>\n\t\t\t\t<a href='https:\/\/jumalpa.com\/wp-content\/uploads\/2022\/05\/SuiteSF0810-2-scaled.jpg'><img loading=\"lazy\" decoding=\"async\" width=\"150\" height=\"150\" src=\"https:\/\/jumalpa.com\/wp-content\/uploads\/2022\/05\/SuiteSF0810-2-150x150.jpg\" class=\"attachment-thumbnail size-thumbnail\" alt=\"\" sizes=\"100vw\" \/><\/a>\n\t\t\t<\/div><\/figure><figure class='gallery-item'>\n\t\t\t<div class='gallery-icon landscape'>\n\t\t\t\t<a href='https:\/\/jumalpa.com\/wp-content\/uploads\/2022\/05\/Perris-Entrenando-0921-3-scaled.jpg'><img loading=\"lazy\" decoding=\"async\" width=\"150\" height=\"150\" src=\"https:\/\/jumalpa.com\/wp-content\/uploads\/2022\/05\/Perris-Entrenando-0921-3-150x150.jpg\" class=\"attachment-thumbnail size-thumbnail\" alt=\"\" sizes=\"100vw\" \/><\/a>\n\t\t\t<\/div><\/figure><figure class='gallery-item'>\n\t\t\t<div class='gallery-icon landscape'>\n\t\t\t\t<a href='https:\/\/jumalpa.com\/wp-content\/uploads\/2023\/03\/ConSuiteenFD09222-scaled.jpg'><img loading=\"lazy\" decoding=\"async\" width=\"150\" height=\"150\" src=\"https:\/\/jumalpa.com\/wp-content\/uploads\/2023\/03\/ConSuiteenFD09222-150x150.jpg\" class=\"attachment-thumbnail size-thumbnail\" alt=\"\" srcset=\"https:\/\/jumalpa.com\/wp-content\/uploads\/2023\/03\/ConSuiteenFD09222-150x150.jpg 150w, https:\/\/jumalpa.com\/wp-content\/uploads\/2023\/03\/ConSuiteenFD09222-800x800.jpg 800w\" sizes=\"100vw\" \/><\/a>\n\t\t\t<\/div><\/figure><figure class='gallery-item'>\n\t\t\t<div class='gallery-icon landscape'>\n\t\t\t\t<a href='https:\/\/jumalpa.com\/wp-content\/uploads\/2023\/03\/ConSuiteenFD09223-scaled.jpg'><img loading=\"lazy\" decoding=\"async\" width=\"150\" height=\"150\" src=\"https:\/\/jumalpa.com\/wp-content\/uploads\/2023\/03\/ConSuiteenFD09223-150x150.jpg\" class=\"attachment-thumbnail size-thumbnail\" alt=\"\" srcset=\"https:\/\/jumalpa.com\/wp-content\/uploads\/2023\/03\/ConSuiteenFD09223-150x150.jpg 150w, https:\/\/jumalpa.com\/wp-content\/uploads\/2023\/03\/ConSuiteenFD09223-800x800.jpg 800w\" sizes=\"100vw\" \/><\/a>\n\t\t\t<\/div><\/figure><figure class='gallery-item'>\n\t\t\t<div class='gallery-icon landscape'>\n\t\t\t\t<a href='https:\/\/jumalpa.com\/wp-content\/uploads\/2023\/03\/ConSuite09222-scaled.jpg'><img loading=\"lazy\" decoding=\"async\" width=\"150\" height=\"150\" src=\"https:\/\/jumalpa.com\/wp-content\/uploads\/2023\/03\/ConSuite09222-150x150.jpg\" class=\"attachment-thumbnail size-thumbnail\" alt=\"\" srcset=\"https:\/\/jumalpa.com\/wp-content\/uploads\/2023\/03\/ConSuite09222-150x150.jpg 150w, https:\/\/jumalpa.com\/wp-content\/uploads\/2023\/03\/ConSuite09222-800x800.jpg 800w\" sizes=\"100vw\" \/><\/a>\n\t\t\t<\/div><\/figure><figure class='gallery-item'>\n\t\t\t<div class='gallery-icon landscape'>\n\t\t\t\t<a href='https:\/\/jumalpa.com\/wp-content\/uploads\/2023\/03\/IMG_4705-scaled.jpg'><img loading=\"lazy\" decoding=\"async\" width=\"150\" height=\"150\" src=\"https:\/\/jumalpa.com\/wp-content\/uploads\/2023\/03\/IMG_4705-150x150.jpg\" class=\"attachment-thumbnail size-thumbnail\" alt=\"\" srcset=\"https:\/\/jumalpa.com\/wp-content\/uploads\/2023\/03\/IMG_4705-150x150.jpg 150w, https:\/\/jumalpa.com\/wp-content\/uploads\/2023\/03\/IMG_4705-800x800.jpg 800w\" sizes=\"100vw\" \/><\/a>\n\t\t\t<\/div><\/figure><figure class='gallery-item'>\n\t\t\t<div class='gallery-icon landscape'>\n\t\t\t\t<a href='https:\/\/jumalpa.com\/wp-content\/uploads\/2023\/03\/IMG-20221114-WA0049.jpg'><img loading=\"lazy\" decoding=\"async\" width=\"150\" height=\"150\" src=\"https:\/\/jumalpa.com\/wp-content\/uploads\/2023\/03\/IMG-20221114-WA0049-150x150.jpg\" class=\"attachment-thumbnail size-thumbnail\" alt=\"\" sizes=\"100vw\" \/><\/a>\n\t\t\t<\/div><\/figure><figure class='gallery-item'>\n\t\t\t<div class='gallery-icon landscape'>\n\t\t\t\t<a href='https:\/\/jumalpa.com\/wp-content\/uploads\/2023\/03\/IMG-20221114-WA0048.jpg'><img loading=\"lazy\" decoding=\"async\" width=\"150\" height=\"150\" src=\"https:\/\/jumalpa.com\/wp-content\/uploads\/2023\/03\/IMG-20221114-WA0048-150x150.jpg\" class=\"attachment-thumbnail size-thumbnail\" alt=\"\" sizes=\"100vw\" \/><\/a>\n\t\t\t<\/div><\/figure>\n\t\t<\/div>\n\n<p>&nbsp;<\/p>\n<div class=\"moz-forward-container\">\n<p>Suite es muy sociable y cari\u00f1osa, le encantan los mimos, la gente y los ni\u00f1os. Es super equilibrada y con los perros sabe muy bien comunicarse, tiene un lenguaje incre\u00edble y sabe calmar a otros perros de forma sutil y si hay alg\u00fan problema, lo evita.<\/p>\n<p>En cuanto al trabajo, tiene un muy buen Drive, con un gran enfoque y actitud, siempre est\u00e1 dispuesta a hacer cosas y es muy inteligente, \u00e1gil y r\u00e1pida, pero a la vez sabe esperar cuando hace falta. He entrenado con ella desde que era peque, y tiene pr\u00e1cticamente todos los ejercicios de Obediencia Clase 1 montados. Pero tambi\u00e9n le he ense\u00f1ado una gran cantidad de habilidades caninas, y he decido practicar con ella Dog Dance, para en un futuro breve competir en esta especialidad deportiva.<\/p>\n<p>Aqu\u00ed puedes ver su genealog\u00eda:<br \/>\n<a href=\"http:\/\/db.bordercollie.ru\/details.php?id=110730\" target=\"_blank\" rel=\"noopener\"><strong>GENEALOG\u00cdA SUITE<\/strong><\/a><\/p>\n<p>Puedes ver un video de ella al cumplir un a\u00f1o:<br \/>\n<strong><a class=\"moz-txt-link-freetext\" href=\"https:\/\/www.youtube.com\/watch?v=PD-69cPvR9Y&amp;t=47s\">VIDEO YOUTUBE<\/a><\/strong><\/p>\n<\/div>\n<div class=\"moz-forward-container\">Y este de nuestra \u00faltima Exhibici\u00f3n de Dog Dance en Portugal<br \/>\n<strong><a class=\"moz-txt-link-freetext\" href=\"https:\/\/www.facebook.com\/1612136704\/videos\/pcb.10226417622899525\/5676373282420250\" target=\"_blank\" rel=\"noopener\">DOG DANCE EN EXPOANIMAL PORTUGAL<\/a><\/strong><\/div>\n<p>&nbsp;<\/p>\n<h3><strong><em>JET &#8211; AIRLAND FOREVER WILD<br \/>\n(You Know You Best my Dream x Keengreens Kit)<br \/>\n<\/em><\/strong><em><strong>Nacido el 20-02-2021<br \/>\nNegro y Blanco<\/strong><\/em><\/h3>\n<p><strong>LOE 2562520<\/strong><\/p>\n<p>Libre de todas las enfermedades (210) por MyDogDNA<br \/>\nSolo portador de CEA<br \/>\n<em>HD A\/A &#8211; Codos ED 0\/0\u00a0<\/em><\/p>\n<p><strong><em>Practica Agility y est\u00e1 comenzando sus competiciones<\/em><\/strong><strong><em><br \/>\n<\/em><\/strong><\/p>\n<div id='gallery-2' class='gallery galleryid-2626 gallery-columns-3 gallery-size-thumbnail'><figure class='gallery-item'>\n\t\t\t<div class='gallery-icon landscape'>\n\t\t\t\t<a href='https:\/\/jumalpa.com\/wp-content\/uploads\/2023\/03\/Jet-scaled.jpg'><img loading=\"lazy\" decoding=\"async\" width=\"150\" height=\"150\" src=\"https:\/\/jumalpa.com\/wp-content\/uploads\/2023\/03\/Jet-150x150.jpg\" class=\"attachment-thumbnail size-thumbnail\" alt=\"\" srcset=\"https:\/\/jumalpa.com\/wp-content\/uploads\/2023\/03\/Jet-150x150.jpg 150w, https:\/\/jumalpa.com\/wp-content\/uploads\/2023\/03\/Jet-800x800.jpg 800w\" sizes=\"100vw\" \/><\/a>\n\t\t\t<\/div><\/figure><figure class='gallery-item'>\n\t\t\t<div class='gallery-icon landscape'>\n\t\t\t\t<a href='https:\/\/jumalpa.com\/wp-content\/uploads\/2023\/03\/Jet-3-scaled.jpg'><img loading=\"lazy\" decoding=\"async\" width=\"150\" height=\"150\" src=\"https:\/\/jumalpa.com\/wp-content\/uploads\/2023\/03\/Jet-3-150x150.jpg\" class=\"attachment-thumbnail size-thumbnail\" alt=\"\" srcset=\"https:\/\/jumalpa.com\/wp-content\/uploads\/2023\/03\/Jet-3-150x150.jpg 150w, https:\/\/jumalpa.com\/wp-content\/uploads\/2023\/03\/Jet-3-800x800.jpg 800w\" sizes=\"100vw\" \/><\/a>\n\t\t\t<\/div><\/figure><figure class='gallery-item'>\n\t\t\t<div class='gallery-icon landscape'>\n\t\t\t\t<a href='https:\/\/jumalpa.com\/wp-content\/uploads\/2023\/03\/Jet-1-scaled.jpg'><img loading=\"lazy\" decoding=\"async\" width=\"150\" height=\"150\" src=\"https:\/\/jumalpa.com\/wp-content\/uploads\/2023\/03\/Jet-1-150x150.jpg\" class=\"attachment-thumbnail size-thumbnail\" alt=\"\" srcset=\"https:\/\/jumalpa.com\/wp-content\/uploads\/2023\/03\/Jet-1-150x150.jpg 150w, https:\/\/jumalpa.com\/wp-content\/uploads\/2023\/03\/Jet-1-800x800.jpg 800w\" sizes=\"100vw\" \/><\/a>\n\t\t\t<\/div><\/figure><figure class='gallery-item'>\n\t\t\t<div class='gallery-icon landscape'>\n\t\t\t\t<a href='https:\/\/jumalpa.com\/wp-content\/uploads\/2023\/03\/Jet-2-scaled.jpg'><img loading=\"lazy\" decoding=\"async\" width=\"150\" height=\"150\" src=\"https:\/\/jumalpa.com\/wp-content\/uploads\/2023\/03\/Jet-2-150x150.jpg\" class=\"attachment-thumbnail size-thumbnail\" alt=\"\" srcset=\"https:\/\/jumalpa.com\/wp-content\/uploads\/2023\/03\/Jet-2-150x150.jpg 150w, https:\/\/jumalpa.com\/wp-content\/uploads\/2023\/03\/Jet-2-800x800.jpg 800w\" sizes=\"100vw\" \/><\/a>\n\t\t\t<\/div><\/figure><figure class='gallery-item'>\n\t\t\t<div class='gallery-icon landscape'>\n\t\t\t\t<a href='https:\/\/jumalpa.com\/wp-content\/uploads\/2023\/03\/Jet-4-scaled.jpg'><img loading=\"lazy\" decoding=\"async\" width=\"150\" height=\"150\" src=\"https:\/\/jumalpa.com\/wp-content\/uploads\/2023\/03\/Jet-4-150x150.jpg\" class=\"attachment-thumbnail size-thumbnail\" alt=\"\" srcset=\"https:\/\/jumalpa.com\/wp-content\/uploads\/2023\/03\/Jet-4-150x150.jpg 150w, https:\/\/jumalpa.com\/wp-content\/uploads\/2023\/03\/Jet-4-800x800.jpg 800w\" sizes=\"100vw\" \/><\/a>\n\t\t\t<\/div><\/figure><figure class='gallery-item'>\n\t\t\t<div class='gallery-icon landscape'>\n\t\t\t\t<a href='https:\/\/jumalpa.com\/wp-content\/uploads\/2023\/03\/Jet-5-scaled.jpg'><img loading=\"lazy\" decoding=\"async\" width=\"150\" height=\"150\" src=\"https:\/\/jumalpa.com\/wp-content\/uploads\/2023\/03\/Jet-5-150x150.jpg\" class=\"attachment-thumbnail size-thumbnail\" alt=\"\" srcset=\"https:\/\/jumalpa.com\/wp-content\/uploads\/2023\/03\/Jet-5-150x150.jpg 150w, https:\/\/jumalpa.com\/wp-content\/uploads\/2023\/03\/Jet-5-800x800.jpg 800w\" sizes=\"100vw\" \/><\/a>\n\t\t\t<\/div><\/figure><figure class='gallery-item'>\n\t\t\t<div class='gallery-icon landscape'>\n\t\t\t\t<a href='https:\/\/jumalpa.com\/wp-content\/uploads\/2023\/03\/Jet-6-scaled.jpg'><img loading=\"lazy\" decoding=\"async\" width=\"150\" height=\"150\" src=\"https:\/\/jumalpa.com\/wp-content\/uploads\/2023\/03\/Jet-6-150x150.jpg\" class=\"attachment-thumbnail size-thumbnail\" alt=\"\" srcset=\"https:\/\/jumalpa.com\/wp-content\/uploads\/2023\/03\/Jet-6-150x150.jpg 150w, https:\/\/jumalpa.com\/wp-content\/uploads\/2023\/03\/Jet-6-800x800.jpg 800w\" sizes=\"100vw\" \/><\/a>\n\t\t\t<\/div><\/figure><figure class='gallery-item'>\n\t\t\t<div class='gallery-icon landscape'>\n\t\t\t\t<a href='https:\/\/jumalpa.com\/wp-content\/uploads\/2023\/03\/Jet-7-scaled.jpg'><img loading=\"lazy\" decoding=\"async\" width=\"150\" height=\"150\" src=\"https:\/\/jumalpa.com\/wp-content\/uploads\/2023\/03\/Jet-7-150x150.jpg\" class=\"attachment-thumbnail size-thumbnail\" alt=\"\" srcset=\"https:\/\/jumalpa.com\/wp-content\/uploads\/2023\/03\/Jet-7-150x150.jpg 150w, https:\/\/jumalpa.com\/wp-content\/uploads\/2023\/03\/Jet-7-800x800.jpg 800w\" sizes=\"100vw\" \/><\/a>\n\t\t\t<\/div><\/figure><figure class='gallery-item'>\n\t\t\t<div class='gallery-icon landscape'>\n\t\t\t\t<a href='https:\/\/jumalpa.com\/wp-content\/uploads\/2023\/03\/Jet-Suite2-scaled.jpg'><img loading=\"lazy\" decoding=\"async\" width=\"150\" height=\"150\" src=\"https:\/\/jumalpa.com\/wp-content\/uploads\/2023\/03\/Jet-Suite2-150x150.jpg\" class=\"attachment-thumbnail size-thumbnail\" alt=\"\" srcset=\"https:\/\/jumalpa.com\/wp-content\/uploads\/2023\/03\/Jet-Suite2-150x150.jpg 150w, https:\/\/jumalpa.com\/wp-content\/uploads\/2023\/03\/Jet-Suite2-800x800.jpg 800w\" sizes=\"100vw\" \/><\/a>\n\t\t\t<\/div><\/figure><figure class='gallery-item'>\n\t\t\t<div class='gallery-icon landscape'>\n\t\t\t\t<a href='https:\/\/jumalpa.com\/wp-content\/uploads\/2023\/03\/Jet-Suite3-scaled.jpg'><img loading=\"lazy\" decoding=\"async\" width=\"150\" height=\"150\" src=\"https:\/\/jumalpa.com\/wp-content\/uploads\/2023\/03\/Jet-Suite3-150x150.jpg\" class=\"attachment-thumbnail size-thumbnail\" alt=\"\" srcset=\"https:\/\/jumalpa.com\/wp-content\/uploads\/2023\/03\/Jet-Suite3-150x150.jpg 150w, https:\/\/jumalpa.com\/wp-content\/uploads\/2023\/03\/Jet-Suite3-800x800.jpg 800w\" sizes=\"100vw\" \/><\/a>\n\t\t\t<\/div><\/figure>\n\t\t<\/div>\n\n<p>&nbsp;<\/p>\n<p>JET es un perro muy equilibrado, sociable y cari\u00f1oso. Pero a la vez, muy fuerte mentalmente y estable, con una predisposici\u00f3n para el trabajo bestial y siempre dispuesto a colaborar con su gu\u00eda. Tiene tan solo 2 a\u00f1os y est\u00e1 comenzando sus competiciones en Agility.<\/p>\n<p>Aqu\u00ed puedes ver su genealog\u00eda:<br \/>\n<a href=\"http:\/\/db.bordercollie.ru\/details.php?id=106792\" target=\"_blank\" rel=\"noopener\"><strong>GENEALOG\u00cdA JET<\/strong><\/a><\/p>\n<p>En este enlace, puedes ver un video de su primera competici\u00f3n:<br \/>\n<strong><a class=\"moz-txt-link-freetext\" href=\"https:\/\/www.facebook.com\/oscar.munizmartinez\/videos\/874696637092445\" target=\"_blank\" rel=\"noopener\">VIDEO COMPETICI\u00d3N JET<\/a><\/strong><\/p>\n<p>&nbsp;<\/p>\n<p>Para reservas y m\u00e1s informaci\u00f3n, contacta en:<br \/>\n<em><a href=\"mailto:jumalpa@jumalpa.com\">jumalpa@jumalpa.com<\/a><br \/>\n682822726<\/em><\/p>\n<p><span style=\"border-radius: 2px; text-indent: 20px; width: auto; padding: 0px 4px 0px 0px; text-align: center; font: bold 11px\/20px 'Helvetica Neue',Helvetica,sans-serif; color: #ffffff; background: #bd081c no-repeat scroll 3px 50% \/ 14px 14px; position: absolute; opacity: 1; z-index: 8675309; display: none; cursor: pointer; top: 221px; left: 20px;\">Guardar<\/span><\/p>\n<p><span style=\"border-radius: 2px; text-indent: 20px; width: auto; padding: 0px 4px 0px 0px; text-align: center; font: bold 11px\/20px 'Helvetica Neue',Helvetica,sans-serif; color: #ffffff; background: #bd081c no-repeat scroll 3px 50% \/ 14px 14px; position: absolute; opacity: 1; z-index: 8675309; display: none; cursor: pointer; top: 221px; left: 20px;\">Guardar<\/span><\/p>\n<p><span style=\"border-radius: 2px; text-indent: 20px; width: auto; padding: 0px 4px 0px 0px; text-align: center; font: bold 11px\/20px 'Helvetica Neue',Helvetica,sans-serif; color: #ffffff; background: #bd081c no-repeat scroll 3px 50% \/ 14px 14px; position: absolute; opacity: 1; z-index: 8675309; display: none; cursor: pointer; top: 221px; left: 20px;\">Guardar<\/span><\/p>\n<p><span style=\"border-radius: 2px; text-indent: 20px; width: auto; padding: 0px 4px 0px 0px; text-align: center; font: bold 11px\/20px 'Helvetica Neue',Helvetica,sans-serif; color: #ffffff; background: #bd081c no-repeat scroll 3px 50% \/ 14px 14px; position: absolute; opacity: 1; z-index: 8675309; display: none; cursor: pointer; top: 221px; left: 20px;\">Guardar<\/span><\/p>\n","protected":false},"excerpt":{"rendered":"<p>DIOSES Y DIOSAS VIKINGAS &nbsp; SUITE\u00a0 x\u00a0 JET Jumalpa Suite x Airland Forever Wild &nbsp; Nacidos el 30 de Enero 3 Hembra y 1 Macho &nbsp; Estos son &#8211; JUMALPA WONDERFUL FREYJA &#8211; Hembra Blue Tricolor &#8211; JUMALPA IDUNA TAIHSA &#8211; Hembra Blanca y Negra &#8211; JUMALPA EIRA MAGIA &#8211; Hembra Tricolor &#8211; JUMALPA BALDER &hellip; <\/p>\n<p class=\"link-more\"><a href=\"https:\/\/jumalpa.com\/?page_id=2626\" class=\"more-link\">Leer m\u00e1s<span class=\"screen-reader-text\"> \u00abCamada 5 Border Collie\u00bb<\/span><\/a><\/p>\n","protected":false},"author":1,"featured_media":0,"parent":2518,"menu_order":0,"comment_status":"closed","ping_status":"closed","template":"","meta":{"footnotes":""},"class_list":["post-2626","page","type-page","status-publish","hentry"],"featured_media_urls":[],"_links":{"self":[{"href":"https:\/\/jumalpa.com\/index.php?rest_route=\/wp\/v2\/pages\/2626","targetHints":{"allow":["GET"]}}],"collection":[{"href":"https:\/\/jumalpa.com\/index.php?rest_route=\/wp\/v2\/pages"}],"about":[{"href":"https:\/\/jumalpa.com\/index.php?rest_route=\/wp\/v2\/types\/page"}],"author":[{"embeddable":true,"href":"https:\/\/jumalpa.com\/index.php?rest_route=\/wp\/v2\/users\/1"}],"replies":[{"embeddable":true,"href":"https:\/\/jumalpa.com\/index.php?rest_route=%2Fwp%2Fv2%2Fcomments&post=2626"}],"version-history":[{"count":3,"href":"https:\/\/jumalpa.com\/index.php?rest_route=\/wp\/v2\/pages\/2626\/revisions"}],"predecessor-version":[{"id":2649,"href":"https:\/\/jumalpa.com\/index.php?rest_route=\/wp\/v2\/pages\/2626\/revisions\/2649"}],"up":[{"embeddable":true,"href":"https:\/\/jumalpa.com\/index.php?rest_route=\/wp\/v2\/pages\/2518"}],"wp:attachment":[{"href":"https:\/\/jumalpa.com\/index.php?rest_route=%2Fwp%2Fv2%2Fmedia&parent=2626"}],"curies":[{"name":"wp","href":"https:\/\/api.w.org\/{rel}","templated":true}]}}