{"id":2294,"date":"2020-03-19T16:48:23","date_gmt":"2020-03-19T16:48:23","guid":{"rendered":"http:\/\/jumalpa.com\/?page_id=2294"},"modified":"2023-03-24T13:49:37","modified_gmt":"2023-03-24T13:49:37","slug":"camada-4-border-collie","status":"publish","type":"page","link":"https:\/\/jumalpa.com\/?page_id=2294","title":{"rendered":"Camada 4 &#8211; Border Collie"},"content":{"rendered":"<h2 style=\"text-align: center;\"><strong>PERSONAJES FICCI\u00d3N<br \/>\n<\/strong><\/h2>\n<p>&nbsp;<\/p>\n<h3 style=\"text-align: center;\"><strong><em>SUITE\u00a0 x\u00a0 SHOW<br \/>\nJumalpa Suite x Borderpaps Cadbury<\/em><br \/>\n<\/strong><\/h3>\n<p><a href=\"https:\/\/jumalpa.com\/wp-content\/uploads\/2020\/04\/Cachorros-3s-4-scaled.jpg\"><img fetchpriority=\"high\" decoding=\"async\" class=\"alignleft wp-image-2327 size-large\" src=\"https:\/\/jumalpa.com\/wp-content\/uploads\/2020\/04\/Cachorros-3s-4-1024x546.jpg\" alt=\"\" width=\"1024\" height=\"546\" srcset=\"https:\/\/jumalpa.com\/wp-content\/uploads\/2020\/04\/Cachorros-3s-4-1024x546.jpg 1024w, https:\/\/jumalpa.com\/wp-content\/uploads\/2020\/04\/Cachorros-3s-4-300x160.jpg 300w, https:\/\/jumalpa.com\/wp-content\/uploads\/2020\/04\/Cachorros-3s-4-768x410.jpg 768w, https:\/\/jumalpa.com\/wp-content\/uploads\/2020\/04\/Cachorros-3s-4-1536x820.jpg 1536w, https:\/\/jumalpa.com\/wp-content\/uploads\/2020\/04\/Cachorros-3s-4-2048x1093.jpg 2048w, https:\/\/jumalpa.com\/wp-content\/uploads\/2020\/04\/Cachorros-3s-4-scaled-2000x1067.jpg 2000w, https:\/\/jumalpa.com\/wp-content\/uploads\/2020\/04\/Cachorros-3s-4-scaled-600x320.jpg 600w, https:\/\/jumalpa.com\/wp-content\/uploads\/2020\/04\/Cachorros-3s-4-scaled-1200x640.jpg 1200w\" sizes=\"(max-width: 1024px) 100vw, 1024px\" \/><\/a><\/p>\n<h4><\/h4>\n<p>&nbsp;<\/p>\n<h4><\/h4>\n<h4><\/h4>\n<h4><\/h4>\n<h4 style=\"text-align: center;\"><strong>Nacidos el 8 de Marzo<br \/>\n<\/strong><\/h4>\n<p style=\"text-align: center;\"><span style=\"color: #333333;\">1 Hembra y 4 Machos<br \/>\n<span id=\"result_box\" class=\"\" lang=\"es\"><\/span><\/span><\/p>\n<p>&nbsp;<\/p>\n<p><span style=\"color: #333333;\">Pod\u00e9is ver m\u00e1s fotos en los siguientes enlaces:<\/span><\/p>\n<p><strong><em><a href=\"https:\/\/www.facebook.com\/media\/set\/?set=a.2921806714509376&amp;type=3&amp;__xts__%5B0%5D=68.ARDaIXIuiD9z8iTZkQPvK_vGPd6BXT7mULDhbLIU7Ag2ckcm7F0ug9_LfJuay7K0_vQHTYSJuyhVlM68IRdFvS9RXG1jOXHxEKZMdZYp492smbCf1dI2K0ROyL6kyUSRKoOSmCJlLij-yn80q0liDEhf4Cc58qpmPJU_vNwXvINE_20DVmr5Vv-GnPxjzxR7SEzTXecfggJ_ywMsxbdzBuinBuuEPDstOjKhZkV7NBnkOIIJcr_hC97hWZ6e3gQZJg3MhIXvroGA5B6XvmuzEdVu6d9JBQ1AUjbRzZZRXpOcW7qn7rD29LmXM9wVYAKAIpoVSRnQY1WanjslsUjjFs_tUg&amp;__tn__=-UC-R\" target=\"_blank\" rel=\"noopener noreferrer\">1\u00aa SEMANA<\/a> &#8211; <a href=\"https:\/\/www.facebook.com\/media\/set\/?set=a.2942053512484696&amp;type=3&amp;__xts__%5B0%5D=68.ARDB2fmyEJZqkRpMqAND2QtN-B9oXB8r0z6k7lNidBoFtXGngyaUZU5B4qXYoTDbjZQANoNiqu30x8qIQOPrLtYHyWJmj709ULCFofxchG8YxxfxKyd0iDHKXJx1b4k3aFEA6mZRcLxjUWyjJRyln4H34jVPgDNZ3-wrk14MQnNVKjTvvaxo4JHOx06j9QKsQrTB7D3y2E99mAr_E9YYZSxf55fPec3fpXFOdaTd5I7ZDB1k_Rc-Pkl79WZFaqxHYSkntyAE1g29VwZWrvOIDHpOYSldYHusIpFEE5Aet8y213pDrFXEC82l__OCdtIfaHFed6EiJkMe2GCZ1k42Ix8c2A&amp;__tn__=-UC-R\" target=\"_blank\" rel=\"noopener noreferrer\">2\u00aa SEMANA<\/a> &#8211; <a href=\"https:\/\/www.facebook.com\/media\/set\/?set=a.2970464116310302&amp;type=3&amp;__xts__%5B0%5D=68.ARDaYu2dWLow4_26t8TuhMYil_vNQxKAKbd0hVyYqsaNvY6Qc4KnrgTLMfNO-WBKeib-cZM0HMre1jTh-vAi78TPOFMCE7-Rt82F9ytsGsRgQ1dsVnzsY1Uw6U77tksuB_-9hk-6Roeoa_1m8cJEqp8PADZHrDjdqT0YTeh7ePns8EVIJHMC1jKgnqOPK5k8fGJH-dwqAQnuU4LiqvC5u_rXNnxel_qjsej2D_1DLIzOWvL4139LrUP4ZsCkgGWeJDr5Lm4HaLPZfgT6xoV5hpUUlpuT_WkSnWVo_lliWZ_uvZKnvVhhg7_SC6IlC2gbGacRhft5Jl_AWwnJ_iKqyu0lqg&amp;__tn__=-UC-R\" target=\"_blank\" rel=\"noopener noreferrer\">3\u00aa SEMANA<\/a> &#8211; <a href=\"https:\/\/www.facebook.com\/jumalpa\/photos\/?tab=album&amp;album_id=2986052918084755\" target=\"_blank\" rel=\"noopener noreferrer\">4\u00aa SEMANA<\/a> &#8211; <a href=\"https:\/\/www.facebook.com\/jumalpa\/photos\/?tab=album&amp;album_id=2992757067414340\" target=\"_blank\" rel=\"noopener noreferrer\">5\u00aa SEMANA<\/a> &#8211; <a href=\"https:\/\/www.facebook.com\/jumalpa\/photos\/?tab=album&amp;album_id=3034584679898245\" target=\"_blank\" rel=\"noopener noreferrer\">6\u00aa SEMANA<\/a> &#8211; <a href=\"https:\/\/www.facebook.com\/jumalpa\/photos\/?tab=album&amp;album_id=3034584926564887\" target=\"_blank\" rel=\"noopener noreferrer\">7\u00aa SEMANA<\/a> &#8211; <a href=\"https:\/\/www.facebook.com\/jumalpa\/photos\/?tab=album&amp;album_id=3053454144677965\" target=\"_blank\" rel=\"noopener noreferrer\">8\u00aa SEMANA<\/a><\/em><\/strong><\/p>\n<p><span style=\"color: #333333;\">Tambien pod\u00e9is ver m\u00e1s fotos a diario en nuestro<\/span> <a href=\"https:\/\/www.facebook.com\/jumalpa\/\" target=\"_blank\" rel=\"noopener noreferrer\"><strong><em>FACEBOOK<\/em><\/strong><\/a><\/p>\n<p><span style=\"color: #333333;\">En este enlace pod\u00e9is ver tambien el Programa de Manipulaciones que les hacemos desde que nacen<\/span> <a href=\"https:\/\/www.facebook.com\/jumalpa\/videos\/\" target=\"_blank\" rel=\"noopener noreferrer\"><em><strong>ESTIMULACIONES<\/strong><\/em><\/a><\/p>\n<p>&nbsp;<\/p>\n<h2><strong>PADRES DE LA CAMADA<\/strong><\/h2>\n<h3><em><strong>JUMALPA SUITE<br \/>\n<\/strong><\/em><strong>(Welshriverdee That\u2019s My Boy x Magia)<\/strong><br \/>\n<em><strong>Nacida el 2-09-2017<br \/>\nNegro Tricolor<\/strong><\/em><\/h3>\n<h4><em>RRC 0163613<\/em><\/h4>\n<p><em>Libre de: MDR1-TNS-CEA-CNL-HUU-DM-CMH-IG-PLL<br \/>\nCT2-SN-DH-GONIODYSGENESIS y GLAUCOMA<br \/>\nHD A\/A &#8211; Codos ED 0\/0 &#8211; ECVO OK<\/em><\/p>\n<p><strong><em>Realiza Habilidades Caninas y Dog Dance para competici\u00f3n<br \/>\n<\/em><\/strong><\/p>\n<div id='gallery-1' class='gallery galleryid-2294 gallery-columns-4 gallery-size-thumbnail'><figure class='gallery-item'>\n\t\t\t<div class='gallery-icon landscape'>\n\t\t\t\t<a href='https:\/\/jumalpa.com\/wp-content\/uploads\/2019\/08\/IMG_7213.jpg'><img decoding=\"async\" width=\"150\" height=\"150\" src=\"https:\/\/jumalpa.com\/wp-content\/uploads\/2019\/08\/IMG_7213-150x150.jpg\" class=\"attachment-thumbnail size-thumbnail\" alt=\"\" srcset=\"https:\/\/jumalpa.com\/wp-content\/uploads\/2019\/08\/IMG_7213-150x150.jpg 150w, https:\/\/jumalpa.com\/wp-content\/uploads\/2019\/08\/IMG_7213-48x48.jpg 48w, https:\/\/jumalpa.com\/wp-content\/uploads\/2019\/08\/IMG_7213-186x186.jpg 186w, https:\/\/jumalpa.com\/wp-content\/uploads\/2019\/08\/IMG_7213-184x184.jpg 184w\" sizes=\"100vw\" \/><\/a>\n\t\t\t<\/div><\/figure><figure class='gallery-item'>\n\t\t\t<div class='gallery-icon landscape'>\n\t\t\t\t<a href='https:\/\/jumalpa.com\/wp-content\/uploads\/2019\/08\/IMG_7330.jpg'><img decoding=\"async\" width=\"150\" height=\"150\" src=\"https:\/\/jumalpa.com\/wp-content\/uploads\/2019\/08\/IMG_7330-150x150.jpg\" class=\"attachment-thumbnail size-thumbnail\" alt=\"\" srcset=\"https:\/\/jumalpa.com\/wp-content\/uploads\/2019\/08\/IMG_7330-150x150.jpg 150w, https:\/\/jumalpa.com\/wp-content\/uploads\/2019\/08\/IMG_7330-48x48.jpg 48w, https:\/\/jumalpa.com\/wp-content\/uploads\/2019\/08\/IMG_7330-186x186.jpg 186w, https:\/\/jumalpa.com\/wp-content\/uploads\/2019\/08\/IMG_7330-184x184.jpg 184w\" sizes=\"100vw\" \/><\/a>\n\t\t\t<\/div><\/figure><figure class='gallery-item'>\n\t\t\t<div class='gallery-icon landscape'>\n\t\t\t\t<a href='https:\/\/jumalpa.com\/wp-content\/uploads\/2019\/08\/PerrisSierraNevada0419-15.jpg'><img loading=\"lazy\" decoding=\"async\" width=\"150\" height=\"150\" src=\"https:\/\/jumalpa.com\/wp-content\/uploads\/2019\/08\/PerrisSierraNevada0419-15-150x150.jpg\" class=\"attachment-thumbnail size-thumbnail\" alt=\"\" srcset=\"https:\/\/jumalpa.com\/wp-content\/uploads\/2019\/08\/PerrisSierraNevada0419-15-150x150.jpg 150w, https:\/\/jumalpa.com\/wp-content\/uploads\/2019\/08\/PerrisSierraNevada0419-15-48x48.jpg 48w, https:\/\/jumalpa.com\/wp-content\/uploads\/2019\/08\/PerrisSierraNevada0419-15-186x186.jpg 186w, https:\/\/jumalpa.com\/wp-content\/uploads\/2019\/08\/PerrisSierraNevada0419-15-184x184.jpg 184w\" sizes=\"100vw\" \/><\/a>\n\t\t\t<\/div><\/figure><figure class='gallery-item'>\n\t\t\t<div class='gallery-icon landscape'>\n\t\t\t\t<a href='https:\/\/jumalpa.com\/wp-content\/uploads\/2019\/08\/Suite-1118-1.jpg'><img loading=\"lazy\" decoding=\"async\" width=\"150\" height=\"150\" src=\"https:\/\/jumalpa.com\/wp-content\/uploads\/2019\/08\/Suite-1118-1-150x150.jpg\" class=\"attachment-thumbnail size-thumbnail\" alt=\"\" srcset=\"https:\/\/jumalpa.com\/wp-content\/uploads\/2019\/08\/Suite-1118-1-150x150.jpg 150w, https:\/\/jumalpa.com\/wp-content\/uploads\/2019\/08\/Suite-1118-1-48x48.jpg 48w, https:\/\/jumalpa.com\/wp-content\/uploads\/2019\/08\/Suite-1118-1-186x186.jpg 186w, https:\/\/jumalpa.com\/wp-content\/uploads\/2019\/08\/Suite-1118-1-184x184.jpg 184w, https:\/\/jumalpa.com\/wp-content\/uploads\/2019\/08\/Suite-1118-1-800x800.jpg 800w\" sizes=\"100vw\" \/><\/a>\n\t\t\t<\/div><\/figure><figure class='gallery-item'>\n\t\t\t<div class='gallery-icon landscape'>\n\t\t\t\t<a href='https:\/\/jumalpa.com\/wp-content\/uploads\/2020\/03\/IMG_6495-scaled.jpg'><img loading=\"lazy\" decoding=\"async\" width=\"150\" height=\"150\" src=\"https:\/\/jumalpa.com\/wp-content\/uploads\/2020\/03\/IMG_6495-150x150.jpg\" class=\"attachment-thumbnail size-thumbnail\" alt=\"\" srcset=\"https:\/\/jumalpa.com\/wp-content\/uploads\/2020\/03\/IMG_6495-150x150.jpg 150w, https:\/\/jumalpa.com\/wp-content\/uploads\/2020\/03\/IMG_6495-48x48.jpg 48w, https:\/\/jumalpa.com\/wp-content\/uploads\/2020\/03\/IMG_6495-186x186.jpg 186w, https:\/\/jumalpa.com\/wp-content\/uploads\/2020\/03\/IMG_6495-184x184.jpg 184w\" sizes=\"100vw\" \/><\/a>\n\t\t\t<\/div><\/figure><figure class='gallery-item'>\n\t\t\t<div class='gallery-icon landscape'>\n\t\t\t\t<a href='https:\/\/jumalpa.com\/wp-content\/uploads\/2020\/03\/IMG_6572-scaled.jpg'><img loading=\"lazy\" decoding=\"async\" width=\"150\" height=\"150\" src=\"https:\/\/jumalpa.com\/wp-content\/uploads\/2020\/03\/IMG_6572-150x150.jpg\" class=\"attachment-thumbnail size-thumbnail\" alt=\"\" srcset=\"https:\/\/jumalpa.com\/wp-content\/uploads\/2020\/03\/IMG_6572-150x150.jpg 150w, https:\/\/jumalpa.com\/wp-content\/uploads\/2020\/03\/IMG_6572-48x48.jpg 48w, https:\/\/jumalpa.com\/wp-content\/uploads\/2020\/03\/IMG_6572-186x186.jpg 186w, https:\/\/jumalpa.com\/wp-content\/uploads\/2020\/03\/IMG_6572-184x184.jpg 184w\" sizes=\"100vw\" \/><\/a>\n\t\t\t<\/div><\/figure><figure class='gallery-item'>\n\t\t\t<div class='gallery-icon landscape'>\n\t\t\t\t<a href='https:\/\/jumalpa.com\/wp-content\/uploads\/2020\/03\/IMG_6784-scaled.jpg'><img loading=\"lazy\" decoding=\"async\" width=\"150\" height=\"150\" src=\"https:\/\/jumalpa.com\/wp-content\/uploads\/2020\/03\/IMG_6784-150x150.jpg\" class=\"attachment-thumbnail size-thumbnail\" alt=\"\" srcset=\"https:\/\/jumalpa.com\/wp-content\/uploads\/2020\/03\/IMG_6784-150x150.jpg 150w, https:\/\/jumalpa.com\/wp-content\/uploads\/2020\/03\/IMG_6784-48x48.jpg 48w, https:\/\/jumalpa.com\/wp-content\/uploads\/2020\/03\/IMG_6784-186x186.jpg 186w, https:\/\/jumalpa.com\/wp-content\/uploads\/2020\/03\/IMG_6784-184x184.jpg 184w\" sizes=\"100vw\" \/><\/a>\n\t\t\t<\/div><\/figure><figure class='gallery-item'>\n\t\t\t<div class='gallery-icon landscape'>\n\t\t\t\t<a href='https:\/\/jumalpa.com\/wp-content\/uploads\/2020\/03\/Suite-entreno-0819-1-scaled.jpg'><img loading=\"lazy\" decoding=\"async\" width=\"150\" height=\"150\" src=\"https:\/\/jumalpa.com\/wp-content\/uploads\/2020\/03\/Suite-entreno-0819-1-150x150.jpg\" class=\"attachment-thumbnail size-thumbnail\" alt=\"\" srcset=\"https:\/\/jumalpa.com\/wp-content\/uploads\/2020\/03\/Suite-entreno-0819-1-150x150.jpg 150w, https:\/\/jumalpa.com\/wp-content\/uploads\/2020\/03\/Suite-entreno-0819-1-48x48.jpg 48w, https:\/\/jumalpa.com\/wp-content\/uploads\/2020\/03\/Suite-entreno-0819-1-186x186.jpg 186w, https:\/\/jumalpa.com\/wp-content\/uploads\/2020\/03\/Suite-entreno-0819-1-184x184.jpg 184w\" sizes=\"100vw\" \/><\/a>\n\t\t\t<\/div><\/figure>\n\t\t<\/div>\n\n<p>&nbsp;<\/p>\n<div class=\"moz-forward-container\">\n<p>Suite es muy sociable y cari\u00f1osa, le encantan los mimos, la gente y los ni\u00f1os. Es super equilibrada y con los perros sabe muy bien comunicarse, tiene un lenguaje increible y sabe calmar a otros perros de forma sutil y si hay alg\u00fan problema, lo evita.<\/p>\n<p>En cuanto al trabajo, tiene un muy buen Drive, con un gran enfoque y actitud, siempre est\u00e1 dispuesta a hacer cosas y es muy inteligente, \u00e1gil y r\u00e1pida, pero a la vez sabe esperar cuando hace falta. He entrenado con ella desde que era peque, y tiene pr\u00e1cticamente todos los ejercicios de Obediencia Clase 1 montados. Pero tambi\u00e9n le he ense\u00f1ado una gran cantidad de habilidades caninas, y he decido practicar con ella Dog Dance, para en un futuro breve competir en esta especialidad deportiva.<\/p>\n<p>Puedes ver un video de ella al cumplir un a\u00f1o:<br \/>\n<a class=\"moz-txt-link-freetext\" href=\"https:\/\/www.youtube.com\/watch?v=PD-69cPvR9Y&amp;t=47s\">VIDEO YOUTUBE<\/a><\/p>\n<\/div>\n<div class=\"moz-forward-container\">Y en nuestro Face, tambi\u00e9n puedes ver algunos videos m\u00e1s:<br \/>\n<a class=\"moz-txt-link-freetext\" href=\"https:\/\/www.facebook.com\/funnydogsformacioncanina\/videos\/vl.719299948190396\/331617750815129\/?type=1\">VIDEO FACEBOOK 1<\/a><br \/>\n<a class=\"moz-txt-link-freetext\" href=\"https:\/\/www.facebook.com\/mjosejumalpafunnydogs\/media_set?set=a.10217121227415448&amp;type=3\">VIDEO FACEBOOK 2<\/a><\/div>\n<p>&nbsp;<\/p>\n<h3><strong><em>BORDERPAPS CADBURY &#8211; SHOW<br \/>\n(Jim of Caninature x Red Alert of Shamrock Field)<br \/>\n<\/em><\/strong><em><strong>Nacido el 07-02-2013<br \/>\nMarr\u00f3n y Blanco<\/strong><\/em><\/h3>\n<p><strong>LOE 2130762<\/strong><\/p>\n<p>Libre de: MDR1 &#8211; TNS &#8211; CEA<br \/>\nHD A\/A<br \/>\nCodos: 0\/0<\/p>\n<p><strong><em>Realiza Agility en grado 3 <\/em><\/strong><em>(con varios hijos compitiendo)<\/em><strong><em><br \/>\n<\/em><\/strong><\/p>\n<div id='gallery-2' class='gallery galleryid-2294 gallery-columns-3 gallery-size-thumbnail'><figure class='gallery-item'>\n\t\t\t<div class='gallery-icon landscape'>\n\t\t\t\t<a href='https:\/\/jumalpa.com\/wp-content\/uploads\/2020\/03\/10269299_708782695834936_7274194751774355624_o.jpg'><img loading=\"lazy\" decoding=\"async\" width=\"150\" height=\"150\" src=\"https:\/\/jumalpa.com\/wp-content\/uploads\/2020\/03\/10269299_708782695834936_7274194751774355624_o-150x150.jpg\" class=\"attachment-thumbnail size-thumbnail\" alt=\"\" srcset=\"https:\/\/jumalpa.com\/wp-content\/uploads\/2020\/03\/10269299_708782695834936_7274194751774355624_o-150x150.jpg 150w, https:\/\/jumalpa.com\/wp-content\/uploads\/2020\/03\/10269299_708782695834936_7274194751774355624_o-48x48.jpg 48w, https:\/\/jumalpa.com\/wp-content\/uploads\/2020\/03\/10269299_708782695834936_7274194751774355624_o-186x186.jpg 186w, https:\/\/jumalpa.com\/wp-content\/uploads\/2020\/03\/10269299_708782695834936_7274194751774355624_o-184x184.jpg 184w\" sizes=\"100vw\" \/><\/a>\n\t\t\t<\/div><\/figure><figure class='gallery-item'>\n\t\t\t<div class='gallery-icon landscape'>\n\t\t\t\t<a href='https:\/\/jumalpa.com\/wp-content\/uploads\/2020\/03\/10614350_746885805357958_6265307531156969317_n.jpg'><img loading=\"lazy\" decoding=\"async\" width=\"150\" height=\"150\" src=\"https:\/\/jumalpa.com\/wp-content\/uploads\/2020\/03\/10614350_746885805357958_6265307531156969317_n-150x150.jpg\" class=\"attachment-thumbnail size-thumbnail\" alt=\"\" srcset=\"https:\/\/jumalpa.com\/wp-content\/uploads\/2020\/03\/10614350_746885805357958_6265307531156969317_n-150x150.jpg 150w, https:\/\/jumalpa.com\/wp-content\/uploads\/2020\/03\/10614350_746885805357958_6265307531156969317_n-300x300.jpg 300w, https:\/\/jumalpa.com\/wp-content\/uploads\/2020\/03\/10614350_746885805357958_6265307531156969317_n-48x48.jpg 48w, https:\/\/jumalpa.com\/wp-content\/uploads\/2020\/03\/10614350_746885805357958_6265307531156969317_n-186x186.jpg 186w, https:\/\/jumalpa.com\/wp-content\/uploads\/2020\/03\/10614350_746885805357958_6265307531156969317_n-184x184.jpg 184w, https:\/\/jumalpa.com\/wp-content\/uploads\/2020\/03\/10614350_746885805357958_6265307531156969317_n.jpg 627w\" sizes=\"100vw\" \/><\/a>\n\t\t\t<\/div><\/figure><figure class='gallery-item'>\n\t\t\t<div class='gallery-icon landscape'>\n\t\t\t\t<a href='https:\/\/jumalpa.com\/wp-content\/uploads\/2020\/03\/10708569_705534309532659_1361325701708563820_o.jpg'><img loading=\"lazy\" decoding=\"async\" width=\"150\" height=\"150\" src=\"https:\/\/jumalpa.com\/wp-content\/uploads\/2020\/03\/10708569_705534309532659_1361325701708563820_o-150x150.jpg\" class=\"attachment-thumbnail size-thumbnail\" alt=\"\" srcset=\"https:\/\/jumalpa.com\/wp-content\/uploads\/2020\/03\/10708569_705534309532659_1361325701708563820_o-150x150.jpg 150w, https:\/\/jumalpa.com\/wp-content\/uploads\/2020\/03\/10708569_705534309532659_1361325701708563820_o-48x48.jpg 48w, https:\/\/jumalpa.com\/wp-content\/uploads\/2020\/03\/10708569_705534309532659_1361325701708563820_o-186x186.jpg 186w, https:\/\/jumalpa.com\/wp-content\/uploads\/2020\/03\/10708569_705534309532659_1361325701708563820_o-184x184.jpg 184w\" sizes=\"100vw\" \/><\/a>\n\t\t\t<\/div><\/figure><figure class='gallery-item'>\n\t\t\t<div class='gallery-icon landscape'>\n\t\t\t\t<a href='https:\/\/jumalpa.com\/wp-content\/uploads\/2020\/03\/18451523_803215489837767_9014865084675306305_o.jpg'><img loading=\"lazy\" decoding=\"async\" width=\"150\" height=\"150\" src=\"https:\/\/jumalpa.com\/wp-content\/uploads\/2020\/03\/18451523_803215489837767_9014865084675306305_o-150x150.jpg\" class=\"attachment-thumbnail size-thumbnail\" alt=\"\" srcset=\"https:\/\/jumalpa.com\/wp-content\/uploads\/2020\/03\/18451523_803215489837767_9014865084675306305_o-150x150.jpg 150w, https:\/\/jumalpa.com\/wp-content\/uploads\/2020\/03\/18451523_803215489837767_9014865084675306305_o-48x48.jpg 48w, https:\/\/jumalpa.com\/wp-content\/uploads\/2020\/03\/18451523_803215489837767_9014865084675306305_o-186x186.jpg 186w, https:\/\/jumalpa.com\/wp-content\/uploads\/2020\/03\/18451523_803215489837767_9014865084675306305_o-184x184.jpg 184w\" sizes=\"100vw\" \/><\/a>\n\t\t\t<\/div><\/figure><figure class='gallery-item'>\n\t\t\t<div class='gallery-icon landscape'>\n\t\t\t\t<a href='https:\/\/jumalpa.com\/wp-content\/uploads\/2020\/03\/59415222_2218734078173116_6089459539130712064_n.jpg'><img loading=\"lazy\" decoding=\"async\" width=\"150\" height=\"150\" src=\"https:\/\/jumalpa.com\/wp-content\/uploads\/2020\/03\/59415222_2218734078173116_6089459539130712064_n-150x150.jpg\" class=\"attachment-thumbnail size-thumbnail\" alt=\"\" srcset=\"https:\/\/jumalpa.com\/wp-content\/uploads\/2020\/03\/59415222_2218734078173116_6089459539130712064_n-150x150.jpg 150w, https:\/\/jumalpa.com\/wp-content\/uploads\/2020\/03\/59415222_2218734078173116_6089459539130712064_n-48x48.jpg 48w, https:\/\/jumalpa.com\/wp-content\/uploads\/2020\/03\/59415222_2218734078173116_6089459539130712064_n-186x186.jpg 186w, https:\/\/jumalpa.com\/wp-content\/uploads\/2020\/03\/59415222_2218734078173116_6089459539130712064_n-184x184.jpg 184w\" sizes=\"100vw\" \/><\/a>\n\t\t\t<\/div><\/figure>\n\t\t<\/div>\n\n<p>&nbsp;<\/p>\n<p>SHOW es un perro muy sociable y cari\u00f1oso, adem\u00e1s de super equilibrado y seguro. En cuanto al trabajo, Tiene un gran enfoque y actitud y es muy \u00e1gil y r\u00e1pido, y al igual que Suite, siempre est\u00e1 dispuesto para entrenar. Practica Agility y tiene un gran curriculum a sus espaldas de competiciones, ademas de 4 hijos compitiendo en Grado 3.<\/p>\n<p>Puedes ver fotos de \u00e9l aqu\u00ed:<br \/>\n<a class=\"moz-txt-link-freetext\" href=\"https:\/\/www.facebook.com\/ber.arandamascaros\/media_set?set=a.715921351793859&amp;type=3\">FOTOS SHOW<\/a><\/p>\n<p>Y en este enlace, un video de su \u00faltima competici\u00f3n:<br \/>\n<a class=\"moz-txt-link-freetext\" href=\"https:\/\/www.facebook.com\/ber.arandamascaros\/videos\/2876449742407665\/?lst=1612136704%3A100001096377357%3A1578437398\">VIDEO COMPETICI\u00d3N SHOW<\/a><\/p>\n<p>&nbsp;<\/p>\n<p>Para reservas y m\u00e1s informaci\u00f3n, contactar en:<br \/>\n<em><a href=\"mailto:jumalpa@jumalpa.com\">jumalpa@jumalpa.com<\/a><br \/>\n682822726<\/em><\/p>\n<p><span style=\"border-radius: 2px; text-indent: 20px; width: auto; padding: 0px 4px 0px 0px; text-align: center; font: bold 11px\/20px 'Helvetica Neue',Helvetica,sans-serif; color: #ffffff; background: #bd081c no-repeat scroll 3px 50% \/ 14px 14px; position: absolute; opacity: 1; z-index: 8675309; display: none; cursor: pointer; top: 221px; left: 20px;\">Guardar<\/span><\/p>\n<p><span style=\"border-radius: 2px; text-indent: 20px; width: auto; padding: 0px 4px 0px 0px; text-align: center; font: bold 11px\/20px 'Helvetica Neue',Helvetica,sans-serif; color: #ffffff; background: #bd081c no-repeat scroll 3px 50% \/ 14px 14px; position: absolute; opacity: 1; z-index: 8675309; display: none; cursor: pointer; top: 221px; left: 20px;\">Guardar<\/span><\/p>\n<p><span style=\"border-radius: 2px; text-indent: 20px; width: auto; padding: 0px 4px 0px 0px; text-align: center; font: bold 11px\/20px 'Helvetica Neue',Helvetica,sans-serif; color: #ffffff; background: #bd081c no-repeat scroll 3px 50% \/ 14px 14px; position: absolute; opacity: 1; z-index: 8675309; display: none; cursor: pointer; top: 221px; left: 20px;\">Guardar<\/span><\/p>\n<p><span style=\"border-radius: 2px; text-indent: 20px; width: auto; padding: 0px 4px 0px 0px; text-align: center; font: bold 11px\/20px 'Helvetica Neue',Helvetica,sans-serif; color: #ffffff; background: #bd081c no-repeat scroll 3px 50% \/ 14px 14px; position: absolute; opacity: 1; z-index: 8675309; display: none; cursor: pointer; top: 221px; left: 20px;\">Guardar<\/span><\/p>\n","protected":false},"excerpt":{"rendered":"<p>PERSONAJES FICCI\u00d3N &nbsp; SUITE\u00a0 x\u00a0 SHOW Jumalpa Suite x Borderpaps Cadbury &nbsp; Nacidos el 8 de Marzo 1 Hembra y 4 Machos &nbsp; Pod\u00e9is ver m\u00e1s fotos en los siguientes enlaces: 1\u00aa SEMANA &#8211; 2\u00aa SEMANA &#8211; 3\u00aa SEMANA &#8211; 4\u00aa SEMANA &#8211; 5\u00aa SEMANA &#8211; 6\u00aa SEMANA &#8211; 7\u00aa SEMANA &#8211; 8\u00aa SEMANA Tambien &hellip; <\/p>\n<p class=\"link-more\"><a href=\"https:\/\/jumalpa.com\/?page_id=2294\" class=\"more-link\">Leer m\u00e1s<span class=\"screen-reader-text\"> \u00abCamada 4 &#8211; Border Collie\u00bb<\/span><\/a><\/p>\n","protected":false},"author":1,"featured_media":0,"parent":2518,"menu_order":0,"comment_status":"closed","ping_status":"closed","template":"","meta":{"footnotes":""},"class_list":["post-2294","page","type-page","status-publish","hentry"],"featured_media_urls":[],"_links":{"self":[{"href":"https:\/\/jumalpa.com\/index.php?rest_route=\/wp\/v2\/pages\/2294","targetHints":{"allow":["GET"]}}],"collection":[{"href":"https:\/\/jumalpa.com\/index.php?rest_route=\/wp\/v2\/pages"}],"about":[{"href":"https:\/\/jumalpa.com\/index.php?rest_route=\/wp\/v2\/types\/page"}],"author":[{"embeddable":true,"href":"https:\/\/jumalpa.com\/index.php?rest_route=\/wp\/v2\/users\/1"}],"replies":[{"embeddable":true,"href":"https:\/\/jumalpa.com\/index.php?rest_route=%2Fwp%2Fv2%2Fcomments&post=2294"}],"version-history":[{"count":12,"href":"https:\/\/jumalpa.com\/index.php?rest_route=\/wp\/v2\/pages\/2294\/revisions"}],"predecessor-version":[{"id":2650,"href":"https:\/\/jumalpa.com\/index.php?rest_route=\/wp\/v2\/pages\/2294\/revisions\/2650"}],"up":[{"embeddable":true,"href":"https:\/\/jumalpa.com\/index.php?rest_route=\/wp\/v2\/pages\/2518"}],"wp:attachment":[{"href":"https:\/\/jumalpa.com\/index.php?rest_route=%2Fwp%2Fv2%2Fmedia&parent=2294"}],"curies":[{"name":"wp","href":"https:\/\/api.w.org\/{rel}","templated":true}]}}