{"id":2217,"date":"2019-01-08T12:39:30","date_gmt":"2019-01-08T12:39:30","guid":{"rendered":"http:\/\/jumalpa.com\/?page_id=2217"},"modified":"2022-06-06T21:12:48","modified_gmt":"2022-06-06T21:12:48","slug":"camada-i-dalmatas","status":"publish","type":"page","link":"https:\/\/jumalpa.com\/?page_id=2217","title":{"rendered":"Camada I Dalmatas"},"content":{"rendered":"<h2><strong>Os presentamos nuestra Camada G de Dalmatas<br \/>\n<\/strong><\/h2>\n<p><span style=\"color: #333333;\">Han sido 9<strong><em> preciosos cachorros<\/em><\/strong>, todos sanos y fuertes. Y su madre, SENDA, los esta atendiendo de maravilla.<br \/>\n<\/span><\/p>\n<p>Son<em><strong> 5 machos y 4 hembras, todos de manchas negras.<\/strong><\/em><\/p>\n<p><a href=\"https:\/\/jumalpa.com\/wp-content\/uploads\/2019\/01\/IMG-20190104-WA0016.jpg\"><img fetchpriority=\"high\" decoding=\"async\" class=\"alignleft wp-image-2219 size-large\" src=\"https:\/\/jumalpa.com\/wp-content\/uploads\/2019\/01\/IMG-20190104-WA0016-1024x512.jpg\" alt=\"\" width=\"1024\" height=\"512\" srcset=\"https:\/\/jumalpa.com\/wp-content\/uploads\/2019\/01\/IMG-20190104-WA0016-1024x512.jpg 1024w, https:\/\/jumalpa.com\/wp-content\/uploads\/2019\/01\/IMG-20190104-WA0016-300x150.jpg 300w, https:\/\/jumalpa.com\/wp-content\/uploads\/2019\/01\/IMG-20190104-WA0016-768x384.jpg 768w, https:\/\/jumalpa.com\/wp-content\/uploads\/2019\/01\/IMG-20190104-WA0016-232x117.jpg 232w, https:\/\/jumalpa.com\/wp-content\/uploads\/2019\/01\/IMG-20190104-WA0016.jpg 1599w\" sizes=\"(max-width: 1024px) 100vw, 1024px\" \/><\/a><\/p>\n<p>&nbsp;<\/p>\n<p>&nbsp;<\/p>\n<p>Pod\u00e9is ver m\u00e1s fotos a diario en nuestro <a href=\"https:\/\/www.facebook.com\/pages\/Jumalpa-D%C3%A1lmatas-y-Dogos-Alemanes\/153977494625659?ref=hl\" target=\"_blank\" rel=\"noopener noreferrer\"><strong><em>FACEBOOK<\/em><\/strong><\/a><\/p>\n<p><span style=\"color: #333333;\">Y en los siguientes enlaces iremos las podr\u00e9is ver por semanas:<br \/>\n<\/span><\/p>\n<p><strong><em><a href=\"https:\/\/www.facebook.com\/153977494625659\/photos\/?tab=album&amp;album_id=2120057574684298\" target=\"_blank\" rel=\"noopener noreferrer\">1\u00aa SEMANA<\/a> &#8211; <a href=\"https:\/\/www.facebook.com\/153977494625659\/photos\/?tab=album&amp;album_id=2132531350103587\" target=\"_blank\" rel=\"noopener noreferrer\">2\u00aa SEMANA<\/a> &#8211; <a href=\"https:\/\/www.facebook.com\/153977494625659\/photos\/?tab=album&amp;album_id=2148871511802904\" target=\"_blank\" rel=\"noopener noreferrer\">3\u00aa SEMANA<\/a> &#8211; <a href=\"https:\/\/www.facebook.com\/153977494625659\/photos\/?tab=album&amp;album_id=2169595619730493\" target=\"_blank\" rel=\"noopener noreferrer\">5\u00aa SEMANA<\/a> &#8211; <a href=\"https:\/\/www.facebook.com\/153977494625659\/photos\/?tab=album&amp;album_id=2195240050499383\" target=\"_blank\" rel=\"noopener noreferrer\">6\u00aa SEMANA<\/a> &#8211; <a href=\"https:\/\/www.facebook.com\/153977494625659\/photos\/?tab=album&amp;album_id=2195256170497771\" target=\"_blank\" rel=\"noopener noreferrer\">7\u00aa SEMANA<\/a> &#8211; <a href=\"https:\/\/www.facebook.com\/153977494625659\/photos\/?tab=album&amp;album_id=2265176443505743\" target=\"_blank\" rel=\"noopener noreferrer\">Creciendo<\/a><br \/>\n<\/em><\/strong><\/p>\n<p><strong><em>FOTOS INDIVIDUALES\u00a0 &#8211; <a href=\"https:\/\/www.facebook.com\/153977494625659\/photos\/?tab=album&amp;album_id=2145876258769096\" target=\"_blank\" rel=\"noopener noreferrer\">2 SEMANA<\/a> &#8211; <a href=\"https:\/\/www.facebook.com\/153977494625659\/photos\/?tab=album&amp;album_id=2157780617578660\" target=\"_blank\" rel=\"noopener noreferrer\">3 SEMANA<\/a> &#8211; <a href=\"https:\/\/www.facebook.com\/153977494625659\/photos\/?tab=album&amp;album_id=2183454095011312\" target=\"_blank\" rel=\"noopener noreferrer\">6 SEMANA<\/a><\/em><\/strong><\/p>\n<p><span style=\"color: #333333;\">En este enlace pod\u00e9is ver tambien el Programa de Manipulaciones que les hacemos desde que nacen<\/span> <a href=\"https:\/\/www.facebook.com\/pg\/jumalpa\/videos\/?ref=page_internal\" target=\"_blank\" rel=\"noopener noreferrer\"><em><strong>ESTIMULACIONES<\/strong><\/em><\/a><\/p>\n<p>&nbsp;<\/p>\n<h2><strong>PADRES DE LA CAMADA<\/strong><\/h2>\n<p><em><strong>MADRE<br \/>\nJumalpa Dana &#8211; SENDA<\/strong><\/em><br \/>\n<span style=\"color: #333333;\">Propiedad de JUMALPA<\/span><br \/>\n<span style=\"color: #333333;\"> (Padre: Jilloc,s Walk on Top x Madre: CH Nenufar de la Llibra Casanova)<\/span><br \/>\n<span style=\"color: #333333;\"> Color: Blanco y Marr\u00f3n<br \/>\n<\/span>BAER +\/+ (Audici\u00f3n bilateral)<br \/>\n<span style=\"color: #333333;\"> Dentici\u00f3n Completa<\/span><\/p>\n<p>&nbsp;<\/p>\n<p><a href=\"https:\/\/jumalpa.com\/wp-content\/uploads\/2014\/07\/MG_3334-copyC.jpg\"><img decoding=\"async\" class=\"alignleft wp-image-1244 size-thumbnail\" src=\"https:\/\/jumalpa.com\/wp-content\/uploads\/2014\/07\/MG_3334-copyC-150x150.jpg\" width=\"150\" height=\"150\" srcset=\"https:\/\/jumalpa.com\/wp-content\/uploads\/2014\/07\/MG_3334-copyC-150x150.jpg 150w, https:\/\/jumalpa.com\/wp-content\/uploads\/2014\/07\/MG_3334-copyC-48x48.jpg 48w, https:\/\/jumalpa.com\/wp-content\/uploads\/2014\/07\/MG_3334-copyC-186x186.jpg 186w, https:\/\/jumalpa.com\/wp-content\/uploads\/2014\/07\/MG_3334-copyC-184x184.jpg 184w, https:\/\/jumalpa.com\/wp-content\/uploads\/2014\/07\/MG_3334-copyC-800x800.jpg 800w\" sizes=\"(max-width: 150px) 100vw, 150px\" \/><\/a><a href=\"https:\/\/jumalpa.com\/wp-content\/uploads\/2014\/07\/MG_3321-copyC.jpg\"><img decoding=\"async\" class=\"alignleft wp-image-1243 size-thumbnail\" src=\"https:\/\/jumalpa.com\/wp-content\/uploads\/2014\/07\/MG_3321-copyC-150x150.jpg\" width=\"150\" height=\"150\" srcset=\"https:\/\/jumalpa.com\/wp-content\/uploads\/2014\/07\/MG_3321-copyC-150x150.jpg 150w, https:\/\/jumalpa.com\/wp-content\/uploads\/2014\/07\/MG_3321-copyC-48x48.jpg 48w, https:\/\/jumalpa.com\/wp-content\/uploads\/2014\/07\/MG_3321-copyC-186x186.jpg 186w, https:\/\/jumalpa.com\/wp-content\/uploads\/2014\/07\/MG_3321-copyC-184x184.jpg 184w\" sizes=\"(max-width: 150px) 100vw, 150px\" \/><\/a> <a href=\"https:\/\/jumalpa.com\/wp-content\/uploads\/2014\/07\/MG_3384-copyC.jpg\"><img loading=\"lazy\" decoding=\"async\" class=\"alignleft wp-image-1247 size-thumbnail\" src=\"https:\/\/jumalpa.com\/wp-content\/uploads\/2014\/07\/MG_3384-copyC-150x150.jpg\" width=\"150\" height=\"150\" srcset=\"https:\/\/jumalpa.com\/wp-content\/uploads\/2014\/07\/MG_3384-copyC-150x150.jpg 150w, https:\/\/jumalpa.com\/wp-content\/uploads\/2014\/07\/MG_3384-copyC-48x48.jpg 48w, https:\/\/jumalpa.com\/wp-content\/uploads\/2014\/07\/MG_3384-copyC-186x186.jpg 186w, https:\/\/jumalpa.com\/wp-content\/uploads\/2014\/07\/MG_3384-copyC-184x184.jpg 184w\" sizes=\"(max-width: 150px) 100vw, 150px\" \/><\/a><a href=\"https:\/\/jumalpa.com\/wp-content\/uploads\/2014\/07\/MG_3345-copyC.jpg\"><img loading=\"lazy\" decoding=\"async\" class=\"alignleft wp-image-1245 size-thumbnail\" src=\"https:\/\/jumalpa.com\/wp-content\/uploads\/2014\/07\/MG_3345-copyC-150x150.jpg\" width=\"150\" height=\"150\" srcset=\"https:\/\/jumalpa.com\/wp-content\/uploads\/2014\/07\/MG_3345-copyC-150x150.jpg 150w, https:\/\/jumalpa.com\/wp-content\/uploads\/2014\/07\/MG_3345-copyC-48x48.jpg 48w, https:\/\/jumalpa.com\/wp-content\/uploads\/2014\/07\/MG_3345-copyC-186x186.jpg 186w, https:\/\/jumalpa.com\/wp-content\/uploads\/2014\/07\/MG_3345-copyC-184x184.jpg 184w, https:\/\/jumalpa.com\/wp-content\/uploads\/2014\/07\/MG_3345-copyC-800x800.jpg 800w\" sizes=\"(max-width: 150px) 100vw, 150px\" \/><\/a><\/p>\n<p>&nbsp;<\/p>\n<p>&nbsp;<\/p>\n<p>&nbsp;<\/p>\n<p>&nbsp;<\/p>\n<h2><strong>\u00a0<\/strong><\/h2>\n<p><em><strong>PADRE<br \/>\nElegant Zacco &#8211; ZACCO<\/strong><\/em><br \/>\nPropiedad Angel Messias<br \/>\n(Padre: Don-Diego Des Dalmats de la Pierre Sacree x Madre: Perdina do Falcate)<br \/>\nColor: Blanco y negro<br \/>\nBAER +\/+ (Audici\u00f3n bilateral)<br \/>\nDentici\u00f3n Completa<\/p>\n<p><a href=\"https:\/\/jumalpa.com\/wp-content\/uploads\/2019\/01\/44889118_2178294265746251_736580530417434624_n.jpg\"><img loading=\"lazy\" decoding=\"async\" class=\"alignleft wp-image-2220 \" src=\"https:\/\/jumalpa.com\/wp-content\/uploads\/2019\/01\/44889118_2178294265746251_736580530417434624_n.jpg\" alt=\"\" width=\"179\" height=\"152\" srcset=\"https:\/\/jumalpa.com\/wp-content\/uploads\/2019\/01\/44889118_2178294265746251_736580530417434624_n.jpg 720w, https:\/\/jumalpa.com\/wp-content\/uploads\/2019\/01\/44889118_2178294265746251_736580530417434624_n-300x255.jpg 300w\" sizes=\"(max-width: 179px) 100vw, 179px\" \/><\/a> <a href=\"https:\/\/jumalpa.com\/wp-content\/uploads\/2019\/01\/Zacco1.jpg\"><img loading=\"lazy\" decoding=\"async\" class=\"alignleft wp-image-2223 \" src=\"https:\/\/jumalpa.com\/wp-content\/uploads\/2019\/01\/Zacco1.jpg\" alt=\"\" width=\"180\" height=\"150\" srcset=\"https:\/\/jumalpa.com\/wp-content\/uploads\/2019\/01\/Zacco1.jpg 609w, https:\/\/jumalpa.com\/wp-content\/uploads\/2019\/01\/Zacco1-300x251.jpg 300w\" sizes=\"(max-width: 180px) 100vw, 180px\" \/><\/a> <a href=\"https:\/\/jumalpa.com\/wp-content\/uploads\/2019\/01\/Zacco2.jpg\"><img loading=\"lazy\" decoding=\"async\" class=\"alignleft wp-image-2222\" src=\"https:\/\/jumalpa.com\/wp-content\/uploads\/2019\/01\/Zacco2.jpg\" alt=\"\" width=\"195\" height=\"152\" srcset=\"https:\/\/jumalpa.com\/wp-content\/uploads\/2019\/01\/Zacco2.jpg 721w, https:\/\/jumalpa.com\/wp-content\/uploads\/2019\/01\/Zacco2-300x234.jpg 300w\" sizes=\"(max-width: 195px) 100vw, 195px\" \/><\/a><\/p>\n<p><em><strong>\u00a0<\/strong><\/em><\/p>\n<p>&nbsp;<\/p>\n<p>&nbsp;<\/p>\n<p>&nbsp;<\/p>\n<p>&nbsp;<\/p>\n<p><em><strong><span style=\"color: #ff0000;\">LISTA DE RESERVAS ABIERTA !!!<\/span><\/strong><\/em><\/p>\n","protected":false},"excerpt":{"rendered":"<p>Os presentamos nuestra Camada G de Dalmatas Han sido 9 preciosos cachorros, todos sanos y fuertes. Y su madre, SENDA, los esta atendiendo de maravilla. Son 5 machos y 4 hembras, todos de manchas negras. &nbsp; &nbsp; Pod\u00e9is ver m\u00e1s fotos a diario en nuestro FACEBOOK Y en los siguientes enlaces iremos las podr\u00e9is ver &hellip; <\/p>\n<p class=\"link-more\"><a href=\"https:\/\/jumalpa.com\/?page_id=2217\" class=\"more-link\">Leer m\u00e1s<span class=\"screen-reader-text\"> \u00abCamada I Dalmatas\u00bb<\/span><\/a><\/p>\n","protected":false},"author":1,"featured_media":0,"parent":2514,"menu_order":0,"comment_status":"closed","ping_status":"closed","template":"","meta":{"footnotes":""},"class_list":["post-2217","page","type-page","status-publish","hentry"],"featured_media_urls":[],"_links":{"self":[{"href":"https:\/\/jumalpa.com\/index.php?rest_route=\/wp\/v2\/pages\/2217","targetHints":{"allow":["GET"]}}],"collection":[{"href":"https:\/\/jumalpa.com\/index.php?rest_route=\/wp\/v2\/pages"}],"about":[{"href":"https:\/\/jumalpa.com\/index.php?rest_route=\/wp\/v2\/types\/page"}],"author":[{"embeddable":true,"href":"https:\/\/jumalpa.com\/index.php?rest_route=\/wp\/v2\/users\/1"}],"replies":[{"embeddable":true,"href":"https:\/\/jumalpa.com\/index.php?rest_route=%2Fwp%2Fv2%2Fcomments&post=2217"}],"version-history":[{"count":5,"href":"https:\/\/jumalpa.com\/index.php?rest_route=\/wp\/v2\/pages\/2217\/revisions"}],"predecessor-version":[{"id":2232,"href":"https:\/\/jumalpa.com\/index.php?rest_route=\/wp\/v2\/pages\/2217\/revisions\/2232"}],"up":[{"embeddable":true,"href":"https:\/\/jumalpa.com\/index.php?rest_route=\/wp\/v2\/pages\/2514"}],"wp:attachment":[{"href":"https:\/\/jumalpa.com\/index.php?rest_route=%2Fwp%2Fv2%2Fmedia&parent=2217"}],"curies":[{"name":"wp","href":"https:\/\/api.w.org\/{rel}","templated":true}]}}