{"id":2196,"date":"2017-11-05T23:42:43","date_gmt":"2017-11-05T23:42:43","guid":{"rendered":"http:\/\/jumalpa.com\/?page_id=2196"},"modified":"2023-03-31T16:19:17","modified_gmt":"2023-03-31T16:19:17","slug":"suite","status":"publish","type":"page","link":"https:\/\/jumalpa.com\/?page_id=2196","title":{"rendered":"SUITE"},"content":{"rendered":"<h2>Jumalpa SUITE<\/h2>\n<p><strong>Nacida el 2 de Septiembre del 2017<\/strong><br \/>\n<strong>MAGIA x WELSHIRIVERDEE THAT,S MY BOY &#8211; <\/strong><strong>ELLIOT<\/strong><em><strong><br \/>\nRRC: 0163613<br \/>\nTricolor<\/strong><\/em><\/p>\n<p><strong>Est\u00e1 libre de todas las enfermedades por MyDogDNA<\/strong><\/p>\n<div dir=\"auto\"><strong>DISPLAXIA Y CODOS<\/strong><br \/>\n&#8211; Displaxia de Caderas: <strong>HD A\/A<\/strong><br \/>\n&#8211; Codos: <strong>ED O\/O<\/strong><\/div>\n<p><strong>COLORES<\/strong><em><strong><br \/>\n<\/strong><\/em><strong>Porta el Tricolor y el Diluido (Blue)<\/strong><\/p>\n<p><strong>Genealog\u00eda completa <a href=\"http:\/\/db.bordercollie.ru\/details.php?id=110730\" target=\"_blank\" rel=\"noopener\">AQU\u00cd<\/a><\/strong><\/p>\n<p>Ha practicado Obediencia Deportiva, pero ya solo realizamos Habilidades Caninas y Dog Dance.<\/p>\n<p>Realizamos una Exhibici\u00f3n de Dog Dance en la Exposici\u00f3n Internacional de Madrid en 2018 en IFEMA, con tan s\u00f3lo 7 meses.<\/p>\n<p>Y nuestra \u00faltima Exhibici\u00f3n de Dog Dance ha sido en Noviembre del 2022 en EXPOANIMAL en Braga, Portugal, realizando 5 pases en dos d\u00edas.<\/p>\n<p><strong><em>Estamos prepar\u00e1ndonos para competir en Dog Dance.<\/em><\/strong><\/p>\n<div id='gallery-1' class='gallery galleryid-2196 gallery-columns-4 gallery-size-thumbnail'><figure class='gallery-item'>\n\t\t\t<div class='gallery-icon landscape'>\n\t\t\t\t<a href='https:\/\/jumalpa.com\/wp-content\/uploads\/2017\/11\/Suite8s2.jpg'><img decoding=\"async\" width=\"150\" height=\"150\" src=\"https:\/\/jumalpa.com\/wp-content\/uploads\/2017\/11\/Suite8s2-150x150.jpg\" class=\"attachment-thumbnail size-thumbnail\" alt=\"\" srcset=\"https:\/\/jumalpa.com\/wp-content\/uploads\/2017\/11\/Suite8s2-150x150.jpg 150w, https:\/\/jumalpa.com\/wp-content\/uploads\/2017\/11\/Suite8s2-48x48.jpg 48w, https:\/\/jumalpa.com\/wp-content\/uploads\/2017\/11\/Suite8s2-186x186.jpg 186w, https:\/\/jumalpa.com\/wp-content\/uploads\/2017\/11\/Suite8s2-184x184.jpg 184w\" sizes=\"100vw\" \/><\/a>\n\t\t\t<\/div><\/figure><figure class='gallery-item'>\n\t\t\t<div class='gallery-icon landscape'>\n\t\t\t\t<a href='https:\/\/jumalpa.com\/wp-content\/uploads\/2017\/11\/Suite8s1.jpg'><img decoding=\"async\" width=\"150\" height=\"150\" src=\"https:\/\/jumalpa.com\/wp-content\/uploads\/2017\/11\/Suite8s1-150x150.jpg\" class=\"attachment-thumbnail size-thumbnail\" alt=\"\" srcset=\"https:\/\/jumalpa.com\/wp-content\/uploads\/2017\/11\/Suite8s1-150x150.jpg 150w, https:\/\/jumalpa.com\/wp-content\/uploads\/2017\/11\/Suite8s1-48x48.jpg 48w, https:\/\/jumalpa.com\/wp-content\/uploads\/2017\/11\/Suite8s1-186x186.jpg 186w, https:\/\/jumalpa.com\/wp-content\/uploads\/2017\/11\/Suite8s1-184x184.jpg 184w\" sizes=\"100vw\" \/><\/a>\n\t\t\t<\/div><\/figure><figure class='gallery-item'>\n\t\t\t<div class='gallery-icon landscape'>\n\t\t\t\t<a href='https:\/\/jumalpa.com\/wp-content\/uploads\/2017\/11\/Suite7s1.jpg'><img decoding=\"async\" width=\"150\" height=\"150\" src=\"https:\/\/jumalpa.com\/wp-content\/uploads\/2017\/11\/Suite7s1-150x150.jpg\" class=\"attachment-thumbnail size-thumbnail\" alt=\"\" srcset=\"https:\/\/jumalpa.com\/wp-content\/uploads\/2017\/11\/Suite7s1-150x150.jpg 150w, https:\/\/jumalpa.com\/wp-content\/uploads\/2017\/11\/Suite7s1-48x48.jpg 48w, https:\/\/jumalpa.com\/wp-content\/uploads\/2017\/11\/Suite7s1-186x186.jpg 186w, https:\/\/jumalpa.com\/wp-content\/uploads\/2017\/11\/Suite7s1-184x184.jpg 184w\" sizes=\"100vw\" \/><\/a>\n\t\t\t<\/div><\/figure><figure class='gallery-item'>\n\t\t\t<div class='gallery-icon landscape'>\n\t\t\t\t<a href='https:\/\/jumalpa.com\/wp-content\/uploads\/2017\/11\/Suite7s2.jpg'><img loading=\"lazy\" decoding=\"async\" width=\"150\" height=\"150\" src=\"https:\/\/jumalpa.com\/wp-content\/uploads\/2017\/11\/Suite7s2-150x150.jpg\" class=\"attachment-thumbnail size-thumbnail\" alt=\"\" srcset=\"https:\/\/jumalpa.com\/wp-content\/uploads\/2017\/11\/Suite7s2-150x150.jpg 150w, https:\/\/jumalpa.com\/wp-content\/uploads\/2017\/11\/Suite7s2-48x48.jpg 48w, https:\/\/jumalpa.com\/wp-content\/uploads\/2017\/11\/Suite7s2-186x186.jpg 186w, https:\/\/jumalpa.com\/wp-content\/uploads\/2017\/11\/Suite7s2-184x184.jpg 184w\" sizes=\"100vw\" \/><\/a>\n\t\t\t<\/div><\/figure><figure class='gallery-item'>\n\t\t\t<div class='gallery-icon landscape'>\n\t\t\t\t<a href='https:\/\/jumalpa.com\/wp-content\/uploads\/2019\/08\/Suite-Valentin-1.jpg'><img loading=\"lazy\" decoding=\"async\" width=\"150\" height=\"150\" src=\"https:\/\/jumalpa.com\/wp-content\/uploads\/2019\/08\/Suite-Valentin-1-150x150.jpg\" class=\"attachment-thumbnail size-thumbnail\" alt=\"\" srcset=\"https:\/\/jumalpa.com\/wp-content\/uploads\/2019\/08\/Suite-Valentin-1-150x150.jpg 150w, https:\/\/jumalpa.com\/wp-content\/uploads\/2019\/08\/Suite-Valentin-1-48x48.jpg 48w, https:\/\/jumalpa.com\/wp-content\/uploads\/2019\/08\/Suite-Valentin-1-186x186.jpg 186w, https:\/\/jumalpa.com\/wp-content\/uploads\/2019\/08\/Suite-Valentin-1-184x184.jpg 184w\" sizes=\"100vw\" \/><\/a>\n\t\t\t<\/div><\/figure><figure class='gallery-item'>\n\t\t\t<div class='gallery-icon landscape'>\n\t\t\t\t<a href='https:\/\/jumalpa.com\/wp-content\/uploads\/2019\/08\/Suite0818-1.jpg'><img loading=\"lazy\" decoding=\"async\" width=\"150\" height=\"150\" src=\"https:\/\/jumalpa.com\/wp-content\/uploads\/2019\/08\/Suite0818-1-150x150.jpg\" class=\"attachment-thumbnail size-thumbnail\" alt=\"\" srcset=\"https:\/\/jumalpa.com\/wp-content\/uploads\/2019\/08\/Suite0818-1-150x150.jpg 150w, https:\/\/jumalpa.com\/wp-content\/uploads\/2019\/08\/Suite0818-1-48x48.jpg 48w, https:\/\/jumalpa.com\/wp-content\/uploads\/2019\/08\/Suite0818-1-186x186.jpg 186w, https:\/\/jumalpa.com\/wp-content\/uploads\/2019\/08\/Suite0818-1-184x184.jpg 184w\" sizes=\"100vw\" \/><\/a>\n\t\t\t<\/div><\/figure><figure class='gallery-item'>\n\t\t\t<div class='gallery-icon landscape'>\n\t\t\t\t<a href='https:\/\/jumalpa.com\/wp-content\/uploads\/2019\/08\/Suite-1118-1.jpg'><img loading=\"lazy\" decoding=\"async\" width=\"150\" height=\"150\" src=\"https:\/\/jumalpa.com\/wp-content\/uploads\/2019\/08\/Suite-1118-1-150x150.jpg\" class=\"attachment-thumbnail size-thumbnail\" alt=\"\" srcset=\"https:\/\/jumalpa.com\/wp-content\/uploads\/2019\/08\/Suite-1118-1-150x150.jpg 150w, https:\/\/jumalpa.com\/wp-content\/uploads\/2019\/08\/Suite-1118-1-48x48.jpg 48w, https:\/\/jumalpa.com\/wp-content\/uploads\/2019\/08\/Suite-1118-1-186x186.jpg 186w, https:\/\/jumalpa.com\/wp-content\/uploads\/2019\/08\/Suite-1118-1-184x184.jpg 184w, https:\/\/jumalpa.com\/wp-content\/uploads\/2019\/08\/Suite-1118-1-800x800.jpg 800w\" sizes=\"100vw\" \/><\/a>\n\t\t\t<\/div><\/figure><figure class='gallery-item'>\n\t\t\t<div class='gallery-icon landscape'>\n\t\t\t\t<a href='https:\/\/jumalpa.com\/wp-content\/uploads\/2019\/08\/Suite0219-1.jpg'><img loading=\"lazy\" decoding=\"async\" width=\"150\" height=\"150\" src=\"https:\/\/jumalpa.com\/wp-content\/uploads\/2019\/08\/Suite0219-1-150x150.jpg\" class=\"attachment-thumbnail size-thumbnail\" alt=\"\" srcset=\"https:\/\/jumalpa.com\/wp-content\/uploads\/2019\/08\/Suite0219-1-150x150.jpg 150w, https:\/\/jumalpa.com\/wp-content\/uploads\/2019\/08\/Suite0219-1-48x48.jpg 48w, https:\/\/jumalpa.com\/wp-content\/uploads\/2019\/08\/Suite0219-1-186x186.jpg 186w, https:\/\/jumalpa.com\/wp-content\/uploads\/2019\/08\/Suite0219-1-184x184.jpg 184w\" sizes=\"100vw\" \/><\/a>\n\t\t\t<\/div><\/figure><figure class='gallery-item'>\n\t\t\t<div class='gallery-icon landscape'>\n\t\t\t\t<a href='https:\/\/jumalpa.com\/wp-content\/uploads\/2019\/08\/IMG_5923.jpg'><img loading=\"lazy\" decoding=\"async\" width=\"150\" height=\"150\" src=\"https:\/\/jumalpa.com\/wp-content\/uploads\/2019\/08\/IMG_5923-150x150.jpg\" class=\"attachment-thumbnail size-thumbnail\" alt=\"\" srcset=\"https:\/\/jumalpa.com\/wp-content\/uploads\/2019\/08\/IMG_5923-150x150.jpg 150w, https:\/\/jumalpa.com\/wp-content\/uploads\/2019\/08\/IMG_5923-48x48.jpg 48w, https:\/\/jumalpa.com\/wp-content\/uploads\/2019\/08\/IMG_5923-186x186.jpg 186w, https:\/\/jumalpa.com\/wp-content\/uploads\/2019\/08\/IMG_5923-184x184.jpg 184w\" sizes=\"100vw\" \/><\/a>\n\t\t\t<\/div><\/figure><figure class='gallery-item'>\n\t\t\t<div class='gallery-icon landscape'>\n\t\t\t\t<a href='https:\/\/jumalpa.com\/wp-content\/uploads\/2019\/08\/20190220_165751.jpg'><img loading=\"lazy\" decoding=\"async\" width=\"150\" height=\"150\" src=\"https:\/\/jumalpa.com\/wp-content\/uploads\/2019\/08\/20190220_165751-150x150.jpg\" class=\"attachment-thumbnail size-thumbnail\" alt=\"\" srcset=\"https:\/\/jumalpa.com\/wp-content\/uploads\/2019\/08\/20190220_165751-150x150.jpg 150w, https:\/\/jumalpa.com\/wp-content\/uploads\/2019\/08\/20190220_165751-48x48.jpg 48w, https:\/\/jumalpa.com\/wp-content\/uploads\/2019\/08\/20190220_165751-186x186.jpg 186w, https:\/\/jumalpa.com\/wp-content\/uploads\/2019\/08\/20190220_165751-184x184.jpg 184w\" sizes=\"100vw\" \/><\/a>\n\t\t\t<\/div><\/figure><figure class='gallery-item'>\n\t\t\t<div class='gallery-icon landscape'>\n\t\t\t\t<a href='https:\/\/jumalpa.com\/wp-content\/uploads\/2019\/08\/20190319_173743.jpg'><img loading=\"lazy\" decoding=\"async\" width=\"150\" height=\"150\" src=\"https:\/\/jumalpa.com\/wp-content\/uploads\/2019\/08\/20190319_173743-150x150.jpg\" class=\"attachment-thumbnail size-thumbnail\" alt=\"\" srcset=\"https:\/\/jumalpa.com\/wp-content\/uploads\/2019\/08\/20190319_173743-150x150.jpg 150w, https:\/\/jumalpa.com\/wp-content\/uploads\/2019\/08\/20190319_173743-48x48.jpg 48w, https:\/\/jumalpa.com\/wp-content\/uploads\/2019\/08\/20190319_173743-186x186.jpg 186w, https:\/\/jumalpa.com\/wp-content\/uploads\/2019\/08\/20190319_173743-184x184.jpg 184w\" sizes=\"100vw\" \/><\/a>\n\t\t\t<\/div><\/figure><figure class='gallery-item'>\n\t\t\t<div class='gallery-icon landscape'>\n\t\t\t\t<a href='https:\/\/jumalpa.com\/wp-content\/uploads\/2019\/08\/IMG_7330.jpg'><img loading=\"lazy\" decoding=\"async\" width=\"150\" height=\"150\" src=\"https:\/\/jumalpa.com\/wp-content\/uploads\/2019\/08\/IMG_7330-150x150.jpg\" class=\"attachment-thumbnail size-thumbnail\" alt=\"\" srcset=\"https:\/\/jumalpa.com\/wp-content\/uploads\/2019\/08\/IMG_7330-150x150.jpg 150w, https:\/\/jumalpa.com\/wp-content\/uploads\/2019\/08\/IMG_7330-48x48.jpg 48w, https:\/\/jumalpa.com\/wp-content\/uploads\/2019\/08\/IMG_7330-186x186.jpg 186w, https:\/\/jumalpa.com\/wp-content\/uploads\/2019\/08\/IMG_7330-184x184.jpg 184w\" sizes=\"100vw\" \/><\/a>\n\t\t\t<\/div><\/figure><figure class='gallery-item'>\n\t\t\t<div class='gallery-icon landscape'>\n\t\t\t\t<a href='https:\/\/jumalpa.com\/wp-content\/uploads\/2019\/08\/PerrisSierraNevada0419-15.jpg'><img loading=\"lazy\" decoding=\"async\" width=\"150\" height=\"150\" src=\"https:\/\/jumalpa.com\/wp-content\/uploads\/2019\/08\/PerrisSierraNevada0419-15-150x150.jpg\" class=\"attachment-thumbnail size-thumbnail\" alt=\"\" srcset=\"https:\/\/jumalpa.com\/wp-content\/uploads\/2019\/08\/PerrisSierraNevada0419-15-150x150.jpg 150w, https:\/\/jumalpa.com\/wp-content\/uploads\/2019\/08\/PerrisSierraNevada0419-15-48x48.jpg 48w, https:\/\/jumalpa.com\/wp-content\/uploads\/2019\/08\/PerrisSierraNevada0419-15-186x186.jpg 186w, https:\/\/jumalpa.com\/wp-content\/uploads\/2019\/08\/PerrisSierraNevada0419-15-184x184.jpg 184w\" sizes=\"100vw\" \/><\/a>\n\t\t\t<\/div><\/figure><figure class='gallery-item'>\n\t\t\t<div class='gallery-icon landscape'>\n\t\t\t\t<a href='https:\/\/jumalpa.com\/wp-content\/uploads\/2019\/08\/IMG_7213.jpg'><img loading=\"lazy\" decoding=\"async\" width=\"150\" height=\"150\" src=\"https:\/\/jumalpa.com\/wp-content\/uploads\/2019\/08\/IMG_7213-150x150.jpg\" class=\"attachment-thumbnail size-thumbnail\" alt=\"\" srcset=\"https:\/\/jumalpa.com\/wp-content\/uploads\/2019\/08\/IMG_7213-150x150.jpg 150w, https:\/\/jumalpa.com\/wp-content\/uploads\/2019\/08\/IMG_7213-48x48.jpg 48w, https:\/\/jumalpa.com\/wp-content\/uploads\/2019\/08\/IMG_7213-186x186.jpg 186w, https:\/\/jumalpa.com\/wp-content\/uploads\/2019\/08\/IMG_7213-184x184.jpg 184w\" sizes=\"100vw\" \/><\/a>\n\t\t\t<\/div><\/figure><figure class='gallery-item'>\n\t\t\t<div class='gallery-icon landscape'>\n\t\t\t\t<a href='https:\/\/jumalpa.com\/wp-content\/uploads\/2022\/05\/SuiteSF0810-2-scaled.jpg'><img loading=\"lazy\" decoding=\"async\" width=\"150\" height=\"150\" src=\"https:\/\/jumalpa.com\/wp-content\/uploads\/2022\/05\/SuiteSF0810-2-150x150.jpg\" class=\"attachment-thumbnail size-thumbnail\" alt=\"\" sizes=\"100vw\" \/><\/a>\n\t\t\t<\/div><\/figure><figure class='gallery-item'>\n\t\t\t<div class='gallery-icon landscape'>\n\t\t\t\t<a href='https:\/\/jumalpa.com\/wp-content\/uploads\/2022\/05\/SuiteSF0810-3-scaled.jpg'><img loading=\"lazy\" decoding=\"async\" width=\"150\" height=\"150\" src=\"https:\/\/jumalpa.com\/wp-content\/uploads\/2022\/05\/SuiteSF0810-3-150x150.jpg\" class=\"attachment-thumbnail size-thumbnail\" alt=\"\" sizes=\"100vw\" \/><\/a>\n\t\t\t<\/div><\/figure><figure class='gallery-item'>\n\t\t\t<div class='gallery-icon landscape'>\n\t\t\t\t<a href='https:\/\/jumalpa.com\/wp-content\/uploads\/2022\/05\/SuiteSF0810-12-scaled.jpg'><img loading=\"lazy\" decoding=\"async\" width=\"150\" height=\"150\" src=\"https:\/\/jumalpa.com\/wp-content\/uploads\/2022\/05\/SuiteSF0810-12-150x150.jpg\" class=\"attachment-thumbnail size-thumbnail\" alt=\"\" sizes=\"100vw\" \/><\/a>\n\t\t\t<\/div><\/figure><figure class='gallery-item'>\n\t\t\t<div class='gallery-icon landscape'>\n\t\t\t\t<a href='https:\/\/jumalpa.com\/wp-content\/uploads\/2022\/05\/EntrenoSuite0820-13-scaled.jpg'><img loading=\"lazy\" decoding=\"async\" width=\"150\" height=\"150\" src=\"https:\/\/jumalpa.com\/wp-content\/uploads\/2022\/05\/EntrenoSuite0820-13-150x150.jpg\" class=\"attachment-thumbnail size-thumbnail\" alt=\"\" sizes=\"100vw\" \/><\/a>\n\t\t\t<\/div><\/figure><figure class='gallery-item'>\n\t\t\t<div class='gallery-icon portrait'>\n\t\t\t\t<a href='https:\/\/jumalpa.com\/wp-content\/uploads\/2022\/05\/EntrenoSuite0820-14-scaled.jpg'><img loading=\"lazy\" decoding=\"async\" width=\"150\" height=\"150\" src=\"https:\/\/jumalpa.com\/wp-content\/uploads\/2022\/05\/EntrenoSuite0820-14-150x150.jpg\" class=\"attachment-thumbnail size-thumbnail\" alt=\"\" sizes=\"100vw\" \/><\/a>\n\t\t\t<\/div><\/figure><figure class='gallery-item'>\n\t\t\t<div class='gallery-icon landscape'>\n\t\t\t\t<a href='https:\/\/jumalpa.com\/wp-content\/uploads\/2022\/05\/EntrenoSuite0820-20-scaled.jpg'><img loading=\"lazy\" decoding=\"async\" width=\"150\" height=\"150\" src=\"https:\/\/jumalpa.com\/wp-content\/uploads\/2022\/05\/EntrenoSuite0820-20-150x150.jpg\" class=\"attachment-thumbnail size-thumbnail\" alt=\"\" sizes=\"100vw\" \/><\/a>\n\t\t\t<\/div><\/figure><figure class='gallery-item'>\n\t\t\t<div class='gallery-icon landscape'>\n\t\t\t\t<a href='https:\/\/jumalpa.com\/wp-content\/uploads\/2022\/05\/EntrenoSuite0820-26-scaled.jpg'><img loading=\"lazy\" decoding=\"async\" width=\"150\" height=\"150\" src=\"https:\/\/jumalpa.com\/wp-content\/uploads\/2022\/05\/EntrenoSuite0820-26-150x150.jpg\" class=\"attachment-thumbnail size-thumbnail\" alt=\"\" sizes=\"100vw\" \/><\/a>\n\t\t\t<\/div><\/figure><figure class='gallery-item'>\n\t\t\t<div class='gallery-icon landscape'>\n\t\t\t\t<a href='https:\/\/jumalpa.com\/wp-content\/uploads\/2022\/05\/EntrenoSuite0820-28-scaled.jpg'><img loading=\"lazy\" decoding=\"async\" width=\"150\" height=\"150\" src=\"https:\/\/jumalpa.com\/wp-content\/uploads\/2022\/05\/EntrenoSuite0820-28-150x150.jpg\" class=\"attachment-thumbnail size-thumbnail\" alt=\"\" sizes=\"100vw\" \/><\/a>\n\t\t\t<\/div><\/figure><figure class='gallery-item'>\n\t\t\t<div class='gallery-icon landscape'>\n\t\t\t\t<a href='https:\/\/jumalpa.com\/wp-content\/uploads\/2022\/05\/Perris-Entrenando-0921-4-scaled.jpg'><img loading=\"lazy\" decoding=\"async\" width=\"150\" height=\"150\" src=\"https:\/\/jumalpa.com\/wp-content\/uploads\/2022\/05\/Perris-Entrenando-0921-4-150x150.jpg\" class=\"attachment-thumbnail size-thumbnail\" alt=\"\" sizes=\"100vw\" \/><\/a>\n\t\t\t<\/div><\/figure><figure class='gallery-item'>\n\t\t\t<div class='gallery-icon landscape'>\n\t\t\t\t<a href='https:\/\/jumalpa.com\/wp-content\/uploads\/2022\/05\/Perris-Entrenando-0921-3-scaled.jpg'><img loading=\"lazy\" decoding=\"async\" width=\"150\" height=\"150\" src=\"https:\/\/jumalpa.com\/wp-content\/uploads\/2022\/05\/Perris-Entrenando-0921-3-150x150.jpg\" class=\"attachment-thumbnail size-thumbnail\" alt=\"\" sizes=\"100vw\" \/><\/a>\n\t\t\t<\/div><\/figure>\n\t\t<\/div>\n\n<p>&nbsp;<\/p>\n","protected":false},"excerpt":{"rendered":"<p>Jumalpa SUITE Nacida el 2 de Septiembre del 2017 MAGIA x WELSHIRIVERDEE THAT,S MY BOY &#8211; ELLIOT RRC: 0163613 Tricolor Est\u00e1 libre de todas las enfermedades por MyDogDNA DISPLAXIA Y CODOS &#8211; Displaxia de Caderas: HD A\/A &#8211; Codos: ED O\/O COLORES Porta el Tricolor y el Diluido (Blue) Genealog\u00eda completa AQU\u00cd Ha practicado Obediencia &hellip; <\/p>\n<p class=\"link-more\"><a href=\"https:\/\/jumalpa.com\/?page_id=2196\" class=\"more-link\">Leer m\u00e1s<span class=\"screen-reader-text\"> \u00abSUITE\u00bb<\/span><\/a><\/p>\n","protected":false},"author":1,"featured_media":2247,"parent":33,"menu_order":0,"comment_status":"closed","ping_status":"closed","template":"","meta":{"footnotes":""},"class_list":["post-2196","page","type-page","status-publish","has-post-thumbnail","hentry"],"featured_media_urls":{"thumbnail":["https:\/\/jumalpa.com\/wp-content\/uploads\/2019\/08\/Suite-1118-1-150x150.jpg",150,150,true],"medium":["https:\/\/jumalpa.com\/wp-content\/uploads\/2019\/08\/Suite-1118-1-300x200.jpg",300,200,true],"medium_large":["https:\/\/jumalpa.com\/wp-content\/uploads\/2019\/08\/Suite-1118-1-768x512.jpg",768,512,true],"large":["https:\/\/jumalpa.com\/wp-content\/uploads\/2019\/08\/Suite-1118-1-1024x683.jpg",950,634,true],"1536x1536":["https:\/\/jumalpa.com\/wp-content\/uploads\/2019\/08\/Suite-1118-1-1536x1024.jpg",1536,1024,true],"2048x2048":["https:\/\/jumalpa.com\/wp-content\/uploads\/2019\/08\/Suite-1118-1-2048x1365.jpg",2048,1365,true],"inspiro-featured-image":["https:\/\/jumalpa.com\/wp-content\/uploads\/2019\/08\/Suite-1118-1-2000x1333.jpg",2000,1333,true],"inspiro-loop":["https:\/\/jumalpa.com\/wp-content\/uploads\/2019\/08\/Suite-1118-1-950x320.jpg",950,320,true],"inspiro-loop@2x":["https:\/\/jumalpa.com\/wp-content\/uploads\/2019\/08\/Suite-1118-1-1900x640.jpg",1900,640,true],"portfolio_item-thumbnail":["https:\/\/jumalpa.com\/wp-content\/uploads\/2019\/08\/Suite-1118-1-600x400.jpg",600,400,true],"portfolio_item-thumbnail@2x":["https:\/\/jumalpa.com\/wp-content\/uploads\/2019\/08\/Suite-1118-1-1200x800.jpg",1200,800,true],"portfolio_item-masonry":["https:\/\/jumalpa.com\/wp-content\/uploads\/2019\/08\/Suite-1118-1-600x400.jpg",600,400,true],"portfolio_item-masonry@2x":["https:\/\/jumalpa.com\/wp-content\/uploads\/2019\/08\/Suite-1118-1-1200x800.jpg",1200,800,true],"portfolio_item-thumbnail_cinema":["https:\/\/jumalpa.com\/wp-content\/uploads\/2019\/08\/Suite-1118-1-800x335.jpg",800,335,true],"portfolio_item-thumbnail_portrait":["https:\/\/jumalpa.com\/wp-content\/uploads\/2019\/08\/Suite-1118-1-600x900.jpg",600,900,true],"portfolio_item-thumbnail_portrait@2x":["https:\/\/jumalpa.com\/wp-content\/uploads\/2019\/08\/Suite-1118-1-1200x1800.jpg",1200,1800,true],"portfolio_item-thumbnail_square":["https:\/\/jumalpa.com\/wp-content\/uploads\/2019\/08\/Suite-1118-1-800x800.jpg",800,800,true]},"_links":{"self":[{"href":"https:\/\/jumalpa.com\/index.php?rest_route=\/wp\/v2\/pages\/2196","targetHints":{"allow":["GET"]}}],"collection":[{"href":"https:\/\/jumalpa.com\/index.php?rest_route=\/wp\/v2\/pages"}],"about":[{"href":"https:\/\/jumalpa.com\/index.php?rest_route=\/wp\/v2\/types\/page"}],"author":[{"embeddable":true,"href":"https:\/\/jumalpa.com\/index.php?rest_route=\/wp\/v2\/users\/1"}],"replies":[{"embeddable":true,"href":"https:\/\/jumalpa.com\/index.php?rest_route=%2Fwp%2Fv2%2Fcomments&post=2196"}],"version-history":[{"count":11,"href":"https:\/\/jumalpa.com\/index.php?rest_route=\/wp\/v2\/pages\/2196\/revisions"}],"predecessor-version":[{"id":2663,"href":"https:\/\/jumalpa.com\/index.php?rest_route=\/wp\/v2\/pages\/2196\/revisions\/2663"}],"up":[{"embeddable":true,"href":"https:\/\/jumalpa.com\/index.php?rest_route=\/wp\/v2\/pages\/33"}],"wp:featuredmedia":[{"embeddable":true,"href":"https:\/\/jumalpa.com\/index.php?rest_route=\/wp\/v2\/media\/2247"}],"wp:attachment":[{"href":"https:\/\/jumalpa.com\/index.php?rest_route=%2Fwp%2Fv2%2Fmedia&parent=2196"}],"curies":[{"name":"wp","href":"https:\/\/api.w.org\/{rel}","templated":true}]}}