{"id":1961,"date":"2016-11-28T16:13:38","date_gmt":"2016-11-28T16:13:38","guid":{"rendered":"http:\/\/jumalpa.com\/?page_id=1961"},"modified":"2016-11-28T16:13:38","modified_gmt":"2016-11-28T16:13:38","slug":"5a-semana-fotos-individuales","status":"publish","type":"page","link":"https:\/\/jumalpa.com\/?page_id=1961","title":{"rendered":"5\u00aa Semana &#8211; Fotos Individuales"},"content":{"rendered":"<p>Pues aqu\u00ed los pod\u00e9is ver ya m\u00e1s creciditos, con sus 5 semanitas.<\/p>\n<h3><strong>MACHOS<\/strong><\/h3>\n\n<p>&nbsp;<\/p>\n<h3><strong>HEMBRAS<\/strong><\/h3>\n\n","protected":false},"excerpt":{"rendered":"<p>Pues aqu\u00ed los pod\u00e9is ver ya m\u00e1s creciditos, con sus 5 semanitas. MACHOS &nbsp; HEMBRAS<\/p>\n","protected":false},"author":1,"featured_media":0,"parent":1771,"menu_order":0,"comment_status":"closed","ping_status":"closed","template":"page-full.php","meta":{"footnotes":""},"class_list":["post-1961","page","type-page","status-publish","hentry"],"featured_media_urls":[],"_links":{"self":[{"href":"https:\/\/jumalpa.com\/index.php?rest_route=\/wp\/v2\/pages\/1961","targetHints":{"allow":["GET"]}}],"collection":[{"href":"https:\/\/jumalpa.com\/index.php?rest_route=\/wp\/v2\/pages"}],"about":[{"href":"https:\/\/jumalpa.com\/index.php?rest_route=\/wp\/v2\/types\/page"}],"author":[{"embeddable":true,"href":"https:\/\/jumalpa.com\/index.php?rest_route=\/wp\/v2\/users\/1"}],"replies":[{"embeddable":true,"href":"https:\/\/jumalpa.com\/index.php?rest_route=%2Fwp%2Fv2%2Fcomments&post=1961"}],"version-history":[{"count":1,"href":"https:\/\/jumalpa.com\/index.php?rest_route=\/wp\/v2\/pages\/1961\/revisions"}],"predecessor-version":[{"id":2003,"href":"https:\/\/jumalpa.com\/index.php?rest_route=\/wp\/v2\/pages\/1961\/revisions\/2003"}],"up":[{"embeddable":true,"href":"https:\/\/jumalpa.com\/index.php?rest_route=\/wp\/v2\/pages\/1771"}],"wp:attachment":[{"href":"https:\/\/jumalpa.com\/index.php?rest_route=%2Fwp%2Fv2%2Fmedia&parent=1961"}],"curies":[{"name":"wp","href":"https:\/\/api.w.org\/{rel}","templated":true}]}}