{"id":192,"date":"2014-07-17T18:02:35","date_gmt":"2014-07-17T18:02:35","guid":{"rendered":"http:\/\/jumalpa.com\/?page_id=192"},"modified":"2022-05-25T14:18:39","modified_gmt":"2022-05-25T14:18:39","slug":"magia","status":"publish","type":"page","link":"https:\/\/jumalpa.com\/?page_id=192","title":{"rendered":"MAGIA"},"content":{"rendered":"<h3><strong>MAGIA<\/strong><\/h3>\n<p><em><strong>Nacida el 9-09-2011<br \/>\n<\/strong><\/em><strong>RRC 0133296<\/strong><br \/>\n<em>Lineas de Pastoreo la Coloma y Arostegui<\/em><\/p>\n<p><strong><em>Libre de:\u00a0 Certificado por Laboklin y Optigen\u00a0<\/em><\/strong><br \/>\n<strong>MDR1<\/strong> &#8211; Sensibilidade Medicamentos del gen mdr1<br \/>\n<strong>TNS<\/strong> &#8211;\u00a0 S\u00edndrome de Neutrofilo Atrapado<br \/>\n<strong>CEA<\/strong> &#8211; Anomal\u00eda de ojo del Collie<br \/>\n<strong>CNL<\/strong> &#8211; Lipofuscinosis Ceroide Neuronal<br \/>\n<strong>DM<\/strong> &#8211; Mielopat\u00eda degenerativa<br \/>\n<strong>MH<\/strong> &#8211; Hipertermia Maligna<br \/>\n<strong>IGS<\/strong> &#8211; S\u00edndrome de Imerlund<br \/>\n<strong>GLAUCOMA<\/strong><br \/>\nDisplaxia de Caderas: <strong>HD A\/A<\/strong><br \/>\nCodos: <strong>ED O\/O<\/strong><\/p>\n<p><em><strong>Ha practicado Obediencia Deportiva hasta Clase 1, Agility (amater), Habilidades Caninas, Disc Dog y Dog Dancing.<\/strong><\/em><\/p>\n<p><em><strong>Ha realizado 2 Exhibiciones de Dog Dancing en las Exposiciones Internacionales de Madrid en 2018 y 2019 en IFEMA.<\/strong><\/em><\/p>\n<p>&nbsp;<\/p>\n<div id='gallery-1' class='gallery galleryid-192 gallery-columns-4 gallery-size-thumbnail'><figure class='gallery-item'>\n\t\t\t<div class='gallery-icon landscape'>\n\t\t\t\t<a href='https:\/\/jumalpa.com\/wp-content\/uploads\/2014\/07\/1392874_537783662972647_2070323212_n.jpg'><img decoding=\"async\" width=\"150\" height=\"150\" src=\"https:\/\/jumalpa.com\/wp-content\/uploads\/2014\/07\/1392874_537783662972647_2070323212_n-150x150.jpg\" class=\"attachment-thumbnail size-thumbnail\" alt=\"\" srcset=\"https:\/\/jumalpa.com\/wp-content\/uploads\/2014\/07\/1392874_537783662972647_2070323212_n-150x150.jpg 150w, https:\/\/jumalpa.com\/wp-content\/uploads\/2014\/07\/1392874_537783662972647_2070323212_n-48x48.jpg 48w, https:\/\/jumalpa.com\/wp-content\/uploads\/2014\/07\/1392874_537783662972647_2070323212_n-186x186.jpg 186w, https:\/\/jumalpa.com\/wp-content\/uploads\/2014\/07\/1392874_537783662972647_2070323212_n-184x184.jpg 184w\" sizes=\"100vw\" \/><\/a>\n\t\t\t<\/div><\/figure><figure class='gallery-item'>\n\t\t\t<div class='gallery-icon portrait'>\n\t\t\t\t<a href='https:\/\/jumalpa.com\/wp-content\/uploads\/2014\/07\/MG_3469-copyC.jpg'><img decoding=\"async\" width=\"150\" height=\"150\" src=\"https:\/\/jumalpa.com\/wp-content\/uploads\/2014\/07\/MG_3469-copyC-150x150.jpg\" class=\"attachment-thumbnail size-thumbnail\" alt=\"\" srcset=\"https:\/\/jumalpa.com\/wp-content\/uploads\/2014\/07\/MG_3469-copyC-150x150.jpg 150w, https:\/\/jumalpa.com\/wp-content\/uploads\/2014\/07\/MG_3469-copyC-48x48.jpg 48w, https:\/\/jumalpa.com\/wp-content\/uploads\/2014\/07\/MG_3469-copyC-186x186.jpg 186w, https:\/\/jumalpa.com\/wp-content\/uploads\/2014\/07\/MG_3469-copyC-184x184.jpg 184w\" sizes=\"100vw\" \/><\/a>\n\t\t\t<\/div><\/figure><figure class='gallery-item'>\n\t\t\t<div class='gallery-icon landscape'>\n\t\t\t\t<a href='https:\/\/jumalpa.com\/wp-content\/uploads\/2014\/07\/magia-32.jpg'><img decoding=\"async\" width=\"150\" height=\"150\" src=\"https:\/\/jumalpa.com\/wp-content\/uploads\/2014\/07\/magia-32-150x150.jpg\" class=\"attachment-thumbnail size-thumbnail\" alt=\"\" srcset=\"https:\/\/jumalpa.com\/wp-content\/uploads\/2014\/07\/magia-32-150x150.jpg 150w, https:\/\/jumalpa.com\/wp-content\/uploads\/2014\/07\/magia-32-48x48.jpg 48w, https:\/\/jumalpa.com\/wp-content\/uploads\/2014\/07\/magia-32-186x186.jpg 186w, https:\/\/jumalpa.com\/wp-content\/uploads\/2014\/07\/magia-32-184x184.jpg 184w\" sizes=\"100vw\" \/><\/a>\n\t\t\t<\/div><\/figure><figure class='gallery-item'>\n\t\t\t<div class='gallery-icon landscape'>\n\t\t\t\t<a href='https:\/\/jumalpa.com\/wp-content\/uploads\/2014\/07\/magia-45.jpg'><img loading=\"lazy\" decoding=\"async\" width=\"150\" height=\"150\" src=\"https:\/\/jumalpa.com\/wp-content\/uploads\/2014\/07\/magia-45-150x150.jpg\" class=\"attachment-thumbnail size-thumbnail\" alt=\"\" srcset=\"https:\/\/jumalpa.com\/wp-content\/uploads\/2014\/07\/magia-45-150x150.jpg 150w, https:\/\/jumalpa.com\/wp-content\/uploads\/2014\/07\/magia-45-48x48.jpg 48w, https:\/\/jumalpa.com\/wp-content\/uploads\/2014\/07\/magia-45-186x186.jpg 186w, https:\/\/jumalpa.com\/wp-content\/uploads\/2014\/07\/magia-45-184x184.jpg 184w\" sizes=\"100vw\" \/><\/a>\n\t\t\t<\/div><\/figure><figure class='gallery-item'>\n\t\t\t<div class='gallery-icon landscape'>\n\t\t\t\t<a href='https:\/\/jumalpa.com\/wp-content\/uploads\/2014\/07\/magia-44.jpg'><img loading=\"lazy\" decoding=\"async\" width=\"150\" height=\"150\" src=\"https:\/\/jumalpa.com\/wp-content\/uploads\/2014\/07\/magia-44-150x150.jpg\" class=\"attachment-thumbnail size-thumbnail\" alt=\"\" srcset=\"https:\/\/jumalpa.com\/wp-content\/uploads\/2014\/07\/magia-44-150x150.jpg 150w, https:\/\/jumalpa.com\/wp-content\/uploads\/2014\/07\/magia-44-48x48.jpg 48w, https:\/\/jumalpa.com\/wp-content\/uploads\/2014\/07\/magia-44-186x186.jpg 186w, https:\/\/jumalpa.com\/wp-content\/uploads\/2014\/07\/magia-44-184x184.jpg 184w\" sizes=\"100vw\" \/><\/a>\n\t\t\t<\/div><\/figure><figure class='gallery-item'>\n\t\t\t<div class='gallery-icon landscape'>\n\t\t\t\t<a href='https:\/\/jumalpa.com\/wp-content\/uploads\/2014\/07\/MG_3439-copyC.jpg'><img loading=\"lazy\" decoding=\"async\" width=\"150\" height=\"150\" src=\"https:\/\/jumalpa.com\/wp-content\/uploads\/2014\/07\/MG_3439-copyC-150x150.jpg\" class=\"attachment-thumbnail size-thumbnail\" alt=\"\" srcset=\"https:\/\/jumalpa.com\/wp-content\/uploads\/2014\/07\/MG_3439-copyC-150x150.jpg 150w, https:\/\/jumalpa.com\/wp-content\/uploads\/2014\/07\/MG_3439-copyC-48x48.jpg 48w, https:\/\/jumalpa.com\/wp-content\/uploads\/2014\/07\/MG_3439-copyC-186x186.jpg 186w, https:\/\/jumalpa.com\/wp-content\/uploads\/2014\/07\/MG_3439-copyC-184x184.jpg 184w\" sizes=\"100vw\" \/><\/a>\n\t\t\t<\/div><\/figure><figure class='gallery-item'>\n\t\t\t<div class='gallery-icon landscape'>\n\t\t\t\t<a href='https:\/\/jumalpa.com\/wp-content\/uploads\/2014\/07\/Magia-30.jpg'><img loading=\"lazy\" decoding=\"async\" width=\"150\" height=\"150\" src=\"https:\/\/jumalpa.com\/wp-content\/uploads\/2014\/07\/Magia-30-150x150.jpg\" class=\"attachment-thumbnail size-thumbnail\" alt=\"\" srcset=\"https:\/\/jumalpa.com\/wp-content\/uploads\/2014\/07\/Magia-30-150x150.jpg 150w, https:\/\/jumalpa.com\/wp-content\/uploads\/2014\/07\/Magia-30-48x48.jpg 48w, https:\/\/jumalpa.com\/wp-content\/uploads\/2014\/07\/Magia-30-186x186.jpg 186w, https:\/\/jumalpa.com\/wp-content\/uploads\/2014\/07\/Magia-30-184x184.jpg 184w\" sizes=\"100vw\" \/><\/a>\n\t\t\t<\/div><\/figure><figure class='gallery-item'>\n\t\t\t<div class='gallery-icon portrait'>\n\t\t\t\t<a href='https:\/\/jumalpa.com\/wp-content\/uploads\/2014\/07\/0314magiayo1c.jpg'><img loading=\"lazy\" decoding=\"async\" width=\"150\" height=\"150\" src=\"https:\/\/jumalpa.com\/wp-content\/uploads\/2014\/07\/0314magiayo1c-150x150.jpg\" class=\"attachment-thumbnail size-thumbnail\" alt=\"\" srcset=\"https:\/\/jumalpa.com\/wp-content\/uploads\/2014\/07\/0314magiayo1c-150x150.jpg 150w, https:\/\/jumalpa.com\/wp-content\/uploads\/2014\/07\/0314magiayo1c-48x48.jpg 48w, https:\/\/jumalpa.com\/wp-content\/uploads\/2014\/07\/0314magiayo1c-186x186.jpg 186w, https:\/\/jumalpa.com\/wp-content\/uploads\/2014\/07\/0314magiayo1c-184x184.jpg 184w\" sizes=\"100vw\" \/><\/a>\n\t\t\t<\/div><\/figure><figure class='gallery-item'>\n\t\t\t<div class='gallery-icon landscape'>\n\t\t\t\t<a href='https:\/\/jumalpa.com\/wp-content\/uploads\/2014\/07\/011magia3c.jpg'><img loading=\"lazy\" decoding=\"async\" width=\"150\" height=\"150\" src=\"https:\/\/jumalpa.com\/wp-content\/uploads\/2014\/07\/011magia3c-150x150.jpg\" class=\"attachment-thumbnail size-thumbnail\" alt=\"\" srcset=\"https:\/\/jumalpa.com\/wp-content\/uploads\/2014\/07\/011magia3c-150x150.jpg 150w, https:\/\/jumalpa.com\/wp-content\/uploads\/2014\/07\/011magia3c-48x48.jpg 48w, https:\/\/jumalpa.com\/wp-content\/uploads\/2014\/07\/011magia3c-186x186.jpg 186w, https:\/\/jumalpa.com\/wp-content\/uploads\/2014\/07\/011magia3c-184x184.jpg 184w\" sizes=\"100vw\" \/><\/a>\n\t\t\t<\/div><\/figure><figure class='gallery-item'>\n\t\t\t<div class='gallery-icon portrait'>\n\t\t\t\t<a href='https:\/\/jumalpa.com\/wp-content\/uploads\/2014\/07\/1212magia3rr.jpg'><img loading=\"lazy\" decoding=\"async\" width=\"150\" height=\"150\" src=\"https:\/\/jumalpa.com\/wp-content\/uploads\/2014\/07\/1212magia3rr-150x150.jpg\" class=\"attachment-thumbnail size-thumbnail\" alt=\"\" srcset=\"https:\/\/jumalpa.com\/wp-content\/uploads\/2014\/07\/1212magia3rr-150x150.jpg 150w, https:\/\/jumalpa.com\/wp-content\/uploads\/2014\/07\/1212magia3rr-48x48.jpg 48w, https:\/\/jumalpa.com\/wp-content\/uploads\/2014\/07\/1212magia3rr-186x186.jpg 186w, https:\/\/jumalpa.com\/wp-content\/uploads\/2014\/07\/1212magia3rr-184x184.jpg 184w\" sizes=\"100vw\" \/><\/a>\n\t\t\t<\/div><\/figure><figure class='gallery-item'>\n\t\t\t<div class='gallery-icon portrait'>\n\t\t\t\t<a href='https:\/\/jumalpa.com\/wp-content\/uploads\/2014\/07\/01Magia1.jpg'><img loading=\"lazy\" decoding=\"async\" width=\"150\" height=\"150\" src=\"https:\/\/jumalpa.com\/wp-content\/uploads\/2014\/07\/01Magia1-150x150.jpg\" class=\"attachment-thumbnail size-thumbnail\" alt=\"\" srcset=\"https:\/\/jumalpa.com\/wp-content\/uploads\/2014\/07\/01Magia1-150x150.jpg 150w, https:\/\/jumalpa.com\/wp-content\/uploads\/2014\/07\/01Magia1-48x48.jpg 48w, https:\/\/jumalpa.com\/wp-content\/uploads\/2014\/07\/01Magia1-186x186.jpg 186w, https:\/\/jumalpa.com\/wp-content\/uploads\/2014\/07\/01Magia1-184x184.jpg 184w\" sizes=\"100vw\" \/><\/a>\n\t\t\t<\/div><\/figure><figure class='gallery-item'>\n\t\t\t<div class='gallery-icon landscape'>\n\t\t\t\t<a href='https:\/\/jumalpa.com\/wp-content\/uploads\/2014\/07\/P1250957.jpg'><img loading=\"lazy\" decoding=\"async\" width=\"150\" height=\"150\" src=\"https:\/\/jumalpa.com\/wp-content\/uploads\/2014\/07\/P1250957-150x150.jpg\" class=\"attachment-thumbnail size-thumbnail\" alt=\"\" srcset=\"https:\/\/jumalpa.com\/wp-content\/uploads\/2014\/07\/P1250957-150x150.jpg 150w, https:\/\/jumalpa.com\/wp-content\/uploads\/2014\/07\/P1250957-48x48.jpg 48w, https:\/\/jumalpa.com\/wp-content\/uploads\/2014\/07\/P1250957-186x186.jpg 186w, https:\/\/jumalpa.com\/wp-content\/uploads\/2014\/07\/P1250957-184x184.jpg 184w\" sizes=\"100vw\" \/><\/a>\n\t\t\t<\/div><\/figure><figure class='gallery-item'>\n\t\t\t<div class='gallery-icon landscape'>\n\t\t\t\t<a href='https:\/\/jumalpa.com\/wp-content\/uploads\/2014\/07\/0113perris1c.jpg'><img loading=\"lazy\" decoding=\"async\" width=\"150\" height=\"150\" src=\"https:\/\/jumalpa.com\/wp-content\/uploads\/2014\/07\/0113perris1c-150x150.jpg\" class=\"attachment-thumbnail size-thumbnail\" alt=\"\" srcset=\"https:\/\/jumalpa.com\/wp-content\/uploads\/2014\/07\/0113perris1c-150x150.jpg 150w, https:\/\/jumalpa.com\/wp-content\/uploads\/2014\/07\/0113perris1c-48x48.jpg 48w, https:\/\/jumalpa.com\/wp-content\/uploads\/2014\/07\/0113perris1c-186x186.jpg 186w, https:\/\/jumalpa.com\/wp-content\/uploads\/2014\/07\/0113perris1c-184x184.jpg 184w\" sizes=\"100vw\" \/><\/a>\n\t\t\t<\/div><\/figure><figure class='gallery-item'>\n\t\t\t<div class='gallery-icon landscape'>\n\t\t\t\t<a href='https:\/\/jumalpa.com\/wp-content\/uploads\/2014\/07\/0514magia2.jpg'><img loading=\"lazy\" decoding=\"async\" width=\"150\" height=\"150\" src=\"https:\/\/jumalpa.com\/wp-content\/uploads\/2014\/07\/0514magia2-150x150.jpg\" class=\"attachment-thumbnail size-thumbnail\" alt=\"\" srcset=\"https:\/\/jumalpa.com\/wp-content\/uploads\/2014\/07\/0514magia2-150x150.jpg 150w, https:\/\/jumalpa.com\/wp-content\/uploads\/2014\/07\/0514magia2-48x48.jpg 48w, https:\/\/jumalpa.com\/wp-content\/uploads\/2014\/07\/0514magia2-186x186.jpg 186w, https:\/\/jumalpa.com\/wp-content\/uploads\/2014\/07\/0514magia2-184x184.jpg 184w\" sizes=\"100vw\" \/><\/a>\n\t\t\t<\/div><\/figure><figure class='gallery-item'>\n\t\t\t<div class='gallery-icon landscape'>\n\t\t\t\t<a href='https:\/\/jumalpa.com\/wp-content\/uploads\/2014\/07\/tobi1.jpg'><img loading=\"lazy\" decoding=\"async\" width=\"150\" height=\"150\" src=\"https:\/\/jumalpa.com\/wp-content\/uploads\/2014\/07\/tobi1-150x150.jpg\" class=\"attachment-thumbnail size-thumbnail\" alt=\"\" srcset=\"https:\/\/jumalpa.com\/wp-content\/uploads\/2014\/07\/tobi1-150x150.jpg 150w, https:\/\/jumalpa.com\/wp-content\/uploads\/2014\/07\/tobi1-48x48.jpg 48w, https:\/\/jumalpa.com\/wp-content\/uploads\/2014\/07\/tobi1-186x186.jpg 186w, https:\/\/jumalpa.com\/wp-content\/uploads\/2014\/07\/tobi1-184x184.jpg 184w\" sizes=\"100vw\" \/><\/a>\n\t\t\t<\/div><\/figure><figure class='gallery-item'>\n\t\t\t<div class='gallery-icon landscape'>\n\t\t\t\t<a href='https:\/\/jumalpa.com\/wp-content\/uploads\/2014\/07\/TOBI.jpg'><img loading=\"lazy\" decoding=\"async\" width=\"150\" height=\"150\" src=\"https:\/\/jumalpa.com\/wp-content\/uploads\/2014\/07\/TOBI-150x150.jpg\" class=\"attachment-thumbnail size-thumbnail\" alt=\"\" aria-describedby=\"gallery-1-952\" srcset=\"https:\/\/jumalpa.com\/wp-content\/uploads\/2014\/07\/TOBI-150x150.jpg 150w, https:\/\/jumalpa.com\/wp-content\/uploads\/2014\/07\/TOBI-48x48.jpg 48w, https:\/\/jumalpa.com\/wp-content\/uploads\/2014\/07\/TOBI-186x186.jpg 186w, https:\/\/jumalpa.com\/wp-content\/uploads\/2014\/07\/TOBI-184x184.jpg 184w\" sizes=\"100vw\" \/><\/a>\n\t\t\t<\/div>\n\t\t\t\t<figcaption class='wp-caption-text gallery-caption' id='gallery-1-952'>\n\t\t\t\tSu padre\n\t\t\t\t<\/figcaption><\/figure><figure class='gallery-item'>\n\t\t\t<div class='gallery-icon landscape'>\n\t\t\t\t<a href='https:\/\/jumalpa.com\/wp-content\/uploads\/2014\/07\/fqny.jpg'><img loading=\"lazy\" decoding=\"async\" width=\"150\" height=\"150\" src=\"https:\/\/jumalpa.com\/wp-content\/uploads\/2014\/07\/fqny-150x150.jpg\" class=\"attachment-thumbnail size-thumbnail\" alt=\"\" aria-describedby=\"gallery-1-950\" srcset=\"https:\/\/jumalpa.com\/wp-content\/uploads\/2014\/07\/fqny-150x150.jpg 150w, https:\/\/jumalpa.com\/wp-content\/uploads\/2014\/07\/fqny-48x48.jpg 48w, https:\/\/jumalpa.com\/wp-content\/uploads\/2014\/07\/fqny-186x186.jpg 186w, https:\/\/jumalpa.com\/wp-content\/uploads\/2014\/07\/fqny-184x184.jpg 184w\" sizes=\"100vw\" \/><\/a>\n\t\t\t<\/div>\n\t\t\t\t<figcaption class='wp-caption-text gallery-caption' id='gallery-1-950'>\n\t\t\t\tSu madre\n\t\t\t\t<\/figcaption><\/figure><figure class='gallery-item'>\n\t\t\t<div class='gallery-icon landscape'>\n\t\t\t\t<a href='https:\/\/jumalpa.com\/wp-content\/uploads\/2014\/07\/magia1.jpg'><img loading=\"lazy\" decoding=\"async\" width=\"150\" height=\"150\" src=\"https:\/\/jumalpa.com\/wp-content\/uploads\/2014\/07\/magia1-150x150.jpg\" class=\"attachment-thumbnail size-thumbnail\" alt=\"\" aria-describedby=\"gallery-1-951\" srcset=\"https:\/\/jumalpa.com\/wp-content\/uploads\/2014\/07\/magia1-150x150.jpg 150w, https:\/\/jumalpa.com\/wp-content\/uploads\/2014\/07\/magia1-48x48.jpg 48w, https:\/\/jumalpa.com\/wp-content\/uploads\/2014\/07\/magia1-186x186.jpg 186w, https:\/\/jumalpa.com\/wp-content\/uploads\/2014\/07\/magia1-184x184.jpg 184w\" sizes=\"100vw\" \/><\/a>\n\t\t\t<\/div>\n\t\t\t\t<figcaption class='wp-caption-text gallery-caption' id='gallery-1-951'>\n\t\t\t\tCon 2 meses\n\t\t\t\t<\/figcaption><\/figure>\n\t\t<\/div>\n\n<p>&nbsp;<\/p>\n","protected":false},"excerpt":{"rendered":"<p>MAGIA Nacida el 9-09-2011 RRC 0133296 Lineas de Pastoreo la Coloma y Arostegui Libre de:\u00a0 Certificado por Laboklin y Optigen\u00a0 MDR1 &#8211; Sensibilidade Medicamentos del gen mdr1 TNS &#8211;\u00a0 S\u00edndrome de Neutrofilo Atrapado CEA &#8211; Anomal\u00eda de ojo del Collie CNL &#8211; Lipofuscinosis Ceroide Neuronal DM &#8211; Mielopat\u00eda degenerativa MH &#8211; Hipertermia Maligna IGS &#8211; &hellip; <\/p>\n<p class=\"link-more\"><a href=\"https:\/\/jumalpa.com\/?page_id=192\" class=\"more-link\">Leer m\u00e1s<span class=\"screen-reader-text\"> \u00abMAGIA\u00bb<\/span><\/a><\/p>\n","protected":false},"author":1,"featured_media":2095,"parent":33,"menu_order":0,"comment_status":"closed","ping_status":"closed","template":"","meta":{"footnotes":""},"class_list":["post-192","page","type-page","status-publish","has-post-thumbnail","hentry"],"featured_media_urls":{"thumbnail":["https:\/\/jumalpa.com\/wp-content\/uploads\/2014\/07\/1392874_537783662972647_2070323212_n-150x150.jpg",150,150,true],"medium":["https:\/\/jumalpa.com\/wp-content\/uploads\/2014\/07\/1392874_537783662972647_2070323212_n-300x200.jpg",300,200,true],"medium_large":["https:\/\/jumalpa.com\/wp-content\/uploads\/2014\/07\/1392874_537783662972647_2070323212_n-768x511.jpg",768,511,true],"large":["https:\/\/jumalpa.com\/wp-content\/uploads\/2014\/07\/1392874_537783662972647_2070323212_n.jpg",950,632,false],"1536x1536":["https:\/\/jumalpa.com\/wp-content\/uploads\/2014\/07\/1392874_537783662972647_2070323212_n.jpg",960,639,false],"2048x2048":["https:\/\/jumalpa.com\/wp-content\/uploads\/2014\/07\/1392874_537783662972647_2070323212_n.jpg",960,639,false],"inspiro-featured-image":["https:\/\/jumalpa.com\/wp-content\/uploads\/2014\/07\/1392874_537783662972647_2070323212_n.jpg",960,639,false],"inspiro-loop":["https:\/\/jumalpa.com\/wp-content\/uploads\/2014\/07\/1392874_537783662972647_2070323212_n-950x320.jpg",950,320,true],"inspiro-loop@2x":["https:\/\/jumalpa.com\/wp-content\/uploads\/2014\/07\/1392874_537783662972647_2070323212_n.jpg",960,639,false],"portfolio_item-thumbnail":["https:\/\/jumalpa.com\/wp-content\/uploads\/2014\/07\/1392874_537783662972647_2070323212_n-600x400.jpg",600,400,true],"portfolio_item-thumbnail@2x":["https:\/\/jumalpa.com\/wp-content\/uploads\/2014\/07\/1392874_537783662972647_2070323212_n.jpg",960,639,false],"portfolio_item-masonry":["https:\/\/jumalpa.com\/wp-content\/uploads\/2014\/07\/1392874_537783662972647_2070323212_n-600x399.jpg",600,399,true],"portfolio_item-masonry@2x":["https:\/\/jumalpa.com\/wp-content\/uploads\/2014\/07\/1392874_537783662972647_2070323212_n.jpg",960,639,false],"portfolio_item-thumbnail_cinema":["https:\/\/jumalpa.com\/wp-content\/uploads\/2014\/07\/1392874_537783662972647_2070323212_n-800x335.jpg",800,335,true],"portfolio_item-thumbnail_portrait":["https:\/\/jumalpa.com\/wp-content\/uploads\/2014\/07\/1392874_537783662972647_2070323212_n-600x639.jpg",600,639,true],"portfolio_item-thumbnail_portrait@2x":["https:\/\/jumalpa.com\/wp-content\/uploads\/2014\/07\/1392874_537783662972647_2070323212_n.jpg",960,639,false],"portfolio_item-thumbnail_square":["https:\/\/jumalpa.com\/wp-content\/uploads\/2014\/07\/1392874_537783662972647_2070323212_n-800x639.jpg",800,639,true]},"_links":{"self":[{"href":"https:\/\/jumalpa.com\/index.php?rest_route=\/wp\/v2\/pages\/192","targetHints":{"allow":["GET"]}}],"collection":[{"href":"https:\/\/jumalpa.com\/index.php?rest_route=\/wp\/v2\/pages"}],"about":[{"href":"https:\/\/jumalpa.com\/index.php?rest_route=\/wp\/v2\/types\/page"}],"author":[{"embeddable":true,"href":"https:\/\/jumalpa.com\/index.php?rest_route=\/wp\/v2\/users\/1"}],"replies":[{"embeddable":true,"href":"https:\/\/jumalpa.com\/index.php?rest_route=%2Fwp%2Fv2%2Fcomments&post=192"}],"version-history":[{"count":10,"href":"https:\/\/jumalpa.com\/index.php?rest_route=\/wp\/v2\/pages\/192\/revisions"}],"predecessor-version":[{"id":2387,"href":"https:\/\/jumalpa.com\/index.php?rest_route=\/wp\/v2\/pages\/192\/revisions\/2387"}],"up":[{"embeddable":true,"href":"https:\/\/jumalpa.com\/index.php?rest_route=\/wp\/v2\/pages\/33"}],"wp:featuredmedia":[{"embeddable":true,"href":"https:\/\/jumalpa.com\/index.php?rest_route=\/wp\/v2\/media\/2095"}],"wp:attachment":[{"href":"https:\/\/jumalpa.com\/index.php?rest_route=%2Fwp%2Fv2%2Fmedia&parent=192"}],"curies":[{"name":"wp","href":"https:\/\/api.w.org\/{rel}","templated":true}]}}