{"id":1912,"date":"2016-11-21T16:46:50","date_gmt":"2016-11-21T16:46:50","guid":{"rendered":"http:\/\/jumalpa.com\/?page_id=1912"},"modified":"2016-11-21T22:32:28","modified_gmt":"2016-11-21T22:32:28","slug":"4a-semana","status":"publish","type":"page","link":"https:\/\/jumalpa.com\/?page_id=1912","title":{"rendered":"4\u00aa Semana"},"content":{"rendered":"<p>Nuestros cachorretes est\u00e1n cada d\u00eda m\u00e1s bonitos y m\u00e1s activos. Ya han comenzado los juegos entre ellos y las interacciones con otras cosas.<br \/>\nComienza la diversi\u00f3n !!!<\/p>\n<div id='gallery-1' class='gallery galleryid-1912 gallery-columns-3 gallery-size-thumbnail'><figure class='gallery-item'>\n\t\t\t<div class='gallery-icon landscape'>\n\t\t\t\t<a href='https:\/\/jumalpa.com\/wp-content\/uploads\/2016\/11\/Cachorros11164s-21.jpg'><img decoding=\"async\" width=\"150\" height=\"150\" src=\"https:\/\/jumalpa.com\/wp-content\/uploads\/2016\/11\/Cachorros11164s-21-150x150.jpg\" class=\"attachment-thumbnail size-thumbnail\" alt=\"\" aria-describedby=\"gallery-1-1924\" srcset=\"https:\/\/jumalpa.com\/wp-content\/uploads\/2016\/11\/Cachorros11164s-21-150x150.jpg 150w, https:\/\/jumalpa.com\/wp-content\/uploads\/2016\/11\/Cachorros11164s-21-48x48.jpg 48w, https:\/\/jumalpa.com\/wp-content\/uploads\/2016\/11\/Cachorros11164s-21-186x186.jpg 186w, https:\/\/jumalpa.com\/wp-content\/uploads\/2016\/11\/Cachorros11164s-21-184x184.jpg 184w, https:\/\/jumalpa.com\/wp-content\/uploads\/2016\/11\/Cachorros11164s-21-800x800.jpg 800w\" sizes=\"100vw\" \/><\/a>\n\t\t\t<\/div>\n\t\t\t\t<figcaption class='wp-caption-text gallery-caption' id='gallery-1-1924'>\n\t\t\t\tGEELAH y GHADAA achuchando a GHAZI\n\t\t\t\t<\/figcaption><\/figure>\n\t\t<\/div>\n\n","protected":false},"excerpt":{"rendered":"<p>Nuestros cachorretes est\u00e1n cada d\u00eda m\u00e1s bonitos y m\u00e1s activos. Ya han comenzado los juegos entre ellos y las interacciones con otras cosas. Comienza la diversi\u00f3n !!!<\/p>\n","protected":false},"author":1,"featured_media":0,"parent":1771,"menu_order":0,"comment_status":"closed","ping_status":"closed","template":"page-full.php","meta":{"footnotes":""},"class_list":["post-1912","page","type-page","status-publish","hentry"],"featured_media_urls":[],"_links":{"self":[{"href":"https:\/\/jumalpa.com\/index.php?rest_route=\/wp\/v2\/pages\/1912","targetHints":{"allow":["GET"]}}],"collection":[{"href":"https:\/\/jumalpa.com\/index.php?rest_route=\/wp\/v2\/pages"}],"about":[{"href":"https:\/\/jumalpa.com\/index.php?rest_route=\/wp\/v2\/types\/page"}],"author":[{"embeddable":true,"href":"https:\/\/jumalpa.com\/index.php?rest_route=\/wp\/v2\/users\/1"}],"replies":[{"embeddable":true,"href":"https:\/\/jumalpa.com\/index.php?rest_route=%2Fwp%2Fv2%2Fcomments&post=1912"}],"version-history":[{"count":1,"href":"https:\/\/jumalpa.com\/index.php?rest_route=\/wp\/v2\/pages\/1912\/revisions"}],"predecessor-version":[{"id":1956,"href":"https:\/\/jumalpa.com\/index.php?rest_route=\/wp\/v2\/pages\/1912\/revisions\/1956"}],"up":[{"embeddable":true,"href":"https:\/\/jumalpa.com\/index.php?rest_route=\/wp\/v2\/pages\/1771"}],"wp:attachment":[{"href":"https:\/\/jumalpa.com\/index.php?rest_route=%2Fwp%2Fv2%2Fmedia&parent=1912"}],"curies":[{"name":"wp","href":"https:\/\/api.w.org\/{rel}","templated":true}]}}