{"id":1860,"date":"2016-11-13T19:27:28","date_gmt":"2016-11-13T19:27:28","guid":{"rendered":"http:\/\/jumalpa.com\/?page_id=1860"},"modified":"2016-11-28T16:38:05","modified_gmt":"2016-11-28T16:38:05","slug":"3a-semana-fotos-individuales","status":"publish","type":"page","link":"https:\/\/jumalpa.com\/?page_id=1860","title":{"rendered":"3\u00aa Semana &#8211; Fotos Individuales"},"content":{"rendered":"<p style=\"text-align: justify;\">En este album, pod\u00e9is ver las fotos de nuestros peque\u00f1ines con 3 semanas. Han cambiado mucho en una semana y ya con sus manchitas m\u00e1s acentuadas, estan m\u00e1s preciosos a\u00fan.<\/p>\n<p style=\"text-align: justify;\">Algunos de los cachorros, tienen las manchitas m\u00e1s suaves, y probablemente, ser\u00e1n LUA, libres del gen de los C\u00e1lculos de Uretra. Pero con el tiempo, conforme van creciendo se van haciendo m\u00e1s intensas, y de adultos no se aprecia apenas la diferencia con un Dalmata que no sea LUA. Ya lo confirmaremos con las pruebas.<\/p>\n\n","protected":false},"excerpt":{"rendered":"<p>En este album, pod\u00e9is ver las fotos de nuestros peque\u00f1ines con 3 semanas. Han cambiado mucho en una semana y ya con sus manchitas m\u00e1s acentuadas, estan m\u00e1s preciosos a\u00fan. Algunos de los cachorros, tienen las manchitas m\u00e1s suaves, y probablemente, ser\u00e1n LUA, libres del gen de los C\u00e1lculos de Uretra. Pero con el tiempo, &hellip; <\/p>\n<p class=\"link-more\"><a href=\"https:\/\/jumalpa.com\/?page_id=1860\" class=\"more-link\">Leer m\u00e1s<span class=\"screen-reader-text\"> \u00ab3\u00aa Semana &#8211; Fotos Individuales\u00bb<\/span><\/a><\/p>\n","protected":false},"author":1,"featured_media":0,"parent":1771,"menu_order":0,"comment_status":"closed","ping_status":"closed","template":"page-full.php","meta":{"footnotes":""},"class_list":["post-1860","page","type-page","status-publish","hentry"],"featured_media_urls":[],"_links":{"self":[{"href":"https:\/\/jumalpa.com\/index.php?rest_route=\/wp\/v2\/pages\/1860","targetHints":{"allow":["GET"]}}],"collection":[{"href":"https:\/\/jumalpa.com\/index.php?rest_route=\/wp\/v2\/pages"}],"about":[{"href":"https:\/\/jumalpa.com\/index.php?rest_route=\/wp\/v2\/types\/page"}],"author":[{"embeddable":true,"href":"https:\/\/jumalpa.com\/index.php?rest_route=\/wp\/v2\/users\/1"}],"replies":[{"embeddable":true,"href":"https:\/\/jumalpa.com\/index.php?rest_route=%2Fwp%2Fv2%2Fcomments&post=1860"}],"version-history":[{"count":3,"href":"https:\/\/jumalpa.com\/index.php?rest_route=\/wp\/v2\/pages\/1860\/revisions"}],"predecessor-version":[{"id":2006,"href":"https:\/\/jumalpa.com\/index.php?rest_route=\/wp\/v2\/pages\/1860\/revisions\/2006"}],"up":[{"embeddable":true,"href":"https:\/\/jumalpa.com\/index.php?rest_route=\/wp\/v2\/pages\/1771"}],"wp:attachment":[{"href":"https:\/\/jumalpa.com\/index.php?rest_route=%2Fwp%2Fv2%2Fmedia&parent=1860"}],"curies":[{"name":"wp","href":"https:\/\/api.w.org\/{rel}","templated":true}]}}