{"id":1494,"date":"2016-02-07T18:03:50","date_gmt":"2016-02-07T18:03:50","guid":{"rendered":"http:\/\/jumalpa.com\/?page_id=1494"},"modified":"2016-02-13T20:59:37","modified_gmt":"2016-02-13T20:59:37","slug":"5a-semana-fotos-individuales","status":"publish","type":"page","link":"https:\/\/jumalpa.com\/?page_id=1494","title":{"rendered":"5\u00aa Semana &#8211; Fotos Individuales"},"content":{"rendered":"<p>Estas son fotitos individuales de los cachorretes en su 5\u00aa semana. Adem\u00e1s aparecen los que est\u00e1n reservados y los que a\u00fan est\u00e1n disponibles.<\/p>\n\n","protected":false},"excerpt":{"rendered":"<p>Estas son fotitos individuales de los cachorretes en su 5\u00aa semana. Adem\u00e1s aparecen los que est\u00e1n reservados y los que a\u00fan est\u00e1n disponibles.<\/p>\n","protected":false},"author":1,"featured_media":0,"parent":1227,"menu_order":0,"comment_status":"closed","ping_status":"closed","template":"page-full.php","meta":{"footnotes":""},"class_list":["post-1494","page","type-page","status-publish","hentry"],"featured_media_urls":[],"_links":{"self":[{"href":"https:\/\/jumalpa.com\/index.php?rest_route=\/wp\/v2\/pages\/1494","targetHints":{"allow":["GET"]}}],"collection":[{"href":"https:\/\/jumalpa.com\/index.php?rest_route=\/wp\/v2\/pages"}],"about":[{"href":"https:\/\/jumalpa.com\/index.php?rest_route=\/wp\/v2\/types\/page"}],"author":[{"embeddable":true,"href":"https:\/\/jumalpa.com\/index.php?rest_route=\/wp\/v2\/users\/1"}],"replies":[{"embeddable":true,"href":"https:\/\/jumalpa.com\/index.php?rest_route=%2Fwp%2Fv2%2Fcomments&post=1494"}],"version-history":[{"count":3,"href":"https:\/\/jumalpa.com\/index.php?rest_route=\/wp\/v2\/pages\/1494\/revisions"}],"predecessor-version":[{"id":1510,"href":"https:\/\/jumalpa.com\/index.php?rest_route=\/wp\/v2\/pages\/1494\/revisions\/1510"}],"up":[{"embeddable":true,"href":"https:\/\/jumalpa.com\/index.php?rest_route=\/wp\/v2\/pages\/1227"}],"wp:attachment":[{"href":"https:\/\/jumalpa.com\/index.php?rest_route=%2Fwp%2Fv2%2Fmedia&parent=1494"}],"curies":[{"name":"wp","href":"https:\/\/api.w.org\/{rel}","templated":true}]}}