{"id":1477,"date":"2016-02-07T17:53:48","date_gmt":"2016-02-07T17:53:48","guid":{"rendered":"http:\/\/jumalpa.com\/?page_id=1477"},"modified":"2016-02-07T17:53:48","modified_gmt":"2016-02-07T17:53:48","slug":"4a-semana","status":"publish","type":"page","link":"https:\/\/jumalpa.com\/?page_id=1477","title":{"rendered":"4\u00aa Semana"},"content":{"rendered":"<p style=\"text-align: justify;\">Nuestros cachorros comienzan a tener m\u00e1s movilidad y ser m\u00e1s curiosos y juguetones. Aqu\u00ed pod\u00e9is ver fotitos de esta semana, donde ya empiezan a interactuar con los juguetes.<\/p>\n\n","protected":false},"excerpt":{"rendered":"<p>Nuestros cachorros comienzan a tener m\u00e1s movilidad y ser m\u00e1s curiosos y juguetones. Aqu\u00ed pod\u00e9is ver fotitos de esta semana, donde ya empiezan a interactuar con los juguetes.<\/p>\n","protected":false},"author":1,"featured_media":0,"parent":1227,"menu_order":0,"comment_status":"closed","ping_status":"closed","template":"page-full.php","meta":{"footnotes":""},"class_list":["post-1477","page","type-page","status-publish","hentry"],"featured_media_urls":[],"_links":{"self":[{"href":"https:\/\/jumalpa.com\/index.php?rest_route=\/wp\/v2\/pages\/1477","targetHints":{"allow":["GET"]}}],"collection":[{"href":"https:\/\/jumalpa.com\/index.php?rest_route=\/wp\/v2\/pages"}],"about":[{"href":"https:\/\/jumalpa.com\/index.php?rest_route=\/wp\/v2\/types\/page"}],"author":[{"embeddable":true,"href":"https:\/\/jumalpa.com\/index.php?rest_route=\/wp\/v2\/users\/1"}],"replies":[{"embeddable":true,"href":"https:\/\/jumalpa.com\/index.php?rest_route=%2Fwp%2Fv2%2Fcomments&post=1477"}],"version-history":[{"count":1,"href":"https:\/\/jumalpa.com\/index.php?rest_route=\/wp\/v2\/pages\/1477\/revisions"}],"predecessor-version":[{"id":1493,"href":"https:\/\/jumalpa.com\/index.php?rest_route=\/wp\/v2\/pages\/1477\/revisions\/1493"}],"up":[{"embeddable":true,"href":"https:\/\/jumalpa.com\/index.php?rest_route=\/wp\/v2\/pages\/1227"}],"wp:attachment":[{"href":"https:\/\/jumalpa.com\/index.php?rest_route=%2Fwp%2Fv2%2Fmedia&parent=1477"}],"curies":[{"name":"wp","href":"https:\/\/api.w.org\/{rel}","templated":true}]}}