{"id":1254,"date":"2015-08-31T21:38:12","date_gmt":"2015-08-31T21:38:12","guid":{"rendered":"http:\/\/jumalpa.com\/?page_id=1254"},"modified":"2022-05-29T11:21:31","modified_gmt":"2022-05-29T11:21:31","slug":"malinois","status":"publish","type":"page","link":"https:\/\/jumalpa.com\/?page_id=1254","title":{"rendered":"Malinois"},"content":{"rendered":"<h3><strong>KEYWA<\/strong><\/h3>\n<p><a href=\"https:\/\/jumalpa.com\/?page_id=1257\" rel=\"noopener noreferrer\"><img fetchpriority=\"high\" decoding=\"async\" class=\"alignleft wp-image-2113 size-large\" src=\"https:\/\/jumalpa.com\/wp-content\/uploads\/2015\/08\/Keywa-0317-1-1024x683.jpg\" alt=\"\" width=\"950\" height=\"634\" srcset=\"https:\/\/jumalpa.com\/wp-content\/uploads\/2015\/08\/Keywa-0317-1-1024x683.jpg 1024w, https:\/\/jumalpa.com\/wp-content\/uploads\/2015\/08\/Keywa-0317-1-300x200.jpg 300w, https:\/\/jumalpa.com\/wp-content\/uploads\/2015\/08\/Keywa-0317-1-768x512.jpg 768w, https:\/\/jumalpa.com\/wp-content\/uploads\/2015\/08\/Keywa-0317-1-140x94.jpg 140w\" sizes=\"(max-width: 950px) 100vw, 950px\" \/><\/a><\/p>\n<h6><strong><em>Clicka en la foto para ver m\u00e1s info y fotos<\/em><\/strong><\/h6>\n<p>&nbsp;<\/p>\n","protected":false},"excerpt":{"rendered":"<p>Os presentamos a KEYWA, nuestra hembrita de Pastor Belga Malinois.<br \/>\nUna adorable diablilla carbonada, que nos tiene enamorados y con la que vamos a disfrutar un mot\u00f3n con su formaci\u00f3n, ya que ser\u00e1 una futura promesa de la Obediencia !!!<\/p>\n","protected":false},"author":1,"featured_media":1615,"parent":0,"menu_order":0,"comment_status":"closed","ping_status":"closed","template":"","meta":{"footnotes":""},"class_list":["post-1254","page","type-page","status-publish","has-post-thumbnail","hentry"],"featured_media_urls":{"thumbnail":["https:\/\/jumalpa.com\/wp-content\/uploads\/2015\/08\/keywa04161c2-150x150.jpg",150,150,true],"medium":["https:\/\/jumalpa.com\/wp-content\/uploads\/2015\/08\/keywa04161c2-300x171.jpg",300,171,true],"medium_large":["https:\/\/jumalpa.com\/wp-content\/uploads\/2015\/08\/keywa04161c2-768x438.jpg",768,438,true],"large":["https:\/\/jumalpa.com\/wp-content\/uploads\/2015\/08\/keywa04161c2-1024x584.jpg",950,542,true],"1536x1536":["https:\/\/jumalpa.com\/wp-content\/uploads\/2015\/08\/keywa04161c2-1536x876.jpg",1536,876,true],"2048x2048":["https:\/\/jumalpa.com\/wp-content\/uploads\/2015\/08\/keywa04161c2-2048x1168.jpg",2048,1168,true],"inspiro-featured-image":["https:\/\/jumalpa.com\/wp-content\/uploads\/2015\/08\/keywa04161c2-2000x1141.jpg",2000,1141,true],"inspiro-loop":["https:\/\/jumalpa.com\/wp-content\/uploads\/2015\/08\/keywa04161c2-950x320.jpg",950,320,true],"inspiro-loop@2x":["https:\/\/jumalpa.com\/wp-content\/uploads\/2015\/08\/keywa04161c2-1900x640.jpg",1900,640,true],"portfolio_item-thumbnail":["https:\/\/jumalpa.com\/wp-content\/uploads\/2015\/08\/keywa04161c2-600x400.jpg",600,400,true],"portfolio_item-thumbnail@2x":["https:\/\/jumalpa.com\/wp-content\/uploads\/2015\/08\/keywa04161c2-1200x800.jpg",1200,800,true],"portfolio_item-masonry":["https:\/\/jumalpa.com\/wp-content\/uploads\/2015\/08\/keywa04161c2-600x342.jpg",600,342,true],"portfolio_item-masonry@2x":["https:\/\/jumalpa.com\/wp-content\/uploads\/2015\/08\/keywa04161c2-1200x684.jpg",1200,684,true],"portfolio_item-thumbnail_cinema":["https:\/\/jumalpa.com\/wp-content\/uploads\/2015\/08\/keywa04161c2-800x335.jpg",800,335,true],"portfolio_item-thumbnail_portrait":["https:\/\/jumalpa.com\/wp-content\/uploads\/2015\/08\/keywa04161c2-600x900.jpg",600,900,true],"portfolio_item-thumbnail_portrait@2x":["https:\/\/jumalpa.com\/wp-content\/uploads\/2015\/08\/keywa04161c2-1200x1426.jpg",1200,1426,true],"portfolio_item-thumbnail_square":["https:\/\/jumalpa.com\/wp-content\/uploads\/2015\/08\/keywa04161c2-800x800.jpg",800,800,true]},"_links":{"self":[{"href":"https:\/\/jumalpa.com\/index.php?rest_route=\/wp\/v2\/pages\/1254","targetHints":{"allow":["GET"]}}],"collection":[{"href":"https:\/\/jumalpa.com\/index.php?rest_route=\/wp\/v2\/pages"}],"about":[{"href":"https:\/\/jumalpa.com\/index.php?rest_route=\/wp\/v2\/types\/page"}],"author":[{"embeddable":true,"href":"https:\/\/jumalpa.com\/index.php?rest_route=\/wp\/v2\/users\/1"}],"replies":[{"embeddable":true,"href":"https:\/\/jumalpa.com\/index.php?rest_route=%2Fwp%2Fv2%2Fcomments&post=1254"}],"version-history":[{"count":10,"href":"https:\/\/jumalpa.com\/index.php?rest_route=\/wp\/v2\/pages\/1254\/revisions"}],"predecessor-version":[{"id":2403,"href":"https:\/\/jumalpa.com\/index.php?rest_route=\/wp\/v2\/pages\/1254\/revisions\/2403"}],"wp:featuredmedia":[{"embeddable":true,"href":"https:\/\/jumalpa.com\/index.php?rest_route=\/wp\/v2\/media\/1615"}],"wp:attachment":[{"href":"https:\/\/jumalpa.com\/index.php?rest_route=%2Fwp%2Fv2%2Fmedia&parent=1254"}],"curies":[{"name":"wp","href":"https:\/\/api.w.org\/{rel}","templated":true}]}}